{"id":695096,"date":"2025-08-27T14:26:13","date_gmt":"2025-08-27T11:26:13","guid":{"rendered":"https:\/\/roveyayinevi.com.tr\/index.php\/urun\/100-soruda-turk-halk-edebiyati\/"},"modified":"2026-04-16T02:05:02","modified_gmt":"2026-04-15T23:05:02","slug":"100-soruda-turk-halk-edebiyati","status":"publish","type":"product","link":"https:\/\/roveyayinevi.com.tr\/index.php\/urun\/100-soruda-turk-halk-edebiyati\/","title":{"rendered":"100 Soruda T\u00fcrk Halk Edebiyat\u0131"},"content":{"rendered":"<p>Pertev Naili Boratav 1907 G\u00fcm\u00fclc\u00fcne Dandere Zlatograd Bulgaristan 1998 Paris Bu kitap halkbilimin \u00f6nemli ama k\u00fc\u00e7\u00fcc\u00fck bir dal\u0131 olan halk edebiyat\u0131 hakk\u0131ndad\u0131r. Halk edebiyat\u0131n\u0131n b\u00fct\u00fcn y\u00f6nleri hakk\u0131nda bilgi edinmek isteyenler i\u00e7in \u00f6nemli kaynaklardan biridir.Konunun yetkin uzman\u0131 oldu\u011fu d\u00fcnyaca kabul edilmi\u015f olan Pertev Naili Boratav bu kitapta T\u00fcrk halk edebiyat\u0131n\u0131 a\u015f\u0131k edebiyat\u0131 destan hikaye meddahl\u0131k masal f\u0131kra efsane bilmece atalars\u00f6z\u00fc alk\u0131\u015f karg\u0131\u015f tekerleme mani t\u00fcrk\u00fc seyirlik halk oyunlar\u0131 ba\u015fl\u0131klar\u0131 alt\u0131nda incelemektedir. <\/p>\n","protected":false},"excerpt":{"rendered":"<p>Pertev Naili Boratav 1907 G\u00fcm\u00fclc\u00fcne Dandere Zlatograd Bulgaristan 1998 Paris Bu kitap halkbilimin \u00f6nemli ama k\u00fc\u00e7\u00fcc\u00fck bir dal\u0131 olan halk edebiyat\u0131 hakk\u0131ndad\u0131r. Halk edebiyat\u0131n\u0131n b\u00fct\u00fcn y\u00f6nleri<span class=\"excerpt-hellip\"> [\u2026]<\/span><\/p>\n","protected":false},"featured_media":0,"template":"","meta":{"_monsterinsights_skip_tracking":false,"_monsterinsights_sitenote_active":false,"_monsterinsights_sitenote_note":"","_monsterinsights_sitenote_category":0},"product_brand":[],"product_cat":[12291,12711],"product_tag":[],"class_list":{"0":"post-695096","1":"product","2":"type-product","3":"status-publish","5":"product_cat-edebiyat","6":"product_cat-roman-oyku","7":"pa_cilt-ciltsiz","8":"pa_tur-kitap","9":"pa_yayinevi-bilgesu-yayincilik","10":"pa_yazar-pertev-naili-boratav","12":"first","13":"instock","14":"sale","15":"shipping-taxable","16":"purchasable","17":"product-type-simple"},"_links":{"self":[{"href":"https:\/\/roveyayinevi.com.tr\/index.php\/wp-json\/wp\/v2\/product\/695096","targetHints":{"allow":["GET"]}}],"collection":[{"href":"https:\/\/roveyayinevi.com.tr\/index.php\/wp-json\/wp\/v2\/product"}],"about":[{"href":"https:\/\/roveyayinevi.com.tr\/index.php\/wp-json\/wp\/v2\/types\/product"}],"wp:attachment":[{"href":"https:\/\/roveyayinevi.com.tr\/index.php\/wp-json\/wp\/v2\/media?parent=695096"}],"wp:term":[{"taxonomy":"product_brand","embeddable":true,"href":"https:\/\/roveyayinevi.com.tr\/index.php\/wp-json\/wp\/v2\/product_brand?post=695096"},{"taxonomy":"product_cat","embeddable":true,"href":"https:\/\/roveyayinevi.com.tr\/index.php\/wp-json\/wp\/v2\/product_cat?post=695096"},{"taxonomy":"product_tag","embeddable":true,"href":"https:\/\/roveyayinevi.com.tr\/index.php\/wp-json\/wp\/v2\/product_tag?post=695096"}],"curies":[{"name":"wp","href":"https:\/\/api.w.org\/{rel}","templated":true}]}}