{"id":695095,"date":"2025-08-27T14:26:12","date_gmt":"2025-08-27T11:26:12","guid":{"rendered":"https:\/\/roveyayinevi.com.tr\/index.php\/urun\/100-soruda-turk-folkloru\/"},"modified":"2026-04-16T02:05:02","modified_gmt":"2026-04-15T23:05:02","slug":"100-soruda-turk-folkloru","status":"publish","type":"product","link":"https:\/\/roveyayinevi.com.tr\/index.php\/urun\/100-soruda-turk-folkloru\/","title":{"rendered":"100 Soruda T\u00fcrk Folkloru"},"content":{"rendered":"<p>Pertev Naili Boratav 1907 G\u00fcm\u00fclc\u00fcne Dandere Zlatograd Bulgaristan 1998 Paris Bu kitap bir\u00e7ok bilimlerin kav\u015fak yerinde bulunan ya da onlarla bir\u00e7ok konular\u0131 ortakla\u015fa payla\u015fan bir bilim olan folklor halkbilim hakk\u0131ndad\u0131r. T\u00fcrk halkbiliminin b\u00fct\u00fcn y\u00f6nleriyle ele al\u0131nd\u0131\u011f\u0131 bir ilk denemedir. Kitapta evrenin olu\u015fumu do\u011fa olaylar\u0131 ola\u011fan\u00fcst\u00fc varl\u0131klar ile olgular bunlar\u0131 etkileme \u00e7abalar\u0131 do\u011fum s\u00fcnnet okula ba\u015flama \u00f6l\u00fcm gibi bireylik ayr\u0131ca dini bayramlar k\u00f6y bayramlar\u0131 yat\u0131r ziyaretleri gibi toplumluk \u00e7e\u015fitli t\u00f6renler oyun oyuncak gibi \u00e7e\u015fitli konular ele al\u0131nmaktad\u0131r. <\/p>\n","protected":false},"excerpt":{"rendered":"<p>Pertev Naili Boratav 1907 G\u00fcm\u00fclc\u00fcne Dandere Zlatograd Bulgaristan 1998 Paris Bu kitap bir\u00e7ok bilimlerin kav\u015fak yerinde bulunan ya da onlarla bir\u00e7ok konular\u0131 ortakla\u015fa payla\u015fan bir bilim<span class=\"excerpt-hellip\"> [\u2026]<\/span><\/p>\n","protected":false},"featured_media":0,"template":"","meta":{"_monsterinsights_skip_tracking":false,"_monsterinsights_sitenote_active":false,"_monsterinsights_sitenote_note":"","_monsterinsights_sitenote_category":0},"product_brand":[],"product_cat":[12291,12711],"product_tag":[],"class_list":{"0":"post-695095","1":"product","2":"type-product","3":"status-publish","5":"product_cat-edebiyat","6":"product_cat-roman-oyku","7":"pa_cilt-ciltsiz","8":"pa_tur-kitap","9":"pa_yayinevi-bilgesu-yayincilik","10":"pa_yazar-pertev-naili-boratav","12":"first","13":"instock","14":"sale","15":"shipping-taxable","16":"purchasable","17":"product-type-simple"},"_links":{"self":[{"href":"https:\/\/roveyayinevi.com.tr\/index.php\/wp-json\/wp\/v2\/product\/695095","targetHints":{"allow":["GET"]}}],"collection":[{"href":"https:\/\/roveyayinevi.com.tr\/index.php\/wp-json\/wp\/v2\/product"}],"about":[{"href":"https:\/\/roveyayinevi.com.tr\/index.php\/wp-json\/wp\/v2\/types\/product"}],"wp:attachment":[{"href":"https:\/\/roveyayinevi.com.tr\/index.php\/wp-json\/wp\/v2\/media?parent=695095"}],"wp:term":[{"taxonomy":"product_brand","embeddable":true,"href":"https:\/\/roveyayinevi.com.tr\/index.php\/wp-json\/wp\/v2\/product_brand?post=695095"},{"taxonomy":"product_cat","embeddable":true,"href":"https:\/\/roveyayinevi.com.tr\/index.php\/wp-json\/wp\/v2\/product_cat?post=695095"},{"taxonomy":"product_tag","embeddable":true,"href":"https:\/\/roveyayinevi.com.tr\/index.php\/wp-json\/wp\/v2\/product_tag?post=695095"}],"curies":[{"name":"wp","href":"https:\/\/api.w.org\/{rel}","templated":true}]}}