{"id":695093,"date":"2025-08-27T14:26:12","date_gmt":"2025-08-27T11:26:12","guid":{"rendered":"https:\/\/roveyayinevi.com.tr\/index.php\/urun\/cocuk\/"},"modified":"2026-04-16T02:05:02","modified_gmt":"2026-04-15T23:05:02","slug":"cocuk","status":"publish","type":"product","link":"https:\/\/roveyayinevi.com.tr\/index.php\/urun\/cocuk\/","title":{"rendered":"\u00c7ocuk"},"content":{"rendered":"<p>Affedersin, ama sen nesin?   Ben ne miyim?  dedim.  Evet, sen hangi hayvans\u0131n?   Ohooo, \u015fu annemin hep s\u00f6z\u00fcn\u00fc etti\u011fi do\u011fan\u0131n derinliklerinde olmal\u0131y\u0131m; zavall\u0131 koyun, hayat\u0131nda hi\u00e7 \u00e7ocuk g\u00f6rmemi\u015f!  diye d\u00fc\u015f\u00fcnd\u00fcm.  Ben hayvan de\u011filim,  dedim.  Ben Leonard\u2019\u0131m.   Leopar m\u0131s\u0131n?  diye sordu koyun.  Hay\u0131r, Leonard benim ad\u0131m. Senin ad\u0131n ne mesela?   Koyun.   Peki.  Koyun beni koklamaya ba\u015flad\u0131 ve \u00e7ok tuhaf bir soru sordu:  Sen ne i\u015fe yarars\u0131n?  Colas Gutman\u2019dan, \u00e7ocuk olmak \u00fczerine e\u011flenceli bir hik\u00e2ye. <\/p>\n","protected":false},"excerpt":{"rendered":"<p>Affedersin, ama sen nesin? Ben ne miyim? dedim. Evet, sen hangi hayvans\u0131n? Ohooo, \u015fu annemin hep s\u00f6z\u00fcn\u00fc etti\u011fi do\u011fan\u0131n derinliklerinde olmal\u0131y\u0131m; zavall\u0131 koyun, hayat\u0131nda hi\u00e7 \u00e7ocuk<span class=\"excerpt-hellip\"> [\u2026]<\/span><\/p>\n","protected":false},"featured_media":0,"template":"","meta":{"_monsterinsights_skip_tracking":false,"_monsterinsights_sitenote_active":false,"_monsterinsights_sitenote_note":"","_monsterinsights_sitenote_category":0},"product_brand":[],"product_cat":[12274,12284],"product_tag":[],"class_list":{"0":"post-695093","1":"product","2":"type-product","3":"status-publish","5":"product_cat-cocuk-ve-genclik-kitaplari","6":"product_cat-hikayeler","7":"pa_cilt-ciltsiz","8":"pa_tur-kitap","9":"pa_yayinevi-iletisim-yayinlari","10":"pa_yazar-colas-gutman","12":"first","13":"instock","14":"sale","15":"shipping-taxable","16":"purchasable","17":"product-type-simple"},"_links":{"self":[{"href":"https:\/\/roveyayinevi.com.tr\/index.php\/wp-json\/wp\/v2\/product\/695093","targetHints":{"allow":["GET"]}}],"collection":[{"href":"https:\/\/roveyayinevi.com.tr\/index.php\/wp-json\/wp\/v2\/product"}],"about":[{"href":"https:\/\/roveyayinevi.com.tr\/index.php\/wp-json\/wp\/v2\/types\/product"}],"wp:attachment":[{"href":"https:\/\/roveyayinevi.com.tr\/index.php\/wp-json\/wp\/v2\/media?parent=695093"}],"wp:term":[{"taxonomy":"product_brand","embeddable":true,"href":"https:\/\/roveyayinevi.com.tr\/index.php\/wp-json\/wp\/v2\/product_brand?post=695093"},{"taxonomy":"product_cat","embeddable":true,"href":"https:\/\/roveyayinevi.com.tr\/index.php\/wp-json\/wp\/v2\/product_cat?post=695093"},{"taxonomy":"product_tag","embeddable":true,"href":"https:\/\/roveyayinevi.com.tr\/index.php\/wp-json\/wp\/v2\/product_tag?post=695093"}],"curies":[{"name":"wp","href":"https:\/\/api.w.org\/{rel}","templated":true}]}}