{"id":695088,"date":"2025-08-27T14:26:11","date_gmt":"2025-08-27T11:26:11","guid":{"rendered":"https:\/\/roveyayinevi.com.tr\/index.php\/urun\/ankara\/"},"modified":"2026-04-16T02:05:02","modified_gmt":"2026-04-15T23:05:02","slug":"ankara","status":"publish","type":"product","link":"https:\/\/roveyayinevi.com.tr\/index.php\/urun\/ankara\/","title":{"rendered":"Ankara"},"content":{"rendered":"<p>Mill\u00ee M\u00fccadele y\u0131llar\u0131nda hi\u00e7bir \u00e7\u0131kar g\u00f6zetmeksizin yurtlar\u0131 i\u00e7in \u00e7al\u0131\u015fan baz\u0131 subaylar\u0131n ve politikac\u0131lar\u0131n zaferden sonra \u201csermaye \u00e7evreleriyle ili\u015fkileri\u201d ya da \u201carsa spek\u00fclasyonu\u201d, \u201ctaahh\u00fct i\u015fi\u201d gibi giri\u015fimlerle zenginle\u015fmeleri, \u201cink\u0131lap\u201da bo\u015fvermeleri. Roman\u0131n kad\u0131n kahraman\u0131 Selma\u2019n\u0131n ya\u015fam\u0131 izlenerek Mill\u00ee M\u00fccadele inanc\u0131n\u0131n ate\u015fli d\u00f6nemleri ve sonras\u0131 anlat\u0131l\u0131yor.<\/p>\n","protected":false},"excerpt":{"rendered":"<p>Mill\u00ee M\u00fccadele y\u0131llar\u0131nda hi\u00e7bir \u00e7\u0131kar g\u00f6zetmeksizin yurtlar\u0131 i\u00e7in \u00e7al\u0131\u015fan baz\u0131 subaylar\u0131n ve politikac\u0131lar\u0131n zaferden sonra \u201csermaye \u00e7evreleriyle ili\u015fkileri\u201d ya da \u201carsa spek\u00fclasyonu\u201d, \u201ctaahh\u00fct i\u015fi\u201d gibi giri\u015fimlerle<span class=\"excerpt-hellip\"> [\u2026]<\/span><\/p>\n","protected":false},"featured_media":0,"template":"","meta":{"_monsterinsights_skip_tracking":false,"_monsterinsights_sitenote_active":false,"_monsterinsights_sitenote_note":"","_monsterinsights_sitenote_category":0},"product_brand":[],"product_cat":[12291,12292],"product_tag":[],"class_list":{"0":"post-695088","1":"product","2":"type-product","3":"status-publish","5":"product_cat-edebiyat","6":"product_cat-turk-edebiyati","7":"pa_cilt-ciltsiz","8":"pa_tur-kitap","9":"pa_yayinevi-iletisim-yayinlari","10":"pa_yazar-yakup-kadri-karaosmanoglu","12":"first","13":"instock","14":"sale","15":"shipping-taxable","16":"purchasable","17":"product-type-simple"},"_links":{"self":[{"href":"https:\/\/roveyayinevi.com.tr\/index.php\/wp-json\/wp\/v2\/product\/695088","targetHints":{"allow":["GET"]}}],"collection":[{"href":"https:\/\/roveyayinevi.com.tr\/index.php\/wp-json\/wp\/v2\/product"}],"about":[{"href":"https:\/\/roveyayinevi.com.tr\/index.php\/wp-json\/wp\/v2\/types\/product"}],"wp:attachment":[{"href":"https:\/\/roveyayinevi.com.tr\/index.php\/wp-json\/wp\/v2\/media?parent=695088"}],"wp:term":[{"taxonomy":"product_brand","embeddable":true,"href":"https:\/\/roveyayinevi.com.tr\/index.php\/wp-json\/wp\/v2\/product_brand?post=695088"},{"taxonomy":"product_cat","embeddable":true,"href":"https:\/\/roveyayinevi.com.tr\/index.php\/wp-json\/wp\/v2\/product_cat?post=695088"},{"taxonomy":"product_tag","embeddable":true,"href":"https:\/\/roveyayinevi.com.tr\/index.php\/wp-json\/wp\/v2\/product_tag?post=695088"}],"curies":[{"name":"wp","href":"https:\/\/api.w.org\/{rel}","templated":true}]}}