{"id":695086,"date":"2025-08-27T14:26:10","date_gmt":"2025-08-27T11:26:10","guid":{"rendered":"https:\/\/roveyayinevi.com.tr\/index.php\/urun\/modern-turkiyede-siyasi-dusunce-cilt-9-donemler-ve-zihniyetler-ciltli\/"},"modified":"2025-12-30T09:44:01","modified_gmt":"2025-12-30T06:44:01","slug":"modern-turkiyede-siyasi-dusunce-cilt-9-donemler-ve-zihniyetler-ciltli","status":"publish","type":"product","link":"https:\/\/roveyayinevi.com.tr\/index.php\/urun\/modern-turkiyede-siyasi-dusunce-cilt-9-donemler-ve-zihniyetler-ciltli\/","title":{"rendered":"Modern T\u00fcrkiye&#8217;de Siyasi D\u00fc\u015f\u00fcnce Cilt 9 &#8211; D\u00f6nemler ve Zihniyetler (Ciltli)"},"content":{"rendered":"<p>Modern T\u00fcrkiye\u2019de Siyas\u00ee D\u00fc\u015f\u00fcnce, Cumhuriyet T\u00fcrkiyesi\u2019ndeki belli ba\u015fl\u0131 d\u00fc\u015f\u00fcnce ak\u0131mlar\u0131n\u0131n, siyasal a\u00e7\u0131l\u0131mlar\u0131 ve etkilerini esas alarak, analitik bir de\u011ferlendirmesini hedefliyor. Her cildin ba\u011f\u0131ms\u0131z bir kitap kimli\u011fi de ta\u015f\u0131d\u0131\u011f\u0131 bu dokuz ciltlik edisyonda, d\u00fc\u015f\u00fcnsel y\u00f6nelimler, tart\u0131\u015fmalar\/polemikler, ideolojik s\u00f6ylemler, \u00fczerinde odakla\u015f\u0131lan izlekler, ayr\u0131ca bunlar\u0131n d\u00fc\u015f\u00fcnsel esin kaynaklar\u0131, d\u00f6nemler ve ak\u0131mlar boyunca etkisini hissettiren g\u00fc\u00e7l\u00fc zihniyet kal\u0131plar\u0131 mercek alt\u0131na al\u0131n\u0131yor. Ayr\u0131ca politik d\u00fc\u015f\u00fcnceye etkisi olan kurumlar, dergiler, d\u00fc\u015f\u00fcnce insanlar\u0131n\u0131n portreleri \u00e7\u0131kart\u0131l\u0131yor. Baz\u0131 konular\/sorunlar ise, farkl\u0131 ak\u0131mlar ba\u011flam\u0131nda ele al\u0131narak, de\u011fi\u015fik vecheleriyle inceleniyor. Ana ak\u0131mlar, d\u00f6neme damgas\u0131n\u0131 vurmu\u015f ideolojiler yan\u0131nda, \u201cmarjinal\u201d say\u0131lan aray\u0131\u015flar\u0131, savrulu\u015flar\u0131 da g\u00f6z ard\u0131 etmeden&#8230; Modern T\u00fcrkiye\u2019de Siyas\u00ee D\u00fc\u015f\u00fcnce dizisi D\u00f6nemler ve Zihniyetler cildi ile tamamlan\u0131yor. 19. y\u00fczy\u0131lda ba\u015flayan Osmanl\u0131-T\u00fcrk modernle\u015fmesi ve bunun siyasal d\u00fc\u015f\u00fcnce \u00e2lemi \u00fczerindeki etkisi farkl\u0131 kaynak tart\u0131\u015fma, akt\u00f6r ve hareketlerle ortaya konuyor. D\u00f6nemler ve Zihniyetler bu s\u00fcre\u00e7 i\u00e7erisinde ya\u015fanan farkl\u0131 tart\u0131\u015fmalar\u0131 ve bu tart\u0131\u015fmalar\u0131n akt\u0131\u011f\u0131 farkl\u0131 mecralar\u0131 bir araya getirirken, siyasal d\u00fc\u015f\u00fcnce d\u00fcnyam\u0131z\u0131n zenginlik, farkl\u0131l\u0131k ve \u201caraz\u201dlar\u0131n\u0131n bir d\u00f6k\u00fcm\u00fcn\u00fc sunuyor. Siyas\u00ee d\u00fc\u015f\u00fcnceye etki etmi\u015f ayd\u0131nlar; devlet zihniyeti; milliyet\u00e7ilik, \u0131rk\u00e7\u0131l\u0131k, fa\u015fizm; sol-sa\u011f, \u201cmerkez\u201d; K\u00fcrt sorunu; din, laiklik, \u0130sl\u00e2mc\u0131l\u0131k; kad\u0131nlar, toplumsal cinsiyet; bas\u0131n-medya, edebiyat, sanat; Bat\u0131-Do\u011fu; tabular&#8230; D\u00f6nemler ve Zihniyetler, siyas\u00ee d\u00fc\u015f\u00fcnceyi \u015fekillendiren tart\u0131\u015fmalar\u0131n kar\u015f\u0131la\u015ft\u0131rmal\u0131 bir muhasebesini sunuyor. <\/p>\n","protected":false},"excerpt":{"rendered":"<p>Modern T\u00fcrkiye\u2019de Siyas\u00ee D\u00fc\u015f\u00fcnce, Cumhuriyet T\u00fcrkiyesi\u2019ndeki belli ba\u015fl\u0131 d\u00fc\u015f\u00fcnce ak\u0131mlar\u0131n\u0131n, siyasal a\u00e7\u0131l\u0131mlar\u0131 ve etkilerini esas alarak, analitik bir de\u011ferlendirmesini hedefliyor. Her cildin ba\u011f\u0131ms\u0131z bir kitap kimli\u011fi<span class=\"excerpt-hellip\"> [\u2026]<\/span><\/p>\n","protected":false},"featured_media":0,"template":"","meta":{"_monsterinsights_skip_tracking":false,"_monsterinsights_sitenote_active":false,"_monsterinsights_sitenote_note":"","_monsterinsights_sitenote_category":0},"product_brand":[],"product_cat":[12337,14543],"product_tag":[],"class_list":{"0":"post-695086","1":"product","2":"type-product","3":"status-publish","5":"product_cat-politika-siyaset","6":"product_cat-turkiye-siyaseti-ve-politikasi","7":"pa_cilt-ciltli","8":"pa_tur-kitap","9":"pa_yayinevi-iletisim-yayinlari","10":"pa_yazar-kollektif","12":"first","13":"instock","14":"sale","15":"shipping-taxable","16":"purchasable","17":"product-type-simple"},"_links":{"self":[{"href":"https:\/\/roveyayinevi.com.tr\/index.php\/wp-json\/wp\/v2\/product\/695086","targetHints":{"allow":["GET"]}}],"collection":[{"href":"https:\/\/roveyayinevi.com.tr\/index.php\/wp-json\/wp\/v2\/product"}],"about":[{"href":"https:\/\/roveyayinevi.com.tr\/index.php\/wp-json\/wp\/v2\/types\/product"}],"wp:attachment":[{"href":"https:\/\/roveyayinevi.com.tr\/index.php\/wp-json\/wp\/v2\/media?parent=695086"}],"wp:term":[{"taxonomy":"product_brand","embeddable":true,"href":"https:\/\/roveyayinevi.com.tr\/index.php\/wp-json\/wp\/v2\/product_brand?post=695086"},{"taxonomy":"product_cat","embeddable":true,"href":"https:\/\/roveyayinevi.com.tr\/index.php\/wp-json\/wp\/v2\/product_cat?post=695086"},{"taxonomy":"product_tag","embeddable":true,"href":"https:\/\/roveyayinevi.com.tr\/index.php\/wp-json\/wp\/v2\/product_tag?post=695086"}],"curies":[{"name":"wp","href":"https:\/\/api.w.org\/{rel}","templated":true}]}}