{"id":695080,"date":"2025-08-27T14:26:09","date_gmt":"2025-08-27T11:26:09","guid":{"rendered":"https:\/\/roveyayinevi.com.tr\/index.php\/urun\/gezi-parki-cocuklari\/"},"modified":"2026-01-29T02:09:07","modified_gmt":"2026-01-28T23:09:07","slug":"gezi-parki-cocuklari","status":"publish","type":"product","link":"https:\/\/roveyayinevi.com.tr\/index.php\/urun\/gezi-parki-cocuklari\/","title":{"rendered":"Gezi Park\u0131 \u00c7ocuklar\u0131"},"content":{"rendered":"<p>Hekim Taner \u00d6zek&#8217;ten \u00e7izgilerle gezi olaylar\u0131na bir bak\u0131\u015f&#8230; <\/p>\n","protected":false},"excerpt":{"rendered":"<p>Hekim Taner \u00d6zek&#8217;ten \u00e7izgilerle gezi olaylar\u0131na bir bak\u0131\u015f&#8230;<\/p>\n","protected":false},"featured_media":0,"template":"","meta":{"_monsterinsights_skip_tracking":false,"_monsterinsights_sitenote_active":false,"_monsterinsights_sitenote_note":"","_monsterinsights_sitenote_category":0},"product_brand":[],"product_cat":[12364],"product_tag":[],"class_list":{"0":"post-695080","1":"product","2":"type-product","3":"status-publish","5":"product_cat-genel-konular","6":"pa_cilt-ciltsiz","7":"pa_tur-kitap","8":"pa_yayinevi-utopya-yayinevi","9":"pa_yazar-taner-ozek","11":"first","12":"instock","13":"sale","14":"shipping-taxable","15":"purchasable","16":"product-type-simple"},"_links":{"self":[{"href":"https:\/\/roveyayinevi.com.tr\/index.php\/wp-json\/wp\/v2\/product\/695080","targetHints":{"allow":["GET"]}}],"collection":[{"href":"https:\/\/roveyayinevi.com.tr\/index.php\/wp-json\/wp\/v2\/product"}],"about":[{"href":"https:\/\/roveyayinevi.com.tr\/index.php\/wp-json\/wp\/v2\/types\/product"}],"wp:attachment":[{"href":"https:\/\/roveyayinevi.com.tr\/index.php\/wp-json\/wp\/v2\/media?parent=695080"}],"wp:term":[{"taxonomy":"product_brand","embeddable":true,"href":"https:\/\/roveyayinevi.com.tr\/index.php\/wp-json\/wp\/v2\/product_brand?post=695080"},{"taxonomy":"product_cat","embeddable":true,"href":"https:\/\/roveyayinevi.com.tr\/index.php\/wp-json\/wp\/v2\/product_cat?post=695080"},{"taxonomy":"product_tag","embeddable":true,"href":"https:\/\/roveyayinevi.com.tr\/index.php\/wp-json\/wp\/v2\/product_tag?post=695080"}],"curies":[{"name":"wp","href":"https:\/\/api.w.org\/{rel}","templated":true}]}}