{"id":695071,"date":"2025-08-27T14:26:07","date_gmt":"2025-08-27T11:26:07","guid":{"rendered":"https:\/\/roveyayinevi.com.tr\/index.php\/urun\/artik-gidebilirsin\/"},"modified":"2026-04-16T02:05:02","modified_gmt":"2026-04-15T23:05:02","slug":"artik-gidebilirsin","status":"publish","type":"product","link":"https:\/\/roveyayinevi.com.tr\/index.php\/urun\/artik-gidebilirsin\/","title":{"rendered":"Art\u0131k Gidebilirsin"},"content":{"rendered":"<p>Hayat\u0131mda tek bir kad\u0131n sevdim: Beni terk etmesinden sonra, on alt\u0131 y\u0131l boyunca onu hi\u00e7 g\u00f6rmedim.Arno ile Sara, ilkgen\u00e7liklerinde tan\u0131\u015f\u0131rlar ve bir anda birbirlerine \u00e2\u015f\u0131k olurlar. Ne var ki Sara bir g\u00fcn Arno\u2019yu ans\u0131z\u0131n terk eder, tekrar kar\u015f\u0131la\u015fmalar\u0131 ise tam on alt\u0131 y\u0131l sonra bir havaalan\u0131nda, rastlant\u0131yla olacakt\u0131r. Aradan ge\u00e7en y\u0131llarda Arno en b\u00fcy\u00fck hayalini ger\u00e7ekle\u015ftirmi\u015f, Milano\u2019daki \u00fcnl\u00fc La Scala\u2019n\u0131n orkestras\u0131nda viyolonsel \u00e7almaya ba\u015flam\u0131\u015ft\u0131r. Arno ile Sara\u2019n\u0131n a\u015fklar\u0131 kald\u0131\u011f\u0131 yerden devam eder, evlenirler, \u00fc\u00e7 \u00e7ocuklar\u0131 ve kusursuz bir hayatlar\u0131 olur. Ancak Arno, bir sabah so\u011fuk ve bo\u015f bir yatakta uyan\u0131nca, kar\u0131s\u0131n\u0131 yeterince tan\u0131mad\u0131\u011f\u0131n\u0131 anlar. Arkas\u0131nda bir mektup b\u0131rakarak ortadan kaybolan Sara\u2019n\u0131n pe\u015finden, ili\u015fkilerini irdelemeye ba\u015flar. Sardinya adas\u0131ndaki balay\u0131lar\u0131ndan ba\u015flayarak ge\u00e7mi\u015fe, Cenova sahillerindeki ilk tan\u0131\u015fmalar\u0131na kadar iz s\u00fcrer ve birlikte olmad\u0131klar\u0131 on alt\u0131 y\u0131l boyunca Sara\u2019n\u0131n nas\u0131l bir hayat\u0131 oldu\u011funu \u00f6\u011frenir. Arno i\u00e7in bu ke\u015fif hayat\u0131n\u0131n d\u00f6n\u00fcm noktas\u0131 olacakt\u0131r.Bir kad\u0131n, kendisini sevdi\u011fini d\u00fc\u015f\u00fcnen ama ger\u00e7ekten tan\u0131may\u0131 akl\u0131na getirmeyen bir erke\u011fin yan\u0131nda kalabilir mi? Bir erkek kar\u0131s\u0131n\u0131n kendisine g\u00fcvenmemesini kabul edebilir mi?Art\u0131k Gidebilirsin, sadece \u00e2\u015f\u0131k olman\u0131n ve sevmenin yeterli olmad\u0131\u011f\u0131n\u0131, y\u00fczeyin alt\u0131ndaki ac\u0131lar\u0131n ve ya\u015fanm\u0131\u015fl\u0131klar\u0131n hayat\u0131m\u0131z\u0131n y\u00f6n\u00fcn\u00fc de\u011fi\u015ftirebilece\u011fini g\u00f6steren bir a\u015fk roman\u0131. <\/p>\n","protected":false},"excerpt":{"rendered":"<p>Hayat\u0131mda tek bir kad\u0131n sevdim: Beni terk etmesinden sonra, on alt\u0131 y\u0131l boyunca onu hi\u00e7 g\u00f6rmedim.Arno ile Sara, ilkgen\u00e7liklerinde tan\u0131\u015f\u0131rlar ve bir anda birbirlerine \u00e2\u015f\u0131k olurlar.<span class=\"excerpt-hellip\"> [\u2026]<\/span><\/p>\n","protected":false},"featured_media":0,"template":"","meta":{"_monsterinsights_skip_tracking":false,"_monsterinsights_sitenote_active":false,"_monsterinsights_sitenote_note":"","_monsterinsights_sitenote_category":0},"product_brand":[],"product_cat":[12291,14218],"product_tag":[],"class_list":{"0":"post-695071","1":"product","2":"type-product","3":"status-publish","5":"product_cat-edebiyat","6":"product_cat-italyan-edebiyati","7":"pa_tur-kitap","8":"pa_yayinevi-kirmizi-kedi-yayinevi","9":"pa_yazar-daria-bignardi","11":"first","12":"instock","13":"sale","14":"shipping-taxable","15":"purchasable","16":"product-type-simple"},"_links":{"self":[{"href":"https:\/\/roveyayinevi.com.tr\/index.php\/wp-json\/wp\/v2\/product\/695071","targetHints":{"allow":["GET"]}}],"collection":[{"href":"https:\/\/roveyayinevi.com.tr\/index.php\/wp-json\/wp\/v2\/product"}],"about":[{"href":"https:\/\/roveyayinevi.com.tr\/index.php\/wp-json\/wp\/v2\/types\/product"}],"wp:attachment":[{"href":"https:\/\/roveyayinevi.com.tr\/index.php\/wp-json\/wp\/v2\/media?parent=695071"}],"wp:term":[{"taxonomy":"product_brand","embeddable":true,"href":"https:\/\/roveyayinevi.com.tr\/index.php\/wp-json\/wp\/v2\/product_brand?post=695071"},{"taxonomy":"product_cat","embeddable":true,"href":"https:\/\/roveyayinevi.com.tr\/index.php\/wp-json\/wp\/v2\/product_cat?post=695071"},{"taxonomy":"product_tag","embeddable":true,"href":"https:\/\/roveyayinevi.com.tr\/index.php\/wp-json\/wp\/v2\/product_tag?post=695071"}],"curies":[{"name":"wp","href":"https:\/\/api.w.org\/{rel}","templated":true}]}}