{"id":695065,"date":"2025-08-27T14:26:06","date_gmt":"2025-08-27T11:26:06","guid":{"rendered":"https:\/\/roveyayinevi.com.tr\/index.php\/urun\/gor-gum-puskullu-canavar-belasi\/"},"modified":"2026-04-16T02:05:01","modified_gmt":"2026-04-15T23:05:01","slug":"gor-gum-puskullu-canavar-belasi","status":"publish","type":"product","link":"https:\/\/roveyayinevi.com.tr\/index.php\/urun\/gor-gum-puskullu-canavar-belasi\/","title":{"rendered":"Gor.G\u00fcm\/ P\u00fcsk\u00fcll\u00fc Canavar Belas\u0131"},"content":{"rendered":"<p>Canavar olmak san\u0131ld\u0131\u011f\u0131 kadar kolay bir i\u015f de\u011fildir! Gormik, canavar bak\u0131c\u0131lar\u0131ndan nefret ediyordu! Ama yeni bak\u0131c\u0131 Dad\u0131, Gormik\u2019in bildi\u011fi bak\u0131c\u0131lara hi\u00e7 mi hi\u00e7 benzemiyordu&#8230; Dad\u0131\u2019n\u0131n ne kadar farkl\u0131 oldu\u011funu kan\u0131tlamas\u0131 i\u00e7in, havan\u0131n kararmas\u0131n\u0131 beklemek yeterli olacakt\u0131. Gormik\u2019i nefes kesen maceral\u0131 bir gece bekliyordu. K\u00fc\u00e7\u00fck canavar, yeteneklerini kullan\u0131p Dad\u0131\u2019y\u0131 alt etmeyi ba\u015farabilecek miydi? <\/p>\n","protected":false},"excerpt":{"rendered":"<p>Canavar olmak san\u0131ld\u0131\u011f\u0131 kadar kolay bir i\u015f de\u011fildir! Gormik, canavar bak\u0131c\u0131lar\u0131ndan nefret ediyordu! Ama yeni bak\u0131c\u0131 Dad\u0131, Gormik\u2019in bildi\u011fi bak\u0131c\u0131lara hi\u00e7 mi hi\u00e7 benzemiyordu&#8230; Dad\u0131\u2019n\u0131n ne<span class=\"excerpt-hellip\"> [\u2026]<\/span><\/p>\n","protected":false},"featured_media":0,"template":"","meta":{"_monsterinsights_skip_tracking":false,"_monsterinsights_sitenote_active":false,"_monsterinsights_sitenote_note":"","_monsterinsights_sitenote_category":0},"product_brand":[],"product_cat":[12274,12284],"product_tag":[],"class_list":{"0":"post-695065","1":"product","2":"type-product","3":"status-publish","5":"product_cat-cocuk-ve-genclik-kitaplari","6":"product_cat-hikayeler","7":"pa_cilt-ciltsiz","8":"pa_tur-kitap","9":"pa_yayinevi-iletisim-yayinlari","10":"pa_yazar-guy-bass","12":"first","13":"instock","14":"sale","15":"shipping-taxable","16":"purchasable","17":"product-type-simple"},"_links":{"self":[{"href":"https:\/\/roveyayinevi.com.tr\/index.php\/wp-json\/wp\/v2\/product\/695065","targetHints":{"allow":["GET"]}}],"collection":[{"href":"https:\/\/roveyayinevi.com.tr\/index.php\/wp-json\/wp\/v2\/product"}],"about":[{"href":"https:\/\/roveyayinevi.com.tr\/index.php\/wp-json\/wp\/v2\/types\/product"}],"wp:attachment":[{"href":"https:\/\/roveyayinevi.com.tr\/index.php\/wp-json\/wp\/v2\/media?parent=695065"}],"wp:term":[{"taxonomy":"product_brand","embeddable":true,"href":"https:\/\/roveyayinevi.com.tr\/index.php\/wp-json\/wp\/v2\/product_brand?post=695065"},{"taxonomy":"product_cat","embeddable":true,"href":"https:\/\/roveyayinevi.com.tr\/index.php\/wp-json\/wp\/v2\/product_cat?post=695065"},{"taxonomy":"product_tag","embeddable":true,"href":"https:\/\/roveyayinevi.com.tr\/index.php\/wp-json\/wp\/v2\/product_tag?post=695065"}],"curies":[{"name":"wp","href":"https:\/\/api.w.org\/{rel}","templated":true}]}}