{"id":695064,"date":"2025-08-27T14:26:05","date_gmt":"2025-08-27T11:26:05","guid":{"rendered":"https:\/\/roveyayinevi.com.tr\/index.php\/urun\/kuresel-duzen-birikim-devlet-ve-siniflar-iktisat-uzerine-yazilar-i\/"},"modified":"2026-04-16T02:05:01","modified_gmt":"2026-04-15T23:05:01","slug":"kuresel-duzen-birikim-devlet-ve-siniflar-iktisat-uzerine-yazilar-i","status":"publish","type":"product","link":"https:\/\/roveyayinevi.com.tr\/index.php\/urun\/kuresel-duzen-birikim-devlet-ve-siniflar-iktisat-uzerine-yazilar-i\/","title":{"rendered":"K\u00fcresel D\u00fczen: Birikim, Devlet ve S\u0131n\u0131flar: \u0130ktisat \u00dczerine Yaz\u0131lar I"},"content":{"rendered":"<p>K\u00fcresel D\u00fczen: Birikim, Devlet ve S\u0131n\u0131flar ba\u015fl\u0131\u011f\u0131 alt\u0131nda toplanan makaleler, T\u00fcrkiye kapitalizminin globalle\u015fme s\u00fcrecine ba\u011fl\u0131 dinamiklerinin \u00e7\u00f6z\u00fcmlenmesine yo\u011funla\u015f\u0131yor. S\u00fcre\u00e7, kredi piyasas\u0131, mali birikim &#8211; reel birikim ili\u015fkisi, b\u00fcy\u00fcme, gelir da\u011f\u0131l\u0131m\u0131, i\u015fg\u00fcc\u00fc piyasas\u0131, sendikalar vb. bir\u00e7ok \u00f6zg\u00fcl alandaki boyutlar\u0131yla ele al\u0131n\u0131yor. \u00d6te yandan s\u00f6zkonusu s\u00fcrecin, gerek akademik-kuramsal gerek siyasal-hegemonik ideolojik d\u00fczeylerdeki de\u011ferlendirilmesi de kitapta geni\u015f yer tutuyor. <\/p>\n","protected":false},"excerpt":{"rendered":"<p>K\u00fcresel D\u00fczen: Birikim, Devlet ve S\u0131n\u0131flar ba\u015fl\u0131\u011f\u0131 alt\u0131nda toplanan makaleler, T\u00fcrkiye kapitalizminin globalle\u015fme s\u00fcrecine ba\u011fl\u0131 dinamiklerinin \u00e7\u00f6z\u00fcmlenmesine yo\u011funla\u015f\u0131yor. S\u00fcre\u00e7, kredi piyasas\u0131, mali birikim &#8211; reel birikim<span class=\"excerpt-hellip\"> [\u2026]<\/span><\/p>\n","protected":false},"featured_media":0,"template":"","meta":{"_monsterinsights_skip_tracking":false,"_monsterinsights_sitenote_active":false,"_monsterinsights_sitenote_note":"","_monsterinsights_sitenote_category":0},"product_brand":[],"product_cat":[13043,14144],"product_tag":[],"class_list":{"0":"post-695064","1":"product","2":"type-product","3":"status-publish","5":"product_cat-ekonomi","6":"product_cat-turkiye-ekonomisi","7":"pa_cilt-ciltsiz","8":"pa_tur-kitap","9":"pa_yayinevi-iletisim-yayinlari","10":"pa_yazar-a-h-kose","11":"pa_yazar-e-yeldan-der","12":"pa_yazar-f-senses","14":"first","15":"instock","16":"sale","17":"shipping-taxable","18":"purchasable","19":"product-type-simple"},"_links":{"self":[{"href":"https:\/\/roveyayinevi.com.tr\/index.php\/wp-json\/wp\/v2\/product\/695064","targetHints":{"allow":["GET"]}}],"collection":[{"href":"https:\/\/roveyayinevi.com.tr\/index.php\/wp-json\/wp\/v2\/product"}],"about":[{"href":"https:\/\/roveyayinevi.com.tr\/index.php\/wp-json\/wp\/v2\/types\/product"}],"wp:attachment":[{"href":"https:\/\/roveyayinevi.com.tr\/index.php\/wp-json\/wp\/v2\/media?parent=695064"}],"wp:term":[{"taxonomy":"product_brand","embeddable":true,"href":"https:\/\/roveyayinevi.com.tr\/index.php\/wp-json\/wp\/v2\/product_brand?post=695064"},{"taxonomy":"product_cat","embeddable":true,"href":"https:\/\/roveyayinevi.com.tr\/index.php\/wp-json\/wp\/v2\/product_cat?post=695064"},{"taxonomy":"product_tag","embeddable":true,"href":"https:\/\/roveyayinevi.com.tr\/index.php\/wp-json\/wp\/v2\/product_tag?post=695064"}],"curies":[{"name":"wp","href":"https:\/\/api.w.org\/{rel}","templated":true}]}}