{"id":695063,"date":"2025-08-27T14:26:05","date_gmt":"2025-08-27T11:26:05","guid":{"rendered":"https:\/\/roveyayinevi.com.tr\/index.php\/urun\/aleve-dokunmak\/"},"modified":"2026-04-16T02:05:01","modified_gmt":"2026-04-15T23:05:01","slug":"aleve-dokunmak","status":"publish","type":"product","link":"https:\/\/roveyayinevi.com.tr\/index.php\/urun\/aleve-dokunmak\/","title":{"rendered":"Aleve Dokunmak"},"content":{"rendered":"<p>Birini yeniden sevebilmek i\u00e7in ka\u00e7 g\u00fcn, ka\u00e7 yolculuk gerek?Avrupa edebiyat\u0131n\u0131n gen\u00e7 ve \u00f6zg\u00fcn sesi Zoran Drvenkar, Onlardan Biri\u2019nden sonra ON8\u2019deki bu roman\u0131nda, ailesini terk etmi\u015f bir babayla, yedi y\u0131l ondan uzak b\u00fcy\u00fcm\u00fc\u015f o\u011flunu bulu\u015fturuyor. Lukas, tek bir s\u0131rt \u00e7antas\u0131 ve babas\u0131na kar\u015f\u0131 pek \u00e7ok duyguyla yola \u00e7\u0131k\u0131yor. Bol k\u0131rg\u0131nl\u0131k, bol merak, az\u0131c\u0131k da sevgiyle. Ancak bu ailenin pek s\u00f6z\u00fc edilmeyen bir ge\u00e7mi\u015fi var ki, i\u015fler bir s\u00fcre sonra \u00e7\u0131\u011f\u0131r\u0131ndan \u00e7\u0131k\u0131yor. S\u0131rad\u0131\u015f\u0131 bir kovalamaca, havada u\u00e7u\u015fan yumruklar, hesapla\u015fmalar ve hi\u00e7 sorulmam\u0131\u015f sorular derken okurun zihnine yeni bir soru yerle\u015fiyor: \u0130ki yabanc\u0131n\u0131n birbirini tan\u0131mak i\u00e7in ka\u00e7 g\u00fcne, ka\u00e7 kilometreye ihtiyac\u0131 olabilir? Yazar\u0131n ON8\u2019deki iki kitab\u0131n\u0131n yan\u0131 s\u0131ra K\u0131sa Pantolonlular \u00c7etesi, So\u011fuktan Korkmayan Tek Ku\u015f ve Yerde A\u011f\u0131r G\u00f6kte Hafif gibi \u00e7ok sevilen \u00e7ocuk kitaplar\u0131 da var.Lukas, annesinin \u0131srar\u0131 \u00fczerine, yedi y\u0131ld\u0131r g\u00f6rmedi\u011fi babas\u0131yla bir hafta ge\u00e7irmeyi kabul eder. Belki de son kez g\u00f6r\u00fc\u015feceklerdir. Binbir \u00e7eli\u015fkili duyguyla \u00e7\u0131kar yola. Zaten bu evlere \u015fenlik baba ve onun kara mizah dolu ailesiyle y\u00fczle\u015firken, ne hissettiklerinden bir \u015fey anlar, ne de d\u00fc\u015f\u00fcncelerinden. Berlin\u2019i Hamburg\u2019a ba\u011flayan karayolu, kulakl\u0131klardan s\u0131zan U2 t\u0131n\u0131lar\u0131n\u0131 dinlerken, belki de en ilgin\u00e7 ikililerden birine de ev sahipli\u011fi yapar\u2026 Lukas, daha tek bir olaya ya da duyguya bile kendini kapt\u0131ramadan, art arda s\u0131ralanan karambollerle savrulur durur\u2026\ufffc<\/p>\n","protected":false},"excerpt":{"rendered":"<p>Birini yeniden sevebilmek i\u00e7in ka\u00e7 g\u00fcn, ka\u00e7 yolculuk gerek?Avrupa edebiyat\u0131n\u0131n gen\u00e7 ve \u00f6zg\u00fcn sesi Zoran Drvenkar, Onlardan Biri\u2019nden sonra ON8\u2019deki bu roman\u0131nda, ailesini terk etmi\u015f bir<span class=\"excerpt-hellip\"> [\u2026]<\/span><\/p>\n","protected":false},"featured_media":0,"template":"","meta":{"_monsterinsights_skip_tracking":false,"_monsterinsights_sitenote_active":false,"_monsterinsights_sitenote_note":"","_monsterinsights_sitenote_category":0},"product_brand":[],"product_cat":[12782,12291],"product_tag":[],"class_list":{"0":"post-695063","1":"product","2":"type-product","3":"status-publish","5":"product_cat-alman-edebiyati","6":"product_cat-edebiyat","7":"pa_cilt-ciltsiz","8":"pa_tur-kitap","9":"pa_yayinevi-on8-kitap","10":"pa_yazar-zoran-drvenkar","12":"first","13":"instock","14":"sale","15":"shipping-taxable","16":"purchasable","17":"product-type-simple"},"_links":{"self":[{"href":"https:\/\/roveyayinevi.com.tr\/index.php\/wp-json\/wp\/v2\/product\/695063","targetHints":{"allow":["GET"]}}],"collection":[{"href":"https:\/\/roveyayinevi.com.tr\/index.php\/wp-json\/wp\/v2\/product"}],"about":[{"href":"https:\/\/roveyayinevi.com.tr\/index.php\/wp-json\/wp\/v2\/types\/product"}],"wp:attachment":[{"href":"https:\/\/roveyayinevi.com.tr\/index.php\/wp-json\/wp\/v2\/media?parent=695063"}],"wp:term":[{"taxonomy":"product_brand","embeddable":true,"href":"https:\/\/roveyayinevi.com.tr\/index.php\/wp-json\/wp\/v2\/product_brand?post=695063"},{"taxonomy":"product_cat","embeddable":true,"href":"https:\/\/roveyayinevi.com.tr\/index.php\/wp-json\/wp\/v2\/product_cat?post=695063"},{"taxonomy":"product_tag","embeddable":true,"href":"https:\/\/roveyayinevi.com.tr\/index.php\/wp-json\/wp\/v2\/product_tag?post=695063"}],"curies":[{"name":"wp","href":"https:\/\/api.w.org\/{rel}","templated":true}]}}