{"id":695062,"date":"2025-08-27T14:26:05","date_gmt":"2025-08-27T11:26:05","guid":{"rendered":"https:\/\/roveyayinevi.com.tr\/index.php\/urun\/gordiyon-fiyongu\/"},"modified":"2026-02-03T02:07:37","modified_gmt":"2026-02-02T23:07:37","slug":"gordiyon-fiyongu","status":"publish","type":"product","link":"https:\/\/roveyayinevi.com.tr\/index.php\/urun\/gordiyon-fiyongu\/","title":{"rendered":"Gordiyon Fiyongu"},"content":{"rendered":"<p>Ya\u015fayan en \u00f6nemli polisiye yazarlar\u0131ndan Bernhard Schlink, Gordiyon Fiyongu\u2019nda entrika, gerilim ve tutku dolu bir hik\u00e2ye anlat\u0131yor. Gen\u00e7 avukat Georg Polger, Almanya\u2019daki monoton hayat\u0131ndan s\u0131k\u0131l\u0131p G\u00fcney Fransa\u2019da serbest \u00e7evirmen olarak \u00e7al\u0131\u015fmaya karar verir. Fransa\u2019da tan\u0131\u015ft\u0131\u011f\u0131 M\u00f6sy\u00f6 Bulnakof\u2019tan ald\u0131\u011f\u0131 yeni i\u015f ve a\u015fk sarho\u015flu\u011fuyla ba\u011fland\u0131\u011f\u0131 yeni sevgilisi Fran\u00e7oise, onu \u00e7\u00f6zmeye \u00e7al\u0131\u015ft\u0131\u011f\u0131 s\u0131rlarla dolu bir maceraya s\u00fcr\u00fckler. Fransa\u2019dan Amerika\u2019ya uzanan \u00e7\u00f6z\u00fcms\u00fcz bir ili\u015fkiler yuma\u011f\u0131n\u0131n ortas\u0131nda kalan Polger, \u00fclkeler aras\u0131nda mekik dokurken entrika, heyecan ve gerilim dolu bir hayat ritmine yakalan\u0131r. Bernhard Schlink\u2019e Alman Polisiye Yazarlar Birli\u011fi \u00d6d\u00fcl\u00fc\u2019n\u00fc kazand\u0131ran Gordiyon Fiyongu okuru soluksuz b\u0131rakacak bir roman. \u201cBernhard Schlink, \u00e7a\u011f\u0131m\u0131z bireyinin karma\u015fas\u0131n\u0131, utan\u00e7 ve su\u00e7luluk duygusunu ola\u011fan\u00fcst\u00fc etkileyici bi\u00e7imde anlatan yazarlardan biridir.\u201d FRANK FINLEY \u201c\u00c7a\u011fda\u015f Alman edebiyat\u0131n\u0131n ciddi, zor ve s\u0131k\u0131c\u0131 oldu\u011funa dair kan\u0131y\u0131 Bernhard Schlink k\u0131rm\u0131\u015ft\u0131r.\u201d BARBARA HONRATH<\/p>\n","protected":false},"excerpt":{"rendered":"<p>Ya\u015fayan en \u00f6nemli polisiye yazarlar\u0131ndan Bernhard Schlink, Gordiyon Fiyongu\u2019nda entrika, gerilim ve tutku dolu bir hik\u00e2ye anlat\u0131yor. Gen\u00e7 avukat Georg Polger, Almanya\u2019daki monoton hayat\u0131ndan s\u0131k\u0131l\u0131p G\u00fcney<span class=\"excerpt-hellip\"> [\u2026]<\/span><\/p>\n","protected":false},"featured_media":0,"template":"","meta":{"_monsterinsights_skip_tracking":false,"_monsterinsights_sitenote_active":false,"_monsterinsights_sitenote_note":"","_monsterinsights_sitenote_category":0},"product_brand":[],"product_cat":[12782,12291],"product_tag":[],"class_list":{"0":"post-695062","1":"product","2":"type-product","3":"status-publish","5":"product_cat-alman-edebiyati","6":"product_cat-edebiyat","7":"pa_cilt-ciltsiz","8":"pa_tur-kitap","9":"pa_yayinevi-iletisim-yayinlari","10":"pa_yazar-bernhard-schlink","12":"first","13":"instock","14":"sale","15":"shipping-taxable","16":"purchasable","17":"product-type-simple"},"_links":{"self":[{"href":"https:\/\/roveyayinevi.com.tr\/index.php\/wp-json\/wp\/v2\/product\/695062","targetHints":{"allow":["GET"]}}],"collection":[{"href":"https:\/\/roveyayinevi.com.tr\/index.php\/wp-json\/wp\/v2\/product"}],"about":[{"href":"https:\/\/roveyayinevi.com.tr\/index.php\/wp-json\/wp\/v2\/types\/product"}],"wp:attachment":[{"href":"https:\/\/roveyayinevi.com.tr\/index.php\/wp-json\/wp\/v2\/media?parent=695062"}],"wp:term":[{"taxonomy":"product_brand","embeddable":true,"href":"https:\/\/roveyayinevi.com.tr\/index.php\/wp-json\/wp\/v2\/product_brand?post=695062"},{"taxonomy":"product_cat","embeddable":true,"href":"https:\/\/roveyayinevi.com.tr\/index.php\/wp-json\/wp\/v2\/product_cat?post=695062"},{"taxonomy":"product_tag","embeddable":true,"href":"https:\/\/roveyayinevi.com.tr\/index.php\/wp-json\/wp\/v2\/product_tag?post=695062"}],"curies":[{"name":"wp","href":"https:\/\/api.w.org\/{rel}","templated":true}]}}