{"id":695061,"date":"2025-08-27T14:26:05","date_gmt":"2025-08-27T11:26:05","guid":{"rendered":"https:\/\/roveyayinevi.com.tr\/index.php\/urun\/tavus-kusu-mavis-allahin-cemil-ismini-ogreniyor\/"},"modified":"2025-11-22T02:38:48","modified_gmt":"2025-11-21T23:38:48","slug":"tavus-kusu-mavis-allahin-cemil-ismini-ogreniyor","status":"publish","type":"product","link":"https:\/\/roveyayinevi.com.tr\/index.php\/urun\/tavus-kusu-mavis-allahin-cemil-ismini-ogreniyor\/","title":{"rendered":"Tavus Ku\u015fu Mavi\u015f -Allah&#8217;\u0131n Cemil \u0130smini \u00d6\u011freniyor"},"content":{"rendered":"<p>Sevgili \u00c7ocuklar, <\/p>\n","protected":false},"excerpt":{"rendered":"<p>Sevgili \u00c7ocuklar,<\/p>\n","protected":false},"featured_media":0,"template":"","meta":{"_monsterinsights_skip_tracking":false,"_monsterinsights_sitenote_active":false,"_monsterinsights_sitenote_note":"","_monsterinsights_sitenote_category":0},"product_brand":[],"product_cat":[12492,12274],"product_tag":[],"class_list":{"0":"post-695061","1":"product","2":"type-product","3":"status-publish","5":"product_cat-bilmece-bulmaca","6":"product_cat-cocuk-ve-genclik-kitaplari","7":"pa_tur-kitap","8":"pa_yayinevi-timas-cocuk","9":"pa_yazar-nur-kutlu","11":"first","12":"instock","13":"sale","14":"shipping-taxable","15":"purchasable","16":"product-type-simple"},"_links":{"self":[{"href":"https:\/\/roveyayinevi.com.tr\/index.php\/wp-json\/wp\/v2\/product\/695061","targetHints":{"allow":["GET"]}}],"collection":[{"href":"https:\/\/roveyayinevi.com.tr\/index.php\/wp-json\/wp\/v2\/product"}],"about":[{"href":"https:\/\/roveyayinevi.com.tr\/index.php\/wp-json\/wp\/v2\/types\/product"}],"wp:attachment":[{"href":"https:\/\/roveyayinevi.com.tr\/index.php\/wp-json\/wp\/v2\/media?parent=695061"}],"wp:term":[{"taxonomy":"product_brand","embeddable":true,"href":"https:\/\/roveyayinevi.com.tr\/index.php\/wp-json\/wp\/v2\/product_brand?post=695061"},{"taxonomy":"product_cat","embeddable":true,"href":"https:\/\/roveyayinevi.com.tr\/index.php\/wp-json\/wp\/v2\/product_cat?post=695061"},{"taxonomy":"product_tag","embeddable":true,"href":"https:\/\/roveyayinevi.com.tr\/index.php\/wp-json\/wp\/v2\/product_tag?post=695061"}],"curies":[{"name":"wp","href":"https:\/\/api.w.org\/{rel}","templated":true}]}}