{"id":695060,"date":"2025-08-27T14:26:04","date_gmt":"2025-08-27T11:26:04","guid":{"rendered":"https:\/\/roveyayinevi.com.tr\/index.php\/urun\/saglik-turizmi\/"},"modified":"2026-04-16T02:05:01","modified_gmt":"2026-04-15T23:05:01","slug":"saglik-turizmi","status":"publish","type":"product","link":"https:\/\/roveyayinevi.com.tr\/index.php\/urun\/saglik-turizmi\/","title":{"rendered":"Sa\u011fl\u0131k Turizmi"},"content":{"rendered":"<p>Sa\u011fl\u0131k ve turizm sekt\u00f6rletinin \u00e7ak\u0131\u015ft\u0131\u011f\u0131 sa\u011fl\u0131k turizmi alan\u0131 \u00fclke ekonomileri a\u00e7\u0131s\u0131ndan son y\u0131llarda b\u00fcy\u00fck \u00f6nem arz etmeye ba\u015flam\u0131\u015ft\u0131r. Bu iki sekt\u00f6r\u00fcn sinerjisi ile sa\u011fl\u0131k turizmi alan\u0131nda T\u00fcrkiye&#8217;nin d\u00fcnya pazar\u0131ndan hak etti\u011fi yeri almas\u0131 i\u00e7in t\u00fcm taraflar\u0131n deste\u011fine ihtiya\u00e7 vard\u0131r. Sa\u011fl\u0131k turizmi alan\u0131nda D\u00fcnya genelinde y\u0131lda ortalama 100 milyar dolarl\u0131k bir pasta oldu\u011fu tahmin edilmektedir. Sa\u011fl\u0131k turizmi sekt\u00f6r\u00fc d\u00fcnyada ya\u015fanan k\u00fcreselle\u015fme s\u00fcreci ve \u00fclke sa\u011fl\u0131k sistemlerinde ya\u015fanan hizmet alan\u0131nda uzun bekleme s\u00fcreleri sa\u011fl\u0131k hizmeti sunumunda y\u00fckselen maliyetler ve kalite problemleri gibi sebepler sonucunda b\u00fcy\u00fck bir sekt\u00f6r olma yolunda ilerlemektedir. T\u00fcketicilerin bilin\u00e7lenmesiyle orant\u0131l\u0131 olarak geli\u015fen sa\u011fl\u0131k turizm kavram\u0131 ki\u015fileri tedavi ama\u00e7l\u0131 olarak kendi \u00fclkeleri d\u0131\u015f\u0131nda di\u011fer \u00fclkelerden sa\u011fl\u0131k hizmeti sunumundan faydalanma e\u011filimi g\u00f6stermesi sebebi ile daha da \u00f6nem kazanmaktad\u0131r.<\/p>\n","protected":false},"excerpt":{"rendered":"<p>Sa\u011fl\u0131k ve turizm sekt\u00f6rletinin \u00e7ak\u0131\u015ft\u0131\u011f\u0131 sa\u011fl\u0131k turizmi alan\u0131 \u00fclke ekonomileri a\u00e7\u0131s\u0131ndan son y\u0131llarda b\u00fcy\u00fck \u00f6nem arz etmeye ba\u015flam\u0131\u015ft\u0131r. Bu iki sekt\u00f6r\u00fcn sinerjisi ile sa\u011fl\u0131k turizmi alan\u0131nda<span class=\"excerpt-hellip\"> [\u2026]<\/span><\/p>\n","protected":false},"featured_media":0,"template":"","meta":{"_monsterinsights_skip_tracking":false,"_monsterinsights_sitenote_active":false,"_monsterinsights_sitenote_note":"","_monsterinsights_sitenote_category":0},"product_brand":[],"product_cat":[15351,15350],"product_tag":[],"class_list":{"0":"post-695060","1":"product","2":"type-product","3":"status-publish","5":"product_cat-ders-kitaplari","6":"product_cat-hukuk","7":"pa_cilt-ciltsiz","8":"pa_tur-kitap","9":"pa_yayinevi-siyasal-kitabevi-akademik-kitaplar","10":"pa_yazar-kolektif","12":"first","13":"instock","14":"sale","15":"shipping-taxable","16":"purchasable","17":"product-type-simple"},"_links":{"self":[{"href":"https:\/\/roveyayinevi.com.tr\/index.php\/wp-json\/wp\/v2\/product\/695060","targetHints":{"allow":["GET"]}}],"collection":[{"href":"https:\/\/roveyayinevi.com.tr\/index.php\/wp-json\/wp\/v2\/product"}],"about":[{"href":"https:\/\/roveyayinevi.com.tr\/index.php\/wp-json\/wp\/v2\/types\/product"}],"wp:attachment":[{"href":"https:\/\/roveyayinevi.com.tr\/index.php\/wp-json\/wp\/v2\/media?parent=695060"}],"wp:term":[{"taxonomy":"product_brand","embeddable":true,"href":"https:\/\/roveyayinevi.com.tr\/index.php\/wp-json\/wp\/v2\/product_brand?post=695060"},{"taxonomy":"product_cat","embeddable":true,"href":"https:\/\/roveyayinevi.com.tr\/index.php\/wp-json\/wp\/v2\/product_cat?post=695060"},{"taxonomy":"product_tag","embeddable":true,"href":"https:\/\/roveyayinevi.com.tr\/index.php\/wp-json\/wp\/v2\/product_tag?post=695060"}],"curies":[{"name":"wp","href":"https:\/\/api.w.org\/{rel}","templated":true}]}}