{"id":695057,"date":"2025-08-27T14:26:04","date_gmt":"2025-08-27T11:26:04","guid":{"rendered":"https:\/\/roveyayinevi.com.tr\/index.php\/urun\/solgun-ates\/"},"modified":"2026-02-03T02:07:37","modified_gmt":"2026-02-02T23:07:37","slug":"solgun-ates","status":"publish","type":"product","link":"https:\/\/roveyayinevi.com.tr\/index.php\/urun\/solgun-ates\/","title":{"rendered":"Solgun Ate\u015f"},"content":{"rendered":"<p>\u00c7ok zordur konu\u015fmak sevgili \u00f6l\u00fclerimizle,R\u00fcyalardan bildi\u011fimiz \u00fczere!Endi\u015femizi, k\u0131r\u0131lganl\u0131\u011f\u0131m\u0131z\u0131, utanc\u0131m\u0131z\u0131G\u00f6rmezden gelirler. Art\u0131k eskisi gibi olmay\u0131\u015flar\u0131 \u0130nsana fena koyar. Uzak bir sava\u015fta \u00f6len  Okul arkada\u015f\u0131m\u0131z, \u015fa\u015fk\u0131n de\u011fildir bizi kap\u0131s\u0131nda g\u00f6rmekten; \u0130\u015faret eder biraz kayg\u0131s\u0131z, biraz kederli, Bodrum kat\u0131 odas\u0131ndaki su birikintilerini. SOLGUN ATE\u015e  Nabokov dilimizi kullanmay\u0131 ve d\u00f6n\u00fc\u015ft\u00fcrmeyi se\u00e7mekle, hepimize \u015feref bah\u015fetmi\u015ftir. <\/p>\n","protected":false},"excerpt":{"rendered":"<p>\u00c7ok zordur konu\u015fmak sevgili \u00f6l\u00fclerimizle,R\u00fcyalardan bildi\u011fimiz \u00fczere!Endi\u015femizi, k\u0131r\u0131lganl\u0131\u011f\u0131m\u0131z\u0131, utanc\u0131m\u0131z\u0131G\u00f6rmezden gelirler. Art\u0131k eskisi gibi olmay\u0131\u015flar\u0131 \u0130nsana fena koyar. Uzak bir sava\u015fta \u00f6len Okul arkada\u015f\u0131m\u0131z, \u015fa\u015fk\u0131n de\u011fildir bizi<span class=\"excerpt-hellip\"> [\u2026]<\/span><\/p>\n","protected":false},"featured_media":0,"template":"","meta":{"_monsterinsights_skip_tracking":false,"_monsterinsights_sitenote_active":false,"_monsterinsights_sitenote_note":"","_monsterinsights_sitenote_category":0},"product_brand":[],"product_cat":[12891,12291],"product_tag":[],"class_list":{"0":"post-695057","1":"product","2":"type-product","3":"status-publish","5":"product_cat-amerikan-edebiyati","6":"product_cat-edebiyat","7":"pa_cilt-ciltsiz","8":"pa_tur-kitap","9":"pa_yayinevi-iletisim-yayinlari","10":"pa_yazar-vladimir-nabokov","12":"first","13":"instock","14":"sale","15":"shipping-taxable","16":"purchasable","17":"product-type-simple"},"_links":{"self":[{"href":"https:\/\/roveyayinevi.com.tr\/index.php\/wp-json\/wp\/v2\/product\/695057","targetHints":{"allow":["GET"]}}],"collection":[{"href":"https:\/\/roveyayinevi.com.tr\/index.php\/wp-json\/wp\/v2\/product"}],"about":[{"href":"https:\/\/roveyayinevi.com.tr\/index.php\/wp-json\/wp\/v2\/types\/product"}],"wp:attachment":[{"href":"https:\/\/roveyayinevi.com.tr\/index.php\/wp-json\/wp\/v2\/media?parent=695057"}],"wp:term":[{"taxonomy":"product_brand","embeddable":true,"href":"https:\/\/roveyayinevi.com.tr\/index.php\/wp-json\/wp\/v2\/product_brand?post=695057"},{"taxonomy":"product_cat","embeddable":true,"href":"https:\/\/roveyayinevi.com.tr\/index.php\/wp-json\/wp\/v2\/product_cat?post=695057"},{"taxonomy":"product_tag","embeddable":true,"href":"https:\/\/roveyayinevi.com.tr\/index.php\/wp-json\/wp\/v2\/product_tag?post=695057"}],"curies":[{"name":"wp","href":"https:\/\/api.w.org\/{rel}","templated":true}]}}