{"id":695054,"date":"2025-08-27T14:26:03","date_gmt":"2025-08-27T11:26:03","guid":{"rendered":"https:\/\/roveyayinevi.com.tr\/index.php\/urun\/zirvede-tek-basina-1520-1566\/"},"modified":"2026-04-16T02:05:01","modified_gmt":"2026-04-15T23:05:01","slug":"zirvede-tek-basina-1520-1566","status":"publish","type":"product","link":"https:\/\/roveyayinevi.com.tr\/index.php\/urun\/zirvede-tek-basina-1520-1566\/","title":{"rendered":"Zirvede Tek Ba\u015f\u0131na (1520 &#8211; 1566)"},"content":{"rendered":"<p>Fatih Sultan Mehmet\u2019in k\u00fc\u00e7\u00fck o\u011flu Cem Sultan, a\u011fabeyinin tahta \u00e7\u0131kmas\u0131n\u0131 istemiyordu&#8230; Osmanl\u0131lar b\u00fcy\u00fcd\u00fck\u00e7e Meml\u00fbkler ile aras\u0131 a\u00e7\u0131lmaya ba\u015flam\u0131\u015ft\u0131&#8230; \u0130nebaht\u0131 sava\u015f\u0131nda Osmanl\u0131 donanmas\u0131 sadece d\u00fc\u015fmana de\u011fil, f\u0131rt\u0131naya kar\u015f\u0131 da m\u00fccadele verdi&#8230; \u015eah \u0130smail, Osmanl\u0131lar\u2019dan \u00f6z\u00fcr diledi&#8230; Yavuz Sultan Selim satranc\u0131 \u00e7ok severdi&#8230; K\u00fc\u00e7\u00fck k\u0131yamette 5000 ki\u015fi hayat\u0131n\u0131 kaybetti&#8230; Ara vermeden g\u00fc\u00e7lenen Osmanl\u0131, art\u0131k halifeli\u011fe de sahip olmu\u015ftu&#8230; \u00c7amurlu kaftan\u0131n\u0131n Yavuz Sultan Selim i\u00e7in \u00f6nemi b\u00fcy\u00fckt\u00fc&#8230; \ufffcTan\u0131t\u0131m Metni<\/p>\n","protected":false},"excerpt":{"rendered":"<p>Fatih Sultan Mehmet\u2019in k\u00fc\u00e7\u00fck o\u011flu Cem Sultan, a\u011fabeyinin tahta \u00e7\u0131kmas\u0131n\u0131 istemiyordu&#8230; Osmanl\u0131lar b\u00fcy\u00fcd\u00fck\u00e7e Meml\u00fbkler ile aras\u0131 a\u00e7\u0131lmaya ba\u015flam\u0131\u015ft\u0131&#8230; \u0130nebaht\u0131 sava\u015f\u0131nda Osmanl\u0131 donanmas\u0131 sadece d\u00fc\u015fmana de\u011fil, f\u0131rt\u0131naya<span class=\"excerpt-hellip\"> [\u2026]<\/span><\/p>\n","protected":false},"featured_media":0,"template":"","meta":{"_monsterinsights_skip_tracking":false,"_monsterinsights_sitenote_active":false,"_monsterinsights_sitenote_note":"","_monsterinsights_sitenote_category":0},"product_brand":[],"product_cat":[12492,12274],"product_tag":[],"class_list":{"0":"post-695054","1":"product","2":"type-product","3":"status-publish","5":"product_cat-bilmece-bulmaca","6":"product_cat-cocuk-ve-genclik-kitaplari","7":"pa_tur-kitap","8":"pa_yayinevi-timas-cocuk","9":"pa_yazar-metin-ozdamarlar","11":"first","12":"instock","13":"sale","14":"shipping-taxable","15":"purchasable","16":"product-type-simple"},"_links":{"self":[{"href":"https:\/\/roveyayinevi.com.tr\/index.php\/wp-json\/wp\/v2\/product\/695054","targetHints":{"allow":["GET"]}}],"collection":[{"href":"https:\/\/roveyayinevi.com.tr\/index.php\/wp-json\/wp\/v2\/product"}],"about":[{"href":"https:\/\/roveyayinevi.com.tr\/index.php\/wp-json\/wp\/v2\/types\/product"}],"wp:attachment":[{"href":"https:\/\/roveyayinevi.com.tr\/index.php\/wp-json\/wp\/v2\/media?parent=695054"}],"wp:term":[{"taxonomy":"product_brand","embeddable":true,"href":"https:\/\/roveyayinevi.com.tr\/index.php\/wp-json\/wp\/v2\/product_brand?post=695054"},{"taxonomy":"product_cat","embeddable":true,"href":"https:\/\/roveyayinevi.com.tr\/index.php\/wp-json\/wp\/v2\/product_cat?post=695054"},{"taxonomy":"product_tag","embeddable":true,"href":"https:\/\/roveyayinevi.com.tr\/index.php\/wp-json\/wp\/v2\/product_tag?post=695054"}],"curies":[{"name":"wp","href":"https:\/\/api.w.org\/{rel}","templated":true}]}}