{"id":695046,"date":"2025-08-27T14:26:01","date_gmt":"2025-08-27T11:26:01","guid":{"rendered":"https:\/\/roveyayinevi.com.tr\/index.php\/urun\/turkiye-cumhuriyeti-kurulus-1-1-dunya-savasi-ve-oncesi\/"},"modified":"2025-11-22T02:38:41","modified_gmt":"2025-11-21T23:38:41","slug":"turkiye-cumhuriyeti-kurulus-1-1-dunya-savasi-ve-oncesi","status":"publish","type":"product","link":"https:\/\/roveyayinevi.com.tr\/index.php\/urun\/turkiye-cumhuriyeti-kurulus-1-1-dunya-savasi-ve-oncesi\/","title":{"rendered":"T\u00fcrkiye Cumhuriyeti: Kurulu\u015f 1 &#8211; 1. D\u00fcnya Sava\u015f\u0131 ve \u00d6ncesi"},"content":{"rendered":"<p>Bu dizide, I. D\u00fcnya Sava\u015f\u0131&#8217;ndan sonra i\u015fgale u\u011fram\u0131\u015f topraklar\u0131m\u0131z\u0131, d\u00fc\u015fmandan kurtarmak i\u00e7in m\u00fccadele eden milletimizin azmine tan\u0131k olacaks\u0131n\u0131z. Bug\u00fcne gelmek i\u00e7in ya\u015fanan zorluklar\u0131 g\u00f6recek, gelece\u011fe uzanan yolda daha bilin\u00e7li y\u00fcr\u00fcyeceksiniz. \ufffcTan\u0131t\u0131m Metni<\/p>\n","protected":false},"excerpt":{"rendered":"<p>Bu dizide, I. D\u00fcnya Sava\u015f\u0131&#8217;ndan sonra i\u015fgale u\u011fram\u0131\u015f topraklar\u0131m\u0131z\u0131, d\u00fc\u015fmandan kurtarmak i\u00e7in m\u00fccadele eden milletimizin azmine tan\u0131k olacaks\u0131n\u0131z. Bug\u00fcne gelmek i\u00e7in ya\u015fanan zorluklar\u0131 g\u00f6recek, gelece\u011fe uzanan<span class=\"excerpt-hellip\"> [\u2026]<\/span><\/p>\n","protected":false},"featured_media":0,"template":"","meta":{"_monsterinsights_skip_tracking":false,"_monsterinsights_sitenote_active":false,"_monsterinsights_sitenote_note":"","_monsterinsights_sitenote_category":0},"product_brand":[],"product_cat":[12304,13493],"product_tag":[],"class_list":{"0":"post-695046","1":"product","2":"type-product","3":"status-publish","5":"product_cat-tarih","6":"product_cat-turkiye-ve-cumhuriyet-tarihi","7":"pa_cilt-ciltsiz","8":"pa_tur-kitap","9":"pa_yayinevi-timas-cocuk","10":"pa_yazar-metin-ozdamarlar","12":"first","13":"instock","14":"sale","15":"shipping-taxable","16":"purchasable","17":"product-type-simple"},"_links":{"self":[{"href":"https:\/\/roveyayinevi.com.tr\/index.php\/wp-json\/wp\/v2\/product\/695046","targetHints":{"allow":["GET"]}}],"collection":[{"href":"https:\/\/roveyayinevi.com.tr\/index.php\/wp-json\/wp\/v2\/product"}],"about":[{"href":"https:\/\/roveyayinevi.com.tr\/index.php\/wp-json\/wp\/v2\/types\/product"}],"wp:attachment":[{"href":"https:\/\/roveyayinevi.com.tr\/index.php\/wp-json\/wp\/v2\/media?parent=695046"}],"wp:term":[{"taxonomy":"product_brand","embeddable":true,"href":"https:\/\/roveyayinevi.com.tr\/index.php\/wp-json\/wp\/v2\/product_brand?post=695046"},{"taxonomy":"product_cat","embeddable":true,"href":"https:\/\/roveyayinevi.com.tr\/index.php\/wp-json\/wp\/v2\/product_cat?post=695046"},{"taxonomy":"product_tag","embeddable":true,"href":"https:\/\/roveyayinevi.com.tr\/index.php\/wp-json\/wp\/v2\/product_tag?post=695046"}],"curies":[{"name":"wp","href":"https:\/\/api.w.org\/{rel}","templated":true}]}}