{"id":695042,"date":"2025-08-27T14:26:00","date_gmt":"2025-08-27T11:26:00","guid":{"rendered":"https:\/\/roveyayinevi.com.tr\/index.php\/urun\/uluslarin-dususu\/"},"modified":"2026-04-16T02:05:01","modified_gmt":"2026-04-15T23:05:01","slug":"uluslarin-dususu","status":"publish","type":"product","link":"https:\/\/roveyayinevi.com.tr\/index.php\/urun\/uluslarin-dususu\/","title":{"rendered":"Uluslar\u0131n D\u00fc\u015f\u00fc\u015f\u00fc"},"content":{"rendered":"<p>G\u00fc\u00e7, zenginlik ve yoksullu\u011fun k\u00f6kenleri \u201cTarih, kaderden ibaret de\u011fildir!\u201d Uluslar\u0131n D\u00fc\u015f\u00fc\u015f\u00fc, tarih boyunca uluslar\u0131n, \u00f6zellikle de birbirine benzeyen uluslar\u0131n ekonomik ve politik geli\u015fmeleri aras\u0131nda neden b\u00fcy\u00fck farkl\u0131l\u0131klar oldu\u011funa dair bir tart\u0131\u015fma y\u00fcr\u00fct\u00fcyor. Yazarlar k\u0131saca \u201cNeden baz\u0131 \u00fclkeler zenginken baz\u0131lar\u0131 yoksuldur?\u201d \u015feklinde bir soru ortaya at\u0131p, k\u00f6leci toplumlar, feodalizm, s\u00f6m\u00fcrgecilik, kapitalizm ve sosyalizm uygulamalar\u0131 aras\u0131nda ilgin\u00e7 ve \u00e7ok \u00f6\u011fretici bir yolculu\u011fa \u00e7\u0131k\u0131yorlar. S\u00f6m\u00fcrgeler, koloniler, devrimler ve kurtulu\u015f hareketlerinin g\u00f6lgesi, g\u00fcn\u00fcm\u00fcze nas\u0131l d\u00fc\u015f\u00fcyor\u2026 Sanayi Devrimi, neden Moldovya\u2019da de\u011fil de \u0130ngiltere\u2019de ba\u015flad\u0131\u2026 Kara \u00d6l\u00fcm denilen Veba, krallar\u0131, lordlar\u0131, serfleri nas\u0131l etkiledi\u2026 Toplumlar\u0131n elitleri ile en alttakiler aras\u0131nda de\u011fi\u015fen ve de\u011fi\u015fmeyen ili\u015fki bi\u00e7imleri hangileridir\u2026 Uluslar\u0131n D\u00fc\u015f\u00fc\u015f\u00fc, d\u00fcnyaya bak\u0131\u015f\u0131n\u0131z\u0131 ve kavray\u0131\u015f\u0131n\u0131z\u0131 de\u011fi\u015ftirecek. <\/p>\n","protected":false},"excerpt":{"rendered":"<p>G\u00fc\u00e7, zenginlik ve yoksullu\u011fun k\u00f6kenleri \u201cTarih, kaderden ibaret de\u011fildir!\u201d Uluslar\u0131n D\u00fc\u015f\u00fc\u015f\u00fc, tarih boyunca uluslar\u0131n, \u00f6zellikle de birbirine benzeyen uluslar\u0131n ekonomik ve politik geli\u015fmeleri aras\u0131nda neden b\u00fcy\u00fck<span class=\"excerpt-hellip\"> [\u2026]<\/span><\/p>\n","protected":false},"featured_media":0,"template":"","meta":{"_monsterinsights_skip_tracking":false,"_monsterinsights_sitenote_active":false,"_monsterinsights_sitenote_note":"","_monsterinsights_sitenote_category":0},"product_brand":[],"product_cat":[13590,12337],"product_tag":[],"class_list":{"0":"post-695042","1":"product","2":"type-product","3":"status-publish","5":"product_cat-arastirma-inceleme-politika-siyaset","6":"product_cat-politika-siyaset","7":"pa_cilt-ciltsiz","8":"pa_tur-kitap","9":"pa_yayinevi-dogan-kitap","10":"pa_yazar-daron-acemoglu","12":"first","13":"instock","14":"sale","15":"shipping-taxable","16":"purchasable","17":"product-type-simple"},"_links":{"self":[{"href":"https:\/\/roveyayinevi.com.tr\/index.php\/wp-json\/wp\/v2\/product\/695042","targetHints":{"allow":["GET"]}}],"collection":[{"href":"https:\/\/roveyayinevi.com.tr\/index.php\/wp-json\/wp\/v2\/product"}],"about":[{"href":"https:\/\/roveyayinevi.com.tr\/index.php\/wp-json\/wp\/v2\/types\/product"}],"wp:attachment":[{"href":"https:\/\/roveyayinevi.com.tr\/index.php\/wp-json\/wp\/v2\/media?parent=695042"}],"wp:term":[{"taxonomy":"product_brand","embeddable":true,"href":"https:\/\/roveyayinevi.com.tr\/index.php\/wp-json\/wp\/v2\/product_brand?post=695042"},{"taxonomy":"product_cat","embeddable":true,"href":"https:\/\/roveyayinevi.com.tr\/index.php\/wp-json\/wp\/v2\/product_cat?post=695042"},{"taxonomy":"product_tag","embeddable":true,"href":"https:\/\/roveyayinevi.com.tr\/index.php\/wp-json\/wp\/v2\/product_tag?post=695042"}],"curies":[{"name":"wp","href":"https:\/\/api.w.org\/{rel}","templated":true}]}}