{"id":695036,"date":"2025-08-27T14:25:59","date_gmt":"2025-08-27T11:25:59","guid":{"rendered":"https:\/\/roveyayinevi.com.tr\/index.php\/urun\/gor-gum-kahraman-canavar\/"},"modified":"2026-04-16T02:05:01","modified_gmt":"2026-04-15T23:05:01","slug":"gor-gum-kahraman-canavar","status":"publish","type":"product","link":"https:\/\/roveyayinevi.com.tr\/index.php\/urun\/gor-gum-kahraman-canavar\/","title":{"rendered":"Gor.G\u00fcm\/ Kahraman Canavar"},"content":{"rendered":"<p>Canavar olmak san\u0131ld\u0131\u011f\u0131 kadar kolay bir i\u015f de\u011fildir! Gormik, amcas\u0131 Krak ziyarete gelece\u011fi i\u00e7in \u00e7ok heyecanl\u0131yd\u0131. Ne de olsa Krak, ona g\u00f6re d\u00fcnyan\u0131n en cesur, en g\u00f6z\u00fckara canavar\u0131yd\u0131! Gormik, onunla maceraya at\u0131lmak i\u00e7in sab\u0131rs\u0131zlan\u0131yordu. Krak ile kamp kurmaya giden Gormik\u2019i, unutamayaca\u011f\u0131 bir macera bekliyordu&#8230; <\/p>\n","protected":false},"excerpt":{"rendered":"<p>Canavar olmak san\u0131ld\u0131\u011f\u0131 kadar kolay bir i\u015f de\u011fildir! Gormik, amcas\u0131 Krak ziyarete gelece\u011fi i\u00e7in \u00e7ok heyecanl\u0131yd\u0131. Ne de olsa Krak, ona g\u00f6re d\u00fcnyan\u0131n en cesur, en<span class=\"excerpt-hellip\"> [\u2026]<\/span><\/p>\n","protected":false},"featured_media":0,"template":"","meta":{"_monsterinsights_skip_tracking":false,"_monsterinsights_sitenote_active":false,"_monsterinsights_sitenote_note":"","_monsterinsights_sitenote_category":0},"product_brand":[],"product_cat":[12274,12284],"product_tag":[],"class_list":{"0":"post-695036","1":"product","2":"type-product","3":"status-publish","5":"product_cat-cocuk-ve-genclik-kitaplari","6":"product_cat-hikayeler","7":"pa_cilt-ciltsiz","8":"pa_tur-kitap","9":"pa_yayinevi-iletisim-yayinlari","10":"pa_yazar-guy-bass","12":"first","13":"instock","14":"sale","15":"shipping-taxable","16":"purchasable","17":"product-type-simple"},"_links":{"self":[{"href":"https:\/\/roveyayinevi.com.tr\/index.php\/wp-json\/wp\/v2\/product\/695036","targetHints":{"allow":["GET"]}}],"collection":[{"href":"https:\/\/roveyayinevi.com.tr\/index.php\/wp-json\/wp\/v2\/product"}],"about":[{"href":"https:\/\/roveyayinevi.com.tr\/index.php\/wp-json\/wp\/v2\/types\/product"}],"wp:attachment":[{"href":"https:\/\/roveyayinevi.com.tr\/index.php\/wp-json\/wp\/v2\/media?parent=695036"}],"wp:term":[{"taxonomy":"product_brand","embeddable":true,"href":"https:\/\/roveyayinevi.com.tr\/index.php\/wp-json\/wp\/v2\/product_brand?post=695036"},{"taxonomy":"product_cat","embeddable":true,"href":"https:\/\/roveyayinevi.com.tr\/index.php\/wp-json\/wp\/v2\/product_cat?post=695036"},{"taxonomy":"product_tag","embeddable":true,"href":"https:\/\/roveyayinevi.com.tr\/index.php\/wp-json\/wp\/v2\/product_tag?post=695036"}],"curies":[{"name":"wp","href":"https:\/\/api.w.org\/{rel}","templated":true}]}}