{"id":695035,"date":"2025-08-27T14:25:01","date_gmt":"2025-08-27T11:25:01","guid":{"rendered":"https:\/\/roveyayinevi.com.tr\/index.php\/urun\/turkiyede-sol-akimlar-1925-1936-cilt-2\/"},"modified":"2025-11-22T02:38:36","modified_gmt":"2025-11-21T23:38:36","slug":"turkiyede-sol-akimlar-1925-1936-cilt-2","status":"publish","type":"product","link":"https:\/\/roveyayinevi.com.tr\/index.php\/urun\/turkiyede-sol-akimlar-1925-1936-cilt-2\/","title":{"rendered":"T\u00fcrkiye&#8217;de Sol Ak\u0131mlar (1925-1936) Cilt 2"},"content":{"rendered":"<p>T\u00fcrkiye\u2019de Sol Ak\u0131mlar\u2019\u0131n birinci cildi 1925 y\u0131l\u0131nda noktalan\u0131yordu. 1925\u2019ten itibaren hem yeni ulus-devletin elitleri aras\u0131ndaki iktidar m\u00fccadelesi hem de Sovyetler Birli\u011fi\u2019nin politikalar\u0131, T\u00fcrkiye sol hareketi \u00fczerinde do\u011frudan belirleyici hale geldi. T\u00fcrkiye\u2019de Sol Ak\u0131mlar 1925-1936, bu \u00e7alkant\u0131l\u0131 d\u00f6nemin tarihini ele al\u0131yor. G\u00fcnl\u00fck gazeteler, hat\u0131ralar, mektuplar, mahkeme kay\u0131tlar\u0131 ve parti ar\u015fivleri, bu cildin de zeminini olu\u015fturuyor. D\u00fcnya sosyalist hareketi i\u00e7in sosyalist anavatan fikrinin yerle\u015fikle\u015fmesi; fa\u015fizmin ayak sesleri&#8230; T\u00fcrkiye i\u00e7in tek-parti iktidar\u0131n\u0131n uygulamalar\u0131; ulus-devlet \u00e7er\u00e7evesi i\u00e7inde g\u00fcndeme gelen milliyet\u00e7i politikalar ve sol hareketin bunlar kar\u015f\u0131s\u0131ndaki tavr\u0131&#8230; TKP i\u00e7indeki ayr\u0131\u015fma ve \u00e7at\u0131\u015fmalar; TKP\u2019nin d\u00f6nemin i\u00e7 ve d\u0131\u015f politik geli\u015fmeleri kar\u015f\u0131s\u0131ndaki tav\u0131r al\u0131\u015flar\u0131; gazete, dergi ve yay\u0131n faaliyetleri; N\u00e2z\u0131m Hikmet muhalefetinin bi\u00e7imlenmesi ve N\u00e2z\u0131m\u2019\u0131n edeb\u00ee ve politik kavgalar\u0131&#8230; T\u00fcrkiye sol hareketinin tarihinde bu d\u00f6nem i\u00e7in \u00f6nemli ba\u015fl\u0131klar olarak \u00f6ne \u00e7\u0131k\u0131yor. T\u00fcrkiye\u2019de Sol Ak\u0131mlar, yaln\u0131zca partilerin, \u00f6rg\u00fctlerin de\u011fil, insanlar\u0131n da ger\u00e7ek birer akt\u00f6r olarak i\u00e7inde yer ald\u0131\u011f\u0131, akademisyenlerin yan\u0131 s\u0131ra Osmanl\u0131\u2019dan Cumhuriyet\u2019e, II. Me\u015frutiyet\u2019in sol ak\u0131mlar\u0131ndan T\u00fcrkiye Kom\u00fcnist Partisi\u2019ne, T\u00fcrkiye sol hareketinin tarihini \u00f6\u011frenmek isteyenler i\u00e7in de e\u015fsiz bir bilgi hazinesidir. <\/p>\n","protected":false},"excerpt":{"rendered":"<p>T\u00fcrkiye\u2019de Sol Ak\u0131mlar\u2019\u0131n birinci cildi 1925 y\u0131l\u0131nda noktalan\u0131yordu. 1925\u2019ten itibaren hem yeni ulus-devletin elitleri aras\u0131ndaki iktidar m\u00fccadelesi hem de Sovyetler Birli\u011fi\u2019nin politikalar\u0131, T\u00fcrkiye sol hareketi \u00fczerinde<span class=\"excerpt-hellip\"> [\u2026]<\/span><\/p>\n","protected":false},"featured_media":0,"template":"","meta":{"_monsterinsights_skip_tracking":false,"_monsterinsights_sitenote_active":false,"_monsterinsights_sitenote_note":"","_monsterinsights_sitenote_category":0},"product_brand":[],"product_cat":[12304,13493],"product_tag":[],"class_list":{"0":"post-695035","1":"product","2":"type-product","3":"status-publish","5":"product_cat-tarih","6":"product_cat-turkiye-ve-cumhuriyet-tarihi","7":"pa_cilt-ciltli","8":"pa_tur-kitap","9":"pa_yayinevi-iletisim-yayinlari","10":"pa_yazar-mete-tuncay","12":"first","13":"instock","14":"sale","15":"shipping-taxable","16":"purchasable","17":"product-type-simple"},"_links":{"self":[{"href":"https:\/\/roveyayinevi.com.tr\/index.php\/wp-json\/wp\/v2\/product\/695035","targetHints":{"allow":["GET"]}}],"collection":[{"href":"https:\/\/roveyayinevi.com.tr\/index.php\/wp-json\/wp\/v2\/product"}],"about":[{"href":"https:\/\/roveyayinevi.com.tr\/index.php\/wp-json\/wp\/v2\/types\/product"}],"wp:attachment":[{"href":"https:\/\/roveyayinevi.com.tr\/index.php\/wp-json\/wp\/v2\/media?parent=695035"}],"wp:term":[{"taxonomy":"product_brand","embeddable":true,"href":"https:\/\/roveyayinevi.com.tr\/index.php\/wp-json\/wp\/v2\/product_brand?post=695035"},{"taxonomy":"product_cat","embeddable":true,"href":"https:\/\/roveyayinevi.com.tr\/index.php\/wp-json\/wp\/v2\/product_cat?post=695035"},{"taxonomy":"product_tag","embeddable":true,"href":"https:\/\/roveyayinevi.com.tr\/index.php\/wp-json\/wp\/v2\/product_tag?post=695035"}],"curies":[{"name":"wp","href":"https:\/\/api.w.org\/{rel}","templated":true}]}}