{"id":695029,"date":"2025-08-27T14:25:00","date_gmt":"2025-08-27T11:25:00","guid":{"rendered":"https:\/\/roveyayinevi.com.tr\/index.php\/urun\/islamin-ortacag-avrupasi-uzerindeki-etkisi\/"},"modified":"2025-09-15T09:32:22","modified_gmt":"2025-09-15T06:32:22","slug":"islamin-ortacag-avrupasi-uzerindeki-etkisi","status":"publish","type":"product","link":"https:\/\/roveyayinevi.com.tr\/index.php\/urun\/islamin-ortacag-avrupasi-uzerindeki-etkisi\/","title":{"rendered":"\u0130slam\u2019\u0131n Orta\u00e7a\u011f Avrupas\u0131 \u00dczerindeki Etkisi"},"content":{"rendered":"<p>\u0130slam\u2019\u0131n Orta\u00e7a\u011f Avrupas\u0131 \u00dczerindeki Etkisi \ufffc<\/p>\n","protected":false},"excerpt":{"rendered":"<p>\u0130slam\u2019\u0131n Orta\u00e7a\u011f Avrupas\u0131 \u00dczerindeki Etkisi \ufffc<\/p>\n","protected":false},"featured_media":0,"template":"","meta":{"_monsterinsights_skip_tracking":false,"_monsterinsights_sitenote_active":false,"_monsterinsights_sitenote_note":"","_monsterinsights_sitenote_category":0},"product_brand":[],"product_cat":[13527,14356],"product_tag":[],"class_list":{"0":"post-695029","1":"product","2":"type-product","3":"status-publish","5":"product_cat-sureli-yayinlar","6":"product_cat-tarih-sureli-yayinlar","7":"pa_cilt-ciltsiz","8":"pa_tur-kitap","9":"pa_yayinevi-bilgesu-yayincilik","10":"pa_yazar-w-montgomery-watt","12":"first","13":"instock","14":"sale","15":"shipping-taxable","16":"purchasable","17":"product-type-simple"},"_links":{"self":[{"href":"https:\/\/roveyayinevi.com.tr\/index.php\/wp-json\/wp\/v2\/product\/695029","targetHints":{"allow":["GET"]}}],"collection":[{"href":"https:\/\/roveyayinevi.com.tr\/index.php\/wp-json\/wp\/v2\/product"}],"about":[{"href":"https:\/\/roveyayinevi.com.tr\/index.php\/wp-json\/wp\/v2\/types\/product"}],"wp:attachment":[{"href":"https:\/\/roveyayinevi.com.tr\/index.php\/wp-json\/wp\/v2\/media?parent=695029"}],"wp:term":[{"taxonomy":"product_brand","embeddable":true,"href":"https:\/\/roveyayinevi.com.tr\/index.php\/wp-json\/wp\/v2\/product_brand?post=695029"},{"taxonomy":"product_cat","embeddable":true,"href":"https:\/\/roveyayinevi.com.tr\/index.php\/wp-json\/wp\/v2\/product_cat?post=695029"},{"taxonomy":"product_tag","embeddable":true,"href":"https:\/\/roveyayinevi.com.tr\/index.php\/wp-json\/wp\/v2\/product_tag?post=695029"}],"curies":[{"name":"wp","href":"https:\/\/api.w.org\/{rel}","templated":true}]}}