{"id":695024,"date":"2025-08-27T14:24:58","date_gmt":"2025-08-27T11:24:58","guid":{"rendered":"https:\/\/roveyayinevi.com.tr\/index.php\/urun\/mavi-elma\/"},"modified":"2026-04-16T02:05:01","modified_gmt":"2026-04-15T23:05:01","slug":"mavi-elma","status":"publish","type":"product","link":"https:\/\/roveyayinevi.com.tr\/index.php\/urun\/mavi-elma\/","title":{"rendered":"Mavi Elma"},"content":{"rendered":"<p>Birce, ailesiyle birlikte tatile \u00e7\u0131kar. Yolculuk s\u0131ras\u0131nda \u0130nsuyu Ma\u011faras\u0131&#8217;na u\u011frarlar. Ma\u011fara gezintisinde Birce, kocaman bir kayan\u0131n \u00fcst\u00fcnden d\u00fc\u015fer ve kendisini, mavi elmaya ula\u015ft\u0131racak bir ser\u00fcvenin i\u00e7inde bulur. Siz hi\u00e7 mavi elma g\u00f6rd\u00fcn\u00fcz m\u00fc? Birce g\u00f6rd\u00fc ve do\u011fan\u0131n gizli yanlar\u0131 ile birlikte kendini de ke\u015ffetti. Sevgili \u00e7ocuklar, size \u00f6\u011fretilen ger\u00e7ekler, ya\u015fam\u0131n sadece bir k\u0131sm\u0131\u2026 Haydi, kocaman bir \u0131s\u0131r\u0131k al\u0131n Mavi Elma&#8217;dan. <\/p>\n","protected":false},"excerpt":{"rendered":"<p>Birce, ailesiyle birlikte tatile \u00e7\u0131kar. Yolculuk s\u0131ras\u0131nda \u0130nsuyu Ma\u011faras\u0131&#8217;na u\u011frarlar. Ma\u011fara gezintisinde Birce, kocaman bir kayan\u0131n \u00fcst\u00fcnden d\u00fc\u015fer ve kendisini, mavi elmaya ula\u015ft\u0131racak bir ser\u00fcvenin i\u00e7inde<span class=\"excerpt-hellip\"> [\u2026]<\/span><\/p>\n","protected":false},"featured_media":0,"template":"","meta":{"_monsterinsights_skip_tracking":false,"_monsterinsights_sitenote_active":false,"_monsterinsights_sitenote_note":"","_monsterinsights_sitenote_category":0},"product_brand":[],"product_cat":[12275,12274],"product_tag":[],"class_list":{"0":"post-695024","1":"product","2":"type-product","3":"status-publish","5":"product_cat-6-12-yas-kitaplari","6":"product_cat-cocuk-ve-genclik-kitaplari","7":"pa_cilt-ciltsiz","8":"pa_tur-kitap","9":"pa_yayinevi-bilgi-yayinevi-cocuk","10":"pa_yazar-mavisel-yener","12":"first","13":"instock","14":"sale","15":"shipping-taxable","16":"purchasable","17":"product-type-simple"},"_links":{"self":[{"href":"https:\/\/roveyayinevi.com.tr\/index.php\/wp-json\/wp\/v2\/product\/695024","targetHints":{"allow":["GET"]}}],"collection":[{"href":"https:\/\/roveyayinevi.com.tr\/index.php\/wp-json\/wp\/v2\/product"}],"about":[{"href":"https:\/\/roveyayinevi.com.tr\/index.php\/wp-json\/wp\/v2\/types\/product"}],"wp:attachment":[{"href":"https:\/\/roveyayinevi.com.tr\/index.php\/wp-json\/wp\/v2\/media?parent=695024"}],"wp:term":[{"taxonomy":"product_brand","embeddable":true,"href":"https:\/\/roveyayinevi.com.tr\/index.php\/wp-json\/wp\/v2\/product_brand?post=695024"},{"taxonomy":"product_cat","embeddable":true,"href":"https:\/\/roveyayinevi.com.tr\/index.php\/wp-json\/wp\/v2\/product_cat?post=695024"},{"taxonomy":"product_tag","embeddable":true,"href":"https:\/\/roveyayinevi.com.tr\/index.php\/wp-json\/wp\/v2\/product_tag?post=695024"}],"curies":[{"name":"wp","href":"https:\/\/api.w.org\/{rel}","templated":true}]}}