{"id":695023,"date":"2025-08-27T14:24:58","date_gmt":"2025-08-27T11:24:58","guid":{"rendered":"https:\/\/roveyayinevi.com.tr\/index.php\/urun\/atinalilarin-devleti\/"},"modified":"2026-04-16T02:05:01","modified_gmt":"2026-04-15T23:05:01","slug":"atinalilarin-devleti","status":"publish","type":"product","link":"https:\/\/roveyayinevi.com.tr\/index.php\/urun\/atinalilarin-devleti\/","title":{"rendered":"Atinal\u0131lar\u0131n Devleti"},"content":{"rendered":"<p>Aristoteles, Antik\u00e7a\u011f felsefesinin en \u00f6nde gelen filozofudur. Benzer d\u00fczeyde bir felsefeye \u0130lk\u00e7a\u011fda sadece Platon\u2019un eri\u015febildi\u011fi kabul edilir. Antik\u00e7a\u011fa damgas\u0131n\u0131 vurmu\u015f olan Aristoteles, pek \u00e7oklar\u0131na g\u00f6re t\u00fcm \u00e7a\u011flar\u0131n en b\u00fcy\u00fck birka\u00e7 filozofundan biridir. Bilim ve felsefede onun ba\u015farm\u0131\u015f olduklar\u0131yla rekabet etme \u00fcmidi besleyebilen insan say\u0131s\u0131n\u0131n bir elin parmaklar\u0131n\u0131 ge\u00e7medi\u011fi hemen herkes taraf\u0131ndan kabul edilir. Aristoteles, mant\u0131k, do\u011fabilimleri, metafizik, psikoloji, etik ve siyaset felsefesi gibi pek \u00e7ok alanda eser vermi\u015ftir. \u201cAristoteles k\u00fclliyat\u0131\u201d olarak ge\u00e7en, \u00f6zg\u00fcn haliyle Grek\u00e7e 1462 sayfadan olu\u015fan eserler b\u00fct\u00fcn\u00fc, derslerinin, kendisi ya da \u00f6\u011frencileri taraf\u0131ndan tutulmu\u015f notlar\u0131ndan olu\u015fur. Aristoteles, en \u00f6nemli eserlerinden biri olan Politika\u2019da, Yunan kent devletlerinin anayasalar\u0131n\u0131 kar\u015f\u0131la\u015ft\u0131rmal\u0131 olarak inceler. 1890 y\u0131l\u0131nda M\u0131s\u0131r\u2019da bir papir\u00fcs \u00fczerinde bulunan Atinal\u0131lar\u0131n Devleti ise, Atina\u2019n\u0131n en eski tarihini, demokrasinin kurulu\u015funu ve geli\u015fme s\u00fcrecini, oligar\u015fik yap\u0131y\u0131, vatanda\u015fl\u0131k haklar\u0131, halk meclisleri, memurlar ve mahkemelerle ilgili durumlar\u0131 ele al\u0131yor. 69 b\u00f6l\u00fcmden olu\u015fan eser, ilk 40 b\u00f6l\u00fcmde Atina\u2019daki tarihsel geli\u015fmeyi anlat\u0131rken, di\u011fer b\u00f6l\u00fcmler kentin siyasi yap\u0131s\u0131 hakk\u0131nda genel bilgiler veriyor. Kimi eksik b\u00f6l\u00fcmleri olmas\u0131na kar\u015f\u0131n,  Atinal\u0131lar\u0131n Devleti, Eski Yunan\u2019daki siyasal ve kamusal hayat\u0131 \u00f6\u011frenmek isteyen okurlar ve ara\u015ft\u0131rmac\u0131lar i\u00e7in e\u015fsiz bir hazine sunuyor. <\/p>\n","protected":false},"excerpt":{"rendered":"<p>Aristoteles, Antik\u00e7a\u011f felsefesinin en \u00f6nde gelen filozofudur. Benzer d\u00fczeyde bir felsefeye \u0130lk\u00e7a\u011fda sadece Platon\u2019un eri\u015febildi\u011fi kabul edilir. Antik\u00e7a\u011fa damgas\u0131n\u0131 vurmu\u015f olan Aristoteles, pek \u00e7oklar\u0131na g\u00f6re t\u00fcm<span class=\"excerpt-hellip\"> [\u2026]<\/span><\/p>\n","protected":false},"featured_media":0,"template":"","meta":{"_monsterinsights_skip_tracking":false,"_monsterinsights_sitenote_active":false,"_monsterinsights_sitenote_note":"","_monsterinsights_sitenote_category":0},"product_brand":[],"product_cat":[12388,14717],"product_tag":[],"class_list":{"0":"post-695023","1":"product","2":"type-product","3":"status-publish","5":"product_cat-felsefe","6":"product_cat-felsefe-tarihi","7":"pa_cilt-ciltsiz","8":"pa_tur-kitap","9":"pa_yayinevi-say-yayinlari","10":"pa_yazar-aristoteles","12":"first","13":"instock","14":"sale","15":"shipping-taxable","16":"purchasable","17":"product-type-simple"},"_links":{"self":[{"href":"https:\/\/roveyayinevi.com.tr\/index.php\/wp-json\/wp\/v2\/product\/695023","targetHints":{"allow":["GET"]}}],"collection":[{"href":"https:\/\/roveyayinevi.com.tr\/index.php\/wp-json\/wp\/v2\/product"}],"about":[{"href":"https:\/\/roveyayinevi.com.tr\/index.php\/wp-json\/wp\/v2\/types\/product"}],"wp:attachment":[{"href":"https:\/\/roveyayinevi.com.tr\/index.php\/wp-json\/wp\/v2\/media?parent=695023"}],"wp:term":[{"taxonomy":"product_brand","embeddable":true,"href":"https:\/\/roveyayinevi.com.tr\/index.php\/wp-json\/wp\/v2\/product_brand?post=695023"},{"taxonomy":"product_cat","embeddable":true,"href":"https:\/\/roveyayinevi.com.tr\/index.php\/wp-json\/wp\/v2\/product_cat?post=695023"},{"taxonomy":"product_tag","embeddable":true,"href":"https:\/\/roveyayinevi.com.tr\/index.php\/wp-json\/wp\/v2\/product_tag?post=695023"}],"curies":[{"name":"wp","href":"https:\/\/api.w.org\/{rel}","templated":true}]}}