{"id":695022,"date":"2025-08-27T14:24:58","date_gmt":"2025-08-27T11:24:58","guid":{"rendered":"https:\/\/roveyayinevi.com.tr\/index.php\/urun\/mektepliler-munevverler-meraklilar-trabzonda-futbolun-toplumsal-tarihi\/"},"modified":"2026-04-16T02:05:01","modified_gmt":"2026-04-15T23:05:01","slug":"mektepliler-munevverler-meraklilar-trabzonda-futbolun-toplumsal-tarihi","status":"publish","type":"product","link":"https:\/\/roveyayinevi.com.tr\/index.php\/urun\/mektepliler-munevverler-meraklilar-trabzonda-futbolun-toplumsal-tarihi\/","title":{"rendered":"Mektepliler, M\u00fcnevverler, Merakl\u0131lar: Trabzon&#8217;da Futbolun Toplumsal Tarihi"},"content":{"rendered":"<p>Trabzon \u015fehri spor ibtilas\u0131 ge\u00e7iriyor. \u0130stanbul\u2019da dans ibtilas\u0131, Ankara\u2019da ud, Trabzon\u2019da futbol&#8230; Bunlar birer hastal\u0131k gibi yakalad\u0131klar\u0131 adam\u0131n yakas\u0131n\u0131 b\u0131rakm\u0131yorlar. Trabzon\u2019da mahalle aralar\u0131nda, ta Kavak Meydan\u0131\u2019na kadar ne kadar meydan, cami havlisi, bah\u00e7e varsa birka\u00e7 \u00e7ocuk toplanm\u0131\u015f! Gol gol diye ba\u011f\u0131r\u0131yor. Hele \u015fu hafta tatilinin i\u015fsiz bir s\u00fcr\u00fc halk\u0131n\u0131n Kavak meydan\u0131na do\u011fru toplanmas\u0131 bu ibtilay\u0131 azd\u0131rd\u0131. \u015eimdi herkeste bir spor heyecan\u0131 var. Trabzon\u2019un futbolla yat\u0131p futbolla kalkan bir yer oldu\u011funu hep biliyoruz. Bu, futbol bir pop\u00fcler k\u00fclt\u00fcr olgusu ve bir end\u00fcstri olmazdan \u00f6nce de b\u00f6yleydi. Hatta Trabzonspor\u2019dan \u00f6nce de b\u00f6yleydi&#8230; Sevecen Tun\u00e7, Cumhuriyetin ilk y\u0131llar\u0131ndan 1960\u2019lar\u0131n sonlar\u0131na uzanan kesitte Trabzon \u015fehrinde futbolun oynad\u0131\u011f\u0131 rol\u00fc anlat\u0131yor: M\u00fcnevverlerleri, mekteplileri ve merakl\u0131lar\u0131 m\u0131knat\u0131s gibi \u00e7eken bir modernle\u015fme ve medenile\u015fme vas\u0131tas\u0131 olarak futbol&#8230; \u0130stanbul\u2019a kar\u015f\u0131 h\u00fcviyetini kabul ettirme iddias\u0131n\u0131n ve kentin kendisini \u015eark\u2019\u0131n merkezi olarak konumland\u0131rmas\u0131n\u0131n bayra\u011f\u0131 olarak futbol&#8230; Sadece bir futbol roman\u0131 de\u011fil bir \u015fehrin hikayesi, bir modernle\u015fme hikayesi. Aile alb\u00fcm\u00fcnden foto\u011fraflarla beraber! <\/p>\n","protected":false},"excerpt":{"rendered":"<p>Trabzon \u015fehri spor ibtilas\u0131 ge\u00e7iriyor. \u0130stanbul\u2019da dans ibtilas\u0131, Ankara\u2019da ud, Trabzon\u2019da futbol&#8230; Bunlar birer hastal\u0131k gibi yakalad\u0131klar\u0131 adam\u0131n yakas\u0131n\u0131 b\u0131rakm\u0131yorlar. Trabzon\u2019da mahalle aralar\u0131nda, ta Kavak Meydan\u0131\u2019na<span class=\"excerpt-hellip\"> [\u2026]<\/span><\/p>\n","protected":false},"featured_media":0,"template":"","meta":{"_monsterinsights_skip_tracking":false,"_monsterinsights_sitenote_active":false,"_monsterinsights_sitenote_note":"","_monsterinsights_sitenote_category":0},"product_brand":[],"product_cat":[15563,15564],"product_tag":[],"class_list":{"0":"post-695022","1":"product","2":"type-product","3":"status-publish","5":"product_cat-hobi","6":"product_cat-spor","7":"pa_cilt-ciltsiz","8":"pa_tur-kitap","9":"pa_yayinevi-iletisim-yayinlari","10":"pa_yazar-sevecen-tunc","12":"first","13":"instock","14":"sale","15":"shipping-taxable","16":"purchasable","17":"product-type-simple"},"_links":{"self":[{"href":"https:\/\/roveyayinevi.com.tr\/index.php\/wp-json\/wp\/v2\/product\/695022","targetHints":{"allow":["GET"]}}],"collection":[{"href":"https:\/\/roveyayinevi.com.tr\/index.php\/wp-json\/wp\/v2\/product"}],"about":[{"href":"https:\/\/roveyayinevi.com.tr\/index.php\/wp-json\/wp\/v2\/types\/product"}],"wp:attachment":[{"href":"https:\/\/roveyayinevi.com.tr\/index.php\/wp-json\/wp\/v2\/media?parent=695022"}],"wp:term":[{"taxonomy":"product_brand","embeddable":true,"href":"https:\/\/roveyayinevi.com.tr\/index.php\/wp-json\/wp\/v2\/product_brand?post=695022"},{"taxonomy":"product_cat","embeddable":true,"href":"https:\/\/roveyayinevi.com.tr\/index.php\/wp-json\/wp\/v2\/product_cat?post=695022"},{"taxonomy":"product_tag","embeddable":true,"href":"https:\/\/roveyayinevi.com.tr\/index.php\/wp-json\/wp\/v2\/product_tag?post=695022"}],"curies":[{"name":"wp","href":"https:\/\/api.w.org\/{rel}","templated":true}]}}