{"id":695020,"date":"2025-08-27T14:24:57","date_gmt":"2025-08-27T11:24:57","guid":{"rendered":"https:\/\/roveyayinevi.com.tr\/index.php\/urun\/mezopotamya-uygarliginda-suryani-tarihi\/"},"modified":"2026-04-16T02:05:01","modified_gmt":"2026-04-15T23:05:01","slug":"mezopotamya-uygarliginda-suryani-tarihi","status":"publish","type":"product","link":"https:\/\/roveyayinevi.com.tr\/index.php\/urun\/mezopotamya-uygarliginda-suryani-tarihi\/","title":{"rendered":"Mezopotamya Uygarl\u0131\u011f\u0131nda S\u00fcryani Tarihi"},"content":{"rendered":"<p>Tarih biliminin temel ama\u00e7lar\u0131ndan biri de, insanl\u0131\u011f\u0131n ya\u015fam\u0131n\u0131n geli\u015fti\u011fi mekanlar\u0131 ve zamanlar\u0131 kay\u0131t alt\u0131na almakt\u0131r. Elinizdeki bu eser de, Ortado\u011fu ve Mezopotamya k\u00fclt\u00fcr\u00fcn\u00fcn ilk olu\u015fum \u00f6rnekleri ile uygarl\u0131klar\u0131n\u0131n geli\u015fimini, b\u00fct\u00fcn y\u00f6nleriyle, ansiklopedik nitelikte ve tarihsel bir y\u00f6ntemle ortaya koymaktad\u0131r.Kitapta, Mezopotamya&#8217;ya ilk yerle\u015fen ve b\u00fct\u00fcn d\u00fcnyaya yay\u0131lan medeniyetlerin geli\u015fmesinde \u00f6nc\u00fc bir rol oynayan ve g\u00fcn\u00fcm\u00fczde yok olman\u0131n e\u015fi\u011fine getirilen bir halk\u0131n ya\u015fad\u0131klar\u0131na tan\u0131k olacaks\u0131n\u0131z. S\u00fcmer uygarl\u0131\u011f\u0131n\u0131n Sami topluluklar\u0131 taraf\u0131ndan geli\u015ftirilmesi, Akad, Babil, Asur, Aram, Kalde ilk devlet, imparatorluk ve beylikleri bu eserde geni\u015f bir \u015fekilde ele al\u0131nm\u0131\u015ft\u0131r. Ayn\u0131 zamanda bu kitapta anlat\u0131lanlar, M\u00d6 ortaya \u00e7\u0131kan Mezopotamya uygarl\u0131klar\u0131n\u0131n S\u00fcryani halk kimli\u011fine kaynakl\u0131k etmesi, H\u0131ristiyanl\u0131\u011f\u0131n do\u011fu\u015fu, I. D\u00fcnya Sava\u015f\u0131 s\u00fcreci, Sayfo ve 1933 Simele katliam\u0131na kadar uzanan binlerce y\u0131ll\u0131k uzun bir tarihi kapsamaktad\u0131r. <\/p>\n","protected":false},"excerpt":{"rendered":"<p>Tarih biliminin temel ama\u00e7lar\u0131ndan biri de, insanl\u0131\u011f\u0131n ya\u015fam\u0131n\u0131n geli\u015fti\u011fi mekanlar\u0131 ve zamanlar\u0131 kay\u0131t alt\u0131na almakt\u0131r. Elinizdeki bu eser de, Ortado\u011fu ve Mezopotamya k\u00fclt\u00fcr\u00fcn\u00fcn ilk olu\u015fum \u00f6rnekleri<span class=\"excerpt-hellip\"> [\u2026]<\/span><\/p>\n","protected":false},"featured_media":0,"template":"","meta":{"_monsterinsights_skip_tracking":false,"_monsterinsights_sitenote_active":false,"_monsterinsights_sitenote_note":"","_monsterinsights_sitenote_category":0},"product_brand":[],"product_cat":[13517,12304],"product_tag":[],"class_list":{"0":"post-695020","1":"product","2":"type-product","3":"status-publish","5":"product_cat-osmanli-tarihi","6":"product_cat-tarih","7":"pa_cilt-ciltsiz","8":"pa_tur-kitap","9":"pa_yayinevi-nika-yayinevi","10":"pa_yazar-suphi-aksoy","11":"pa_yazar-tuma-celik","13":"first","14":"instock","15":"sale","16":"shipping-taxable","17":"purchasable","18":"product-type-simple"},"_links":{"self":[{"href":"https:\/\/roveyayinevi.com.tr\/index.php\/wp-json\/wp\/v2\/product\/695020","targetHints":{"allow":["GET"]}}],"collection":[{"href":"https:\/\/roveyayinevi.com.tr\/index.php\/wp-json\/wp\/v2\/product"}],"about":[{"href":"https:\/\/roveyayinevi.com.tr\/index.php\/wp-json\/wp\/v2\/types\/product"}],"wp:attachment":[{"href":"https:\/\/roveyayinevi.com.tr\/index.php\/wp-json\/wp\/v2\/media?parent=695020"}],"wp:term":[{"taxonomy":"product_brand","embeddable":true,"href":"https:\/\/roveyayinevi.com.tr\/index.php\/wp-json\/wp\/v2\/product_brand?post=695020"},{"taxonomy":"product_cat","embeddable":true,"href":"https:\/\/roveyayinevi.com.tr\/index.php\/wp-json\/wp\/v2\/product_cat?post=695020"},{"taxonomy":"product_tag","embeddable":true,"href":"https:\/\/roveyayinevi.com.tr\/index.php\/wp-json\/wp\/v2\/product_tag?post=695020"}],"curies":[{"name":"wp","href":"https:\/\/api.w.org\/{rel}","templated":true}]}}