{"id":695018,"date":"2025-08-27T14:24:57","date_gmt":"2025-08-27T11:24:57","guid":{"rendered":"https:\/\/roveyayinevi.com.tr\/index.php\/urun\/gelecek\/"},"modified":"2026-04-16T02:05:00","modified_gmt":"2026-04-15T23:05:00","slug":"gelecek","status":"publish","type":"product","link":"https:\/\/roveyayinevi.com.tr\/index.php\/urun\/gelecek\/","title":{"rendered":"Gelecek"},"content":{"rendered":"<p>Al Gore gelecekte siber uzaydan \u00e7evre sorunlar\u0131na, bilimden ekonomiye her ba\u011flamda g\u00f6\u011f\u00fcslememiz ve tehdit olmaktan \u00e7\u0131kar\u0131p f\u0131rsatlara d\u00f6n\u00fc\u015ft\u00fcrmemiz gereken zorluklar\u0131, iyi bir ara\u015ft\u0131rman\u0131n sa\u011flad\u0131\u011f\u0131 etkileyici bir kapsam ve derinlikte tart\u0131\u015f\u0131yor.\u201dTim Berners-Lee, World Wide Web\u2019in (www) mucidi <\/p>\n","protected":false},"excerpt":{"rendered":"<p>Al Gore gelecekte siber uzaydan \u00e7evre sorunlar\u0131na, bilimden ekonomiye her ba\u011flamda g\u00f6\u011f\u00fcslememiz ve tehdit olmaktan \u00e7\u0131kar\u0131p f\u0131rsatlara d\u00f6n\u00fc\u015ft\u00fcrmemiz gereken zorluklar\u0131, iyi bir ara\u015ft\u0131rman\u0131n sa\u011flad\u0131\u011f\u0131 etkileyici bir<span class=\"excerpt-hellip\"> [\u2026]<\/span><\/p>\n","protected":false},"featured_media":0,"template":"","meta":{"_monsterinsights_skip_tracking":false,"_monsterinsights_sitenote_active":false,"_monsterinsights_sitenote_note":"","_monsterinsights_sitenote_category":0},"product_brand":[],"product_cat":[13043,17647],"product_tag":[],"class_list":{"0":"post-695018","1":"product","2":"type-product","3":"status-publish","5":"product_cat-ekonomi","6":"product_cat-is-dunyasi","7":"pa_tur-kitap","8":"pa_yayinevi-mediacat-kitaplari","9":"pa_yazar-al-gore","11":"first","12":"instock","13":"sale","14":"shipping-taxable","15":"purchasable","16":"product-type-simple"},"_links":{"self":[{"href":"https:\/\/roveyayinevi.com.tr\/index.php\/wp-json\/wp\/v2\/product\/695018","targetHints":{"allow":["GET"]}}],"collection":[{"href":"https:\/\/roveyayinevi.com.tr\/index.php\/wp-json\/wp\/v2\/product"}],"about":[{"href":"https:\/\/roveyayinevi.com.tr\/index.php\/wp-json\/wp\/v2\/types\/product"}],"wp:attachment":[{"href":"https:\/\/roveyayinevi.com.tr\/index.php\/wp-json\/wp\/v2\/media?parent=695018"}],"wp:term":[{"taxonomy":"product_brand","embeddable":true,"href":"https:\/\/roveyayinevi.com.tr\/index.php\/wp-json\/wp\/v2\/product_brand?post=695018"},{"taxonomy":"product_cat","embeddable":true,"href":"https:\/\/roveyayinevi.com.tr\/index.php\/wp-json\/wp\/v2\/product_cat?post=695018"},{"taxonomy":"product_tag","embeddable":true,"href":"https:\/\/roveyayinevi.com.tr\/index.php\/wp-json\/wp\/v2\/product_tag?post=695018"}],"curies":[{"name":"wp","href":"https:\/\/api.w.org\/{rel}","templated":true}]}}