{"id":695017,"date":"2025-08-27T14:24:57","date_gmt":"2025-08-27T11:24:57","guid":{"rendered":"https:\/\/roveyayinevi.com.tr\/index.php\/urun\/kaptan-dusukdon-10-radyoaktif-robotdonlarin-igrenc-intikami\/"},"modified":"2026-04-16T02:05:00","modified_gmt":"2026-04-15T23:05:00","slug":"kaptan-dusukdon-10-radyoaktif-robotdonlarin-igrenc-intikami","status":"publish","type":"product","link":"https:\/\/roveyayinevi.com.tr\/index.php\/urun\/kaptan-dusukdon-10-radyoaktif-robotdonlarin-igrenc-intikami\/","title":{"rendered":"Kaptan D\u00fc\u015f\u00fckdon 10 &#8211; Radyoaktif Robotdonlar\u0131n \u0130\u011fren\u00e7 \u0130ntikam\u0131"},"content":{"rendered":"<p>Kahramanlar\u0131m\u0131z George ve Harold\u2019\u0131 son g\u00f6rd\u00fc\u011f\u00fcm\u00fczde harap olmu\u015f bir gezegende sonsuza dek aylak aylak dola\u015facak olan zombi ineklere d\u00f6n\u00fc\u015ft\u00fcr\u00fclm\u00fc\u015flerdi. Ama muhte\u015fem Kaptan D\u00fc\u015f\u00fckdon \u00e7ocuklar\u0131 bu korkun\u00e7 kaderden neden kurtarmad\u0131 diye sorabilirsiniz. \u00c7\u00fcnk\u00fc Huysuz \u00c7\u0131ng\u0131rakl\u0131don ve zamanda yolculuk eden oyunca\u011f\u0131, George ve Harold\u2019\u0131n Kaptan D\u00fc\u015f\u00fckdon\u2019u yaratmalar\u0131na ba\u015ftan engel oldu! \u015eimdi, insanl\u0131k tarihini sonsuza dek de\u011fi\u015ftirdikleri i\u00e7in, onu tekrar eski haline d\u00f6nd\u00fcrmenin bir yolunu bulmak zorundalar!<\/p>\n","protected":false},"excerpt":{"rendered":"<p>Kahramanlar\u0131m\u0131z George ve Harold\u2019\u0131 son g\u00f6rd\u00fc\u011f\u00fcm\u00fczde harap olmu\u015f bir gezegende sonsuza dek aylak aylak dola\u015facak olan zombi ineklere d\u00f6n\u00fc\u015ft\u00fcr\u00fclm\u00fc\u015flerdi. Ama muhte\u015fem Kaptan D\u00fc\u015f\u00fckdon \u00e7ocuklar\u0131 bu korkun\u00e7<span class=\"excerpt-hellip\"> [\u2026]<\/span><\/p>\n","protected":false},"featured_media":0,"template":"","meta":{"_monsterinsights_skip_tracking":false,"_monsterinsights_sitenote_active":false,"_monsterinsights_sitenote_note":"","_monsterinsights_sitenote_category":0},"product_brand":[],"product_cat":[12275,12274],"product_tag":[],"class_list":{"0":"post-695017","1":"product","2":"type-product","3":"status-publish","5":"product_cat-6-12-yas-kitaplari","6":"product_cat-cocuk-ve-genclik-kitaplari","7":"pa_cilt-ciltsiz","8":"pa_tur-kitap","9":"pa_yayinevi-altin-kitaplar-cocuk-kitaplari","10":"pa_yazar-dav-pilkey","12":"first","13":"instock","14":"sale","15":"shipping-taxable","16":"purchasable","17":"product-type-simple"},"_links":{"self":[{"href":"https:\/\/roveyayinevi.com.tr\/index.php\/wp-json\/wp\/v2\/product\/695017","targetHints":{"allow":["GET"]}}],"collection":[{"href":"https:\/\/roveyayinevi.com.tr\/index.php\/wp-json\/wp\/v2\/product"}],"about":[{"href":"https:\/\/roveyayinevi.com.tr\/index.php\/wp-json\/wp\/v2\/types\/product"}],"wp:attachment":[{"href":"https:\/\/roveyayinevi.com.tr\/index.php\/wp-json\/wp\/v2\/media?parent=695017"}],"wp:term":[{"taxonomy":"product_brand","embeddable":true,"href":"https:\/\/roveyayinevi.com.tr\/index.php\/wp-json\/wp\/v2\/product_brand?post=695017"},{"taxonomy":"product_cat","embeddable":true,"href":"https:\/\/roveyayinevi.com.tr\/index.php\/wp-json\/wp\/v2\/product_cat?post=695017"},{"taxonomy":"product_tag","embeddable":true,"href":"https:\/\/roveyayinevi.com.tr\/index.php\/wp-json\/wp\/v2\/product_tag?post=695017"}],"curies":[{"name":"wp","href":"https:\/\/api.w.org\/{rel}","templated":true}]}}