{"id":695014,"date":"2025-08-27T14:24:56","date_gmt":"2025-08-27T11:24:56","guid":{"rendered":"https:\/\/roveyayinevi.com.tr\/index.php\/urun\/uyuyan-adam\/"},"modified":"2026-04-16T02:05:00","modified_gmt":"2026-04-15T23:05:00","slug":"uyuyan-adam","status":"publish","type":"product","link":"https:\/\/roveyayinevi.com.tr\/index.php\/urun\/uyuyan-adam\/","title":{"rendered":"Uyuyan Adam"},"content":{"rendered":"<p>\u0130nsanlardan nefret etti\u011fin anlam\u0131na gelmez bu, ne diye onlardan nefret edesin ki? Ne diye kendinden nefret edesin ki? Ke\u015fke insan t\u00fcr\u00fcne ait olmak, o dayan\u0131lmaz ve sa\u011f\u0131r edici g\u00fcr\u00fclt\u00fcy\u00fc de beraberinde getirmeseydi; ke\u015fke hayvanlar aleminden \u00e7\u0131k\u0131p a\u015f\u0131lan o birka\u00e7 g\u00fcl\u00fcn\u00e7 ad\u0131m\u0131n bedeli, s\u00f6zc\u00fcklerin, b\u00fcy\u00fck tasar\u0131lar\u0131n, b\u00fcy\u00fck at\u0131l\u0131mlar\u0131n o dinmek bilmeyen haz\u0131ms\u0131zl\u0131\u011f\u0131 olmasayd\u0131!&#8230; \ufffcTan\u0131t\u0131m Metni<\/p>\n","protected":false},"excerpt":{"rendered":"<p>\u0130nsanlardan nefret etti\u011fin anlam\u0131na gelmez bu, ne diye onlardan nefret edesin ki? Ne diye kendinden nefret edesin ki? Ke\u015fke insan t\u00fcr\u00fcne ait olmak, o dayan\u0131lmaz ve<span class=\"excerpt-hellip\"> [\u2026]<\/span><\/p>\n","protected":false},"featured_media":0,"template":"","meta":{"_monsterinsights_skip_tracking":false,"_monsterinsights_sitenote_active":false,"_monsterinsights_sitenote_note":"","_monsterinsights_sitenote_category":0},"product_brand":[],"product_cat":[12291,13376],"product_tag":[],"class_list":{"0":"post-695014","1":"product","2":"type-product","3":"status-publish","5":"product_cat-edebiyat","6":"product_cat-fransiz-edebiyati","7":"pa_cilt-ciltsiz","8":"pa_tur-kitap","9":"pa_yayinevi-metis-yayinlari","10":"pa_yazar-georges-perec","12":"first","13":"instock","14":"sale","15":"shipping-taxable","16":"purchasable","17":"product-type-simple"},"_links":{"self":[{"href":"https:\/\/roveyayinevi.com.tr\/index.php\/wp-json\/wp\/v2\/product\/695014","targetHints":{"allow":["GET"]}}],"collection":[{"href":"https:\/\/roveyayinevi.com.tr\/index.php\/wp-json\/wp\/v2\/product"}],"about":[{"href":"https:\/\/roveyayinevi.com.tr\/index.php\/wp-json\/wp\/v2\/types\/product"}],"wp:attachment":[{"href":"https:\/\/roveyayinevi.com.tr\/index.php\/wp-json\/wp\/v2\/media?parent=695014"}],"wp:term":[{"taxonomy":"product_brand","embeddable":true,"href":"https:\/\/roveyayinevi.com.tr\/index.php\/wp-json\/wp\/v2\/product_brand?post=695014"},{"taxonomy":"product_cat","embeddable":true,"href":"https:\/\/roveyayinevi.com.tr\/index.php\/wp-json\/wp\/v2\/product_cat?post=695014"},{"taxonomy":"product_tag","embeddable":true,"href":"https:\/\/roveyayinevi.com.tr\/index.php\/wp-json\/wp\/v2\/product_tag?post=695014"}],"curies":[{"name":"wp","href":"https:\/\/api.w.org\/{rel}","templated":true}]}}