{"id":695012,"date":"2025-08-27T14:24:56","date_gmt":"2025-08-27T11:24:56","guid":{"rendered":"https:\/\/roveyayinevi.com.tr\/index.php\/urun\/uygarligin-huzursuzlugu\/"},"modified":"2026-04-16T02:05:00","modified_gmt":"2026-04-15T23:05:00","slug":"uygarligin-huzursuzlugu","status":"publish","type":"product","link":"https:\/\/roveyayinevi.com.tr\/index.php\/urun\/uygarligin-huzursuzlugu\/","title":{"rendered":"Uygarl\u0131\u011f\u0131n Huzursuzlu\u011fu"},"content":{"rendered":"<p>Psikanalizin kurucusu Sigmund Freud psikanalizin toplumsal olaylar\u0131, uygarl\u0131\u011f\u0131n geli\u015fimini ve sorunlar\u0131n\u0131 a\u00e7\u0131klamakta da elveri\u015fli bir kuram oldu\u011funu Uygarl\u0131\u011f\u0131n Huzursuzlu\u011fu, Totem ve Tabu, Grup Psikolojisi gibi eserlerinde g\u00f6stermi\u015ftir. Freud\u2019un psikanalizin bulgular\u0131n\u0131n sosyal hayat i\u00e7in ne anlama geldi\u011fini dile getirdi\u011fi ba\u015fl\u0131ca eseri oldu\u011fu i\u00e7in, Uygarl\u0131\u011f\u0131n Huzursuzlu\u011fu yirminci y\u00fczy\u0131l boyunca bir\u00e7ok d\u00fc\u015f\u00fcn\u00fcr\u00fc etkilemi\u015f, bir\u00e7oklar\u0131na ilham vermi\u015f ve kendisiyle hesapla\u015fmak zorunda b\u0131rakm\u0131\u015ft\u0131r. Freud\u2019a g\u00f6re hayvani d\u00fcrt\u00fclerle g\u00fcd\u00fclenen insan\u0131n ayn\u0131 zamanda uygar bir varl\u0131k olmaa \u00e7al\u0131\u015fmas\u0131 trajik bir durumdur. Bununla beraber Freud insan\u0131n uygarl\u0131ktan vazge\u00e7emeyece\u011fini de kabul eder. Sonu\u00e7 uygarl\u0131\u011f\u0131n ka\u00e7\u0131n\u0131lmaz huzursuzlu\u011fudur. \u00d6tekini Dinlemek uzmanla\u015fm\u0131\u015f bir dizi. Ama dizide yer alacak b\u00fct\u00fcn kitaplar do\u011frudan insana dair. Hayatlar\u0131m\u0131za, kendi ki\u015fisel deneyim alan\u0131m\u0131za, ana babalar\u0131m\u0131za, onlarla ili\u015fkilerimize, zor b\u00fcy\u00fcme y\u0131llar\u0131m\u0131za dair bir bilgi&#8230; Kendimiz ve di\u011fer insanlarla ilgili sezgilerimizi geli\u015ftirmemize yard\u0131mc\u0131 olacak, yeni kavray\u0131\u015f imkanlar\u0131 verecek ve ku\u015fkusuz \u00f6\u011frenirken herkesin kendi deneyimleriyle s\u0131nayaca\u011f\u0131 t\u00fcrden bir bilgi&#8230; Psikiyatri ve psikanaliz alan\u0131nda y\u00fczy\u0131l boyunca yaz\u0131lm\u0131\u015f temel yap\u0131tlar\u0131 bir k\u00fct\u00fcphane olu\u015fturacak kapsamda bir araya getirirken bunu ama\u00e7lad\u0131k. \ufffcTan\u0131t\u0131m Metni<\/p>\n","protected":false},"excerpt":{"rendered":"<p>Psikanalizin kurucusu Sigmund Freud psikanalizin toplumsal olaylar\u0131, uygarl\u0131\u011f\u0131n geli\u015fimini ve sorunlar\u0131n\u0131 a\u00e7\u0131klamakta da elveri\u015fli bir kuram oldu\u011funu Uygarl\u0131\u011f\u0131n Huzursuzlu\u011fu, Totem ve Tabu, Grup Psikolojisi gibi eserlerinde<span class=\"excerpt-hellip\"> [\u2026]<\/span><\/p>\n","protected":false},"featured_media":0,"template":"","meta":{"_monsterinsights_skip_tracking":false,"_monsterinsights_sitenote_active":false,"_monsterinsights_sitenote_note":"","_monsterinsights_sitenote_category":0},"product_brand":[],"product_cat":[12312,12304],"product_tag":[],"class_list":{"0":"post-695012","1":"product","2":"type-product","3":"status-publish","5":"product_cat-diger","6":"product_cat-tarih","7":"pa_cilt-ciltsiz","8":"pa_tur-kitap","9":"pa_yayinevi-metis-yayinlari","10":"pa_yazar-sigmund-freud","12":"first","13":"instock","14":"sale","15":"shipping-taxable","16":"purchasable","17":"product-type-simple"},"_links":{"self":[{"href":"https:\/\/roveyayinevi.com.tr\/index.php\/wp-json\/wp\/v2\/product\/695012","targetHints":{"allow":["GET"]}}],"collection":[{"href":"https:\/\/roveyayinevi.com.tr\/index.php\/wp-json\/wp\/v2\/product"}],"about":[{"href":"https:\/\/roveyayinevi.com.tr\/index.php\/wp-json\/wp\/v2\/types\/product"}],"wp:attachment":[{"href":"https:\/\/roveyayinevi.com.tr\/index.php\/wp-json\/wp\/v2\/media?parent=695012"}],"wp:term":[{"taxonomy":"product_brand","embeddable":true,"href":"https:\/\/roveyayinevi.com.tr\/index.php\/wp-json\/wp\/v2\/product_brand?post=695012"},{"taxonomy":"product_cat","embeddable":true,"href":"https:\/\/roveyayinevi.com.tr\/index.php\/wp-json\/wp\/v2\/product_cat?post=695012"},{"taxonomy":"product_tag","embeddable":true,"href":"https:\/\/roveyayinevi.com.tr\/index.php\/wp-json\/wp\/v2\/product_tag?post=695012"}],"curies":[{"name":"wp","href":"https:\/\/api.w.org\/{rel}","templated":true}]}}