{"id":695011,"date":"2025-08-27T14:24:55","date_gmt":"2025-08-27T11:24:55","guid":{"rendered":"https:\/\/roveyayinevi.com.tr\/index.php\/urun\/futbolun-anatomisi\/"},"modified":"2026-04-16T02:05:00","modified_gmt":"2026-04-15T23:05:00","slug":"futbolun-anatomisi","status":"publish","type":"product","link":"https:\/\/roveyayinevi.com.tr\/index.php\/urun\/futbolun-anatomisi\/","title":{"rendered":"Futbolun Anatomisi"},"content":{"rendered":"<p>Bu kitapta, futbolun do\u011fu\u015fundan g\u00fcn\u00fcm\u00fcze kadar ge\u00e7en s\u00fcrede ya\u015fananlar\u0131 \u00f6zetlemeye \u00e7al\u0131\u015ft\u0131k. Futbol ve medya ili\u015fkisi, Fair Play ruhuna ayk\u0131r\u0131 davran\u0131\u015flar olarak tespit etti\u011fimiz \u015fiddet, ayr\u0131mc\u0131l\u0131k, \u0131rk\u00e7\u0131l\u0131k, doping, \u015fike, te\u015fvik primi, bahis, k\u00fcf\u00fcr ve rakibi sakatlamaya y\u00f6nelik yap\u0131lan kasd\u00ee hareketlerle ilgili futbol sahalar\u0131nda ya\u015fanm\u0131\u015f olaylar\u0131, futbol y\u00fcz\u00fcnden sava\u015fan \u00fclkeleri veya sava\u015ft\u0131ktan sonra, sava\u015f\u0131n futbola yans\u0131malar\u0131n\u0131, futbol sahalar\u0131nda ya\u015fanm\u0131\u015f \u00f6l\u00fcmc\u00fcl olaylar\u0131 ele ald\u0131k; bu konularda T\u00fcrkiye ve d\u00fcnyadan \u00f6rnekler verdik. K\u00fcreselle\u015fmenin futbol \u00fczerindeki etkilerinden ve internetin futbol ile olan ili\u015fkisinden s\u00f6z ettik. <\/p>\n","protected":false},"excerpt":{"rendered":"<p>Bu kitapta, futbolun do\u011fu\u015fundan g\u00fcn\u00fcm\u00fcze kadar ge\u00e7en s\u00fcrede ya\u015fananlar\u0131 \u00f6zetlemeye \u00e7al\u0131\u015ft\u0131k. Futbol ve medya ili\u015fkisi, Fair Play ruhuna ayk\u0131r\u0131 davran\u0131\u015flar olarak tespit etti\u011fimiz \u015fiddet, ayr\u0131mc\u0131l\u0131k, \u0131rk\u00e7\u0131l\u0131k,<span class=\"excerpt-hellip\"> [\u2026]<\/span><\/p>\n","protected":false},"featured_media":0,"template":"","meta":{"_monsterinsights_skip_tracking":false,"_monsterinsights_sitenote_active":false,"_monsterinsights_sitenote_note":"","_monsterinsights_sitenote_category":0},"product_brand":[],"product_cat":[15563,15564],"product_tag":[],"class_list":{"0":"post-695011","1":"product","2":"type-product","3":"status-publish","5":"product_cat-hobi","6":"product_cat-spor","7":"pa_cilt-ciltsiz","8":"pa_tur-kitap","9":"pa_yayinevi-otuken-nesriyat","10":"pa_yazar-bilge-donuk","12":"first","13":"instock","14":"sale","15":"shipping-taxable","16":"purchasable","17":"product-type-simple"},"_links":{"self":[{"href":"https:\/\/roveyayinevi.com.tr\/index.php\/wp-json\/wp\/v2\/product\/695011","targetHints":{"allow":["GET"]}}],"collection":[{"href":"https:\/\/roveyayinevi.com.tr\/index.php\/wp-json\/wp\/v2\/product"}],"about":[{"href":"https:\/\/roveyayinevi.com.tr\/index.php\/wp-json\/wp\/v2\/types\/product"}],"wp:attachment":[{"href":"https:\/\/roveyayinevi.com.tr\/index.php\/wp-json\/wp\/v2\/media?parent=695011"}],"wp:term":[{"taxonomy":"product_brand","embeddable":true,"href":"https:\/\/roveyayinevi.com.tr\/index.php\/wp-json\/wp\/v2\/product_brand?post=695011"},{"taxonomy":"product_cat","embeddable":true,"href":"https:\/\/roveyayinevi.com.tr\/index.php\/wp-json\/wp\/v2\/product_cat?post=695011"},{"taxonomy":"product_tag","embeddable":true,"href":"https:\/\/roveyayinevi.com.tr\/index.php\/wp-json\/wp\/v2\/product_tag?post=695011"}],"curies":[{"name":"wp","href":"https:\/\/api.w.org\/{rel}","templated":true}]}}