{"id":695010,"date":"2025-08-27T14:24:55","date_gmt":"2025-08-27T11:24:55","guid":{"rendered":"https:\/\/roveyayinevi.com.tr\/index.php\/urun\/selcuklular-tarihi-ve-turk-islam-medeniyeti\/"},"modified":"2026-04-16T02:05:00","modified_gmt":"2026-04-15T23:05:00","slug":"selcuklular-tarihi-ve-turk-islam-medeniyeti","status":"publish","type":"product","link":"https:\/\/roveyayinevi.com.tr\/index.php\/urun\/selcuklular-tarihi-ve-turk-islam-medeniyeti\/","title":{"rendered":"Sel\u00e7uklular Tarihi ve T\u00fcrk &#8211; \u0130slam Medeniyeti"},"content":{"rendered":"<p>Kendisinden sonraki b\u00fct\u00fcn tarih ara\u015ft\u0131rmalar\u0131na metod ve muhteva olarak kaynakl\u0131k etmi\u015f bir ba\u015f eserdir. &#8220;T\u00fcrkler, \u0130sl\u00e2miyeti umum\u00ee ve mill\u00ee din h\u00e2line getirince Altay da\u011flar\u0131ndan Akdeniz k\u0131y\u0131lar\u0131na kadar Cih\u00e2n-\u015f\u00fcm\u00fbl Sel\u00e7uklu \u0130mparatorlu\u011funu kurmu\u015flard\u0131r. Bu suretle \u0130sl\u00e2m d\u00fcnyas\u0131na h\u00e2kim olan, Yak\u0131n-\u015eark&#8217;\u0131 ve hus\u00fbsiyle Anadolu&#8217;yu T\u00fcrkle\u015ftiren Sel\u00e7uklular, \u0130sl\u00e2m d\u00fcnyas\u0131na \u0131rk\u00ee, siy\u00e2s\u00ee, iktisad\u00ee, i\u00e7tim\u00e2 ve k\u00fclt\u00fcrel yeni m\u00fcessese ve unsurlar getirerek \u0130sl\u00e2m medeniyetini \u00e7\u00f6k\u00fcnt\u00fcden kurtar\u0131p ona taze bir kan ve hayatiyet vermi\u015fler; \u00e7e\u015fitli kavim, din ve mezhepler aras\u0131nda v\u00fcc\u00fbda getirdikleri yeni niz\u00e2m\u0131, meydana \u00e7\u0131kan yeni devletler ile, d\u00f6rt as\u0131r s\u00fcrd\u00fcrm\u00fc\u015flerdir. T\u00fcrkiye Tarihi&#8217;nin cihan\u015f\u00fcmul Osmanl\u0131 Devleti&#8217;nden \u00f6nceki devresi&#8230;<\/p>\n","protected":false},"excerpt":{"rendered":"<p>Kendisinden sonraki b\u00fct\u00fcn tarih ara\u015ft\u0131rmalar\u0131na metod ve muhteva olarak kaynakl\u0131k etmi\u015f bir ba\u015f eserdir. &#8220;T\u00fcrkler, \u0130sl\u00e2miyeti umum\u00ee ve mill\u00ee din h\u00e2line getirince Altay da\u011flar\u0131ndan Akdeniz k\u0131y\u0131lar\u0131na<span class=\"excerpt-hellip\"> [\u2026]<\/span><\/p>\n","protected":false},"featured_media":0,"template":"","meta":{"_monsterinsights_skip_tracking":false,"_monsterinsights_sitenote_active":false,"_monsterinsights_sitenote_note":"","_monsterinsights_sitenote_category":0},"product_brand":[],"product_cat":[13517,12304],"product_tag":[],"class_list":{"0":"post-695010","1":"product","2":"type-product","3":"status-publish","5":"product_cat-osmanli-tarihi","6":"product_cat-tarih","7":"pa_cilt-ciltsiz","8":"pa_tur-kitap","9":"pa_yayinevi-otuken-nesriyat","10":"pa_yazar-osman-turan","12":"first","13":"instock","14":"sale","15":"shipping-taxable","16":"purchasable","17":"product-type-simple"},"_links":{"self":[{"href":"https:\/\/roveyayinevi.com.tr\/index.php\/wp-json\/wp\/v2\/product\/695010","targetHints":{"allow":["GET"]}}],"collection":[{"href":"https:\/\/roveyayinevi.com.tr\/index.php\/wp-json\/wp\/v2\/product"}],"about":[{"href":"https:\/\/roveyayinevi.com.tr\/index.php\/wp-json\/wp\/v2\/types\/product"}],"wp:attachment":[{"href":"https:\/\/roveyayinevi.com.tr\/index.php\/wp-json\/wp\/v2\/media?parent=695010"}],"wp:term":[{"taxonomy":"product_brand","embeddable":true,"href":"https:\/\/roveyayinevi.com.tr\/index.php\/wp-json\/wp\/v2\/product_brand?post=695010"},{"taxonomy":"product_cat","embeddable":true,"href":"https:\/\/roveyayinevi.com.tr\/index.php\/wp-json\/wp\/v2\/product_cat?post=695010"},{"taxonomy":"product_tag","embeddable":true,"href":"https:\/\/roveyayinevi.com.tr\/index.php\/wp-json\/wp\/v2\/product_tag?post=695010"}],"curies":[{"name":"wp","href":"https:\/\/api.w.org\/{rel}","templated":true}]}}