{"id":695009,"date":"2025-08-27T14:24:55","date_gmt":"2025-08-27T11:24:55","guid":{"rendered":"https:\/\/roveyayinevi.com.tr\/index.php\/urun\/gec-barbarlik-cagi-1\/"},"modified":"2026-04-16T02:05:00","modified_gmt":"2026-04-15T23:05:00","slug":"gec-barbarlik-cagi-1","status":"publish","type":"product","link":"https:\/\/roveyayinevi.com.tr\/index.php\/urun\/gec-barbarlik-cagi-1\/","title":{"rendered":"Ge\u00e7 Barbarl\u0131k \u00c7a\u011f\u0131 1"},"content":{"rendered":"<p>ODT\u00dc \u0130ktisat B\u00f6l\u00fcm\u00fc Emekli \u00d6\u011fretim \u00dcyesi Prof. Oktar T\u00fcrel\u2019in 1979-2010 y\u0131llar\u0131 aras\u0131nda kaleme ald\u0131\u011f\u0131 yaz\u0131lardan yirmi \u00fc\u00e7\u00fcn\u00fc Ge\u00e7 Barbarl\u0131k \u00c7a\u011f\u0131 (1-2) ad\u0131 alt\u0131nda ve iki kitapta, ilk yay\u0131nland\u0131klar\u0131 bi\u00e7im ve i\u00e7erikleriyle okurlara sunuyoruz. D\u00fcnya ve T\u00fcrkiye alt ba\u015fl\u0131\u011f\u0131n\u0131 ta\u015f\u0131yan Ge\u00e7 Barbarl\u0131k \u00c7a\u011f\u0131-1\u2019deki on bir yaz\u0131dan ilk \u00fc\u00e7\u00fcnde T\u00fcrkiye\u2019nin Avrupa ile, temel parametreleri 19. y\u00fczy\u0131l ba\u015f\u0131nda belirlenen ve o tarihten bu yana sorunlu olmaya devam eden ili\u015fkileri ele al\u0131n\u0131yor. Kitab\u0131n d\u00f6rd\u00fcnc\u00fc yaz\u0131s\u0131, T\u00fcrkiye\u2019nin geli\u015fmi\u015f Bat\u0131 ekonomileri y\u00f6r\u00fcngesindeki iki y\u00fczy\u0131ll\u0131k mali ba\u011f\u0131ml\u0131l\u0131\u011f\u0131n\u0131n ac\u0131kl\u0131 \u00f6yk\u00fcs\u00fcd\u00fcr. Be\u015finci, alt\u0131nc\u0131 ve yedinci yaz\u0131larda D\u00fcnya Bankas\u0131 ve IMF\u2019nin ge\u00e7irdi\u011fi tarihsel evrim ve bug\u00fcn\u00fcn k\u00fcresel ekonomisindeki i\u015flevleri, \u00f6zellikle geli\u015fmekte olan \u00fclkeler perspektifinden sorgulan\u0131yor. Sekizinci ve dokuzuncu yaz\u0131larda ise T\u00fcrkiye\u2019nin Rusya ve Do\u011fu Akdeniz co\u011frafyas\u0131 ile kesi\u015fen tarihsel kader \u00e7izgileri inceleniyor. Onuncu yaz\u0131, ge\u00e7mi\u015f \u00e7eyrek y\u00fczy\u0131lda (1975-2000) sanayi sekt\u00f6r\u00fcn\u00fcn d\u00fcnya \u00f6l\u00e7e\u011findeki geli\u015fmesini ele al\u0131yor. Onbirinci ve sonuncu yaz\u0131, 1980\u2019li y\u0131llar ba\u015f\u0131nda geli\u015fmekte olan \u00fclkeleri \u00e7ok y\u0131pratan bor\u00e7 krizlerine Latin Amerika penceresinden bak\u0131yor, ama krizin Latin Amerika\u2019y\u0131 a\u015fan siyasal yans\u0131malar\u0131n\u0131 da d\u00fc\u015f\u00fcnd\u00fcrerek&#8230; \ufffcTan\u0131t\u0131m Metni<\/p>\n","protected":false},"excerpt":{"rendered":"<p>ODT\u00dc \u0130ktisat B\u00f6l\u00fcm\u00fc Emekli \u00d6\u011fretim \u00dcyesi Prof. Oktar T\u00fcrel\u2019in 1979-2010 y\u0131llar\u0131 aras\u0131nda kaleme ald\u0131\u011f\u0131 yaz\u0131lardan yirmi \u00fc\u00e7\u00fcn\u00fc Ge\u00e7 Barbarl\u0131k \u00c7a\u011f\u0131 (1-2) ad\u0131 alt\u0131nda ve iki kitapta,<span class=\"excerpt-hellip\"> [\u2026]<\/span><\/p>\n","protected":false},"featured_media":0,"template":"","meta":{"_monsterinsights_skip_tracking":false,"_monsterinsights_sitenote_active":false,"_monsterinsights_sitenote_note":"","_monsterinsights_sitenote_category":0},"product_brand":[],"product_cat":[13590,12337],"product_tag":[],"class_list":{"0":"post-695009","1":"product","2":"type-product","3":"status-publish","5":"product_cat-arastirma-inceleme-politika-siyaset","6":"product_cat-politika-siyaset","7":"pa_cilt-ciltsiz","8":"pa_tur-kitap","9":"pa_yayinevi-yordam-kitap","10":"pa_yazar-oktar-turel","12":"first","13":"instock","14":"sale","15":"shipping-taxable","16":"purchasable","17":"product-type-simple"},"_links":{"self":[{"href":"https:\/\/roveyayinevi.com.tr\/index.php\/wp-json\/wp\/v2\/product\/695009","targetHints":{"allow":["GET"]}}],"collection":[{"href":"https:\/\/roveyayinevi.com.tr\/index.php\/wp-json\/wp\/v2\/product"}],"about":[{"href":"https:\/\/roveyayinevi.com.tr\/index.php\/wp-json\/wp\/v2\/types\/product"}],"wp:attachment":[{"href":"https:\/\/roveyayinevi.com.tr\/index.php\/wp-json\/wp\/v2\/media?parent=695009"}],"wp:term":[{"taxonomy":"product_brand","embeddable":true,"href":"https:\/\/roveyayinevi.com.tr\/index.php\/wp-json\/wp\/v2\/product_brand?post=695009"},{"taxonomy":"product_cat","embeddable":true,"href":"https:\/\/roveyayinevi.com.tr\/index.php\/wp-json\/wp\/v2\/product_cat?post=695009"},{"taxonomy":"product_tag","embeddable":true,"href":"https:\/\/roveyayinevi.com.tr\/index.php\/wp-json\/wp\/v2\/product_tag?post=695009"}],"curies":[{"name":"wp","href":"https:\/\/api.w.org\/{rel}","templated":true}]}}