{"id":695008,"date":"2025-08-27T14:24:55","date_gmt":"2025-08-27T11:24:55","guid":{"rendered":"https:\/\/roveyayinevi.com.tr\/index.php\/urun\/emperyalizmin-turkiyeye-girisi\/"},"modified":"2026-04-16T02:05:00","modified_gmt":"2026-04-15T23:05:00","slug":"emperyalizmin-turkiyeye-girisi","status":"publish","type":"product","link":"https:\/\/roveyayinevi.com.tr\/index.php\/urun\/emperyalizmin-turkiyeye-girisi\/","title":{"rendered":"Emperyalizmin T\u00fcrkiye\u2019ye Giri\u015fi"},"content":{"rendered":"<p>Emperyalizmin T\u00fcrkiye\u2019ye Giri\u015fi, \u00fclke kaderi \u00fczerinde belirleyici bir etkide bulunan emperyalizme ba\u011f\u0131ml\u0131l\u0131\u011f\u0131n tarihsel k\u00f6klerine e\u011filiyor. Orhan Kurmu\u015f\u2019un \u0130ngiltere\u2019de y\u0131llar s\u00fcren bir ar\u015fiv \u00e7al\u0131\u015fmas\u0131yla elde etti\u011fi veri ve bulgular \u0131\u015f\u0131\u011f\u0131nda olu\u015fturdu\u011fu eser, bir \u00f6nc\u00fc \u00e7al\u0131\u015fma olarak Osmanl\u0131 tarihinin pek \u00e7ok y\u00f6n\u00fcne \u0131\u015f\u0131k tutuyor. Kitap, \u0130ngiliz sermayesinin ve giderek \u0130ngiliz emperyalizminin T\u00fcrkiye\u2019ye girme s\u00fcrecini inceliyor, emperyalizmin y\u00f6r\u00fcngesinde T\u00fcrkiye\u2019nin kapitalist geli\u015fme s\u00fcrecinin ilk d\u00f6neminin ana \u00e7izgilerini ortaya koyuyor. Zaman kesiti olarak se\u00e7ilen 1850-1913 y\u0131llar\u0131 aras\u0131nda, \u0130ngiliz \u015firketlerinin ve \u0130ngiliz devletinin liman kenti \u0130zmir ve Bat\u0131 Anadolu\u2019daki ticari etkinlikleri, do\u011frudan sermaye yat\u0131r\u0131mlar\u0131, \u0130zmir-Ayd\u0131n demiryolu ayr\u0131nt\u0131lar\u0131yla inceleniyor. Bu ili\u015fkinin, tar\u0131mda ve sanayide yaratt\u0131\u011f\u0131 geli\u015fmeler ama \u00f6te yandan Osmanl\u0131 ekonomisinin tek y\u00f6nl\u00fc geli\u015fmesi ve uydula\u015fmas\u0131na yol a\u00e7an karakteri analiz ediliyor. Birinci bas\u0131m\u0131 1974 y\u0131l\u0131nda yap\u0131lan kitap, ilk kez kullan\u0131lan ar\u015fiv belgeleri ve ortaya \u00e7\u0131kard\u0131\u011f\u0131 zengin verileriyle alan\u0131ndaki en \u00f6nemli ba\u015fvuru kaynaklar\u0131ndan birisi olarak antiemperyalist y\u00fckseli\u015f y\u0131llar\u0131n\u0131n tart\u0131\u015fma ortam\u0131na b\u00fcy\u00fck katk\u0131 sa\u011flad\u0131. T\u00fcrkiye\u2019de oldu\u011fu kadar bir\u00e7ok yabanc\u0131 \u00fclke \u00fcniversitesinde de temel kaynak olarak g\u00f6sterildi. Emperyalizmin T\u00fcrkiye\u2019ye Giri\u015fi, emperyalizme ba\u011f\u0131ml\u0131l\u0131\u011f\u0131n s\u00fcrd\u00fc\u011f\u00fc, bu ba\u011f\u0131ml\u0131 yap\u0131n\u0131n ba\u011f\u0131ms\u0131z politikalar geli\u015ftirmeye engel te\u015fkil etti\u011fi, ekonomi ve siyasetle birlikte k\u00fclt\u00fcr\u00fc de \u015fekillendirdi\u011fi g\u00fcn\u00fcm\u00fczde g\u00fcncel ve temel bir eser olma \u00f6zelli\u011fini koruyor. Orhan Kurmu\u015f\u2019un bu \u00f6nemli \u00e7al\u0131\u015fmas\u0131n\u0131, kitab\u0131n yeni bas\u0131m\u0131 i\u00e7in kaleme ald\u0131\u011f\u0131 g\u00fcncel ve kapsaml\u0131 \u00f6ns\u00f6z\u00fcyle sunuyoruz\u2026 <\/p>\n","protected":false},"excerpt":{"rendered":"<p>Emperyalizmin T\u00fcrkiye\u2019ye Giri\u015fi, \u00fclke kaderi \u00fczerinde belirleyici bir etkide bulunan emperyalizme ba\u011f\u0131ml\u0131l\u0131\u011f\u0131n tarihsel k\u00f6klerine e\u011filiyor. Orhan Kurmu\u015f\u2019un \u0130ngiltere\u2019de y\u0131llar s\u00fcren bir ar\u015fiv \u00e7al\u0131\u015fmas\u0131yla elde etti\u011fi veri<span class=\"excerpt-hellip\"> [\u2026]<\/span><\/p>\n","protected":false},"featured_media":0,"template":"","meta":{"_monsterinsights_skip_tracking":false,"_monsterinsights_sitenote_active":false,"_monsterinsights_sitenote_note":"","_monsterinsights_sitenote_category":0},"product_brand":[],"product_cat":[13044,13043],"product_tag":[],"class_list":{"0":"post-695008","1":"product","2":"type-product","3":"status-publish","5":"product_cat-dunya-ekonomisi","6":"product_cat-ekonomi","7":"pa_cilt-ciltsiz","8":"pa_tur-kitap","9":"pa_yayinevi-yordam-kitap","10":"pa_yazar-orhan-kurmus","12":"first","13":"instock","14":"sale","15":"shipping-taxable","16":"purchasable","17":"product-type-simple"},"_links":{"self":[{"href":"https:\/\/roveyayinevi.com.tr\/index.php\/wp-json\/wp\/v2\/product\/695008","targetHints":{"allow":["GET"]}}],"collection":[{"href":"https:\/\/roveyayinevi.com.tr\/index.php\/wp-json\/wp\/v2\/product"}],"about":[{"href":"https:\/\/roveyayinevi.com.tr\/index.php\/wp-json\/wp\/v2\/types\/product"}],"wp:attachment":[{"href":"https:\/\/roveyayinevi.com.tr\/index.php\/wp-json\/wp\/v2\/media?parent=695008"}],"wp:term":[{"taxonomy":"product_brand","embeddable":true,"href":"https:\/\/roveyayinevi.com.tr\/index.php\/wp-json\/wp\/v2\/product_brand?post=695008"},{"taxonomy":"product_cat","embeddable":true,"href":"https:\/\/roveyayinevi.com.tr\/index.php\/wp-json\/wp\/v2\/product_cat?post=695008"},{"taxonomy":"product_tag","embeddable":true,"href":"https:\/\/roveyayinevi.com.tr\/index.php\/wp-json\/wp\/v2\/product_tag?post=695008"}],"curies":[{"name":"wp","href":"https:\/\/api.w.org\/{rel}","templated":true}]}}