{"id":695005,"date":"2025-08-27T14:24:54","date_gmt":"2025-08-27T11:24:54","guid":{"rendered":"https:\/\/roveyayinevi.com.tr\/index.php\/urun\/canim-aliye-ruhum-filiz\/"},"modified":"2026-04-16T02:05:00","modified_gmt":"2026-04-15T23:05:00","slug":"canim-aliye-ruhum-filiz","status":"publish","type":"product","link":"https:\/\/roveyayinevi.com.tr\/index.php\/urun\/canim-aliye-ruhum-filiz\/","title":{"rendered":"Can\u0131m Aliye Ruhum Filiz"},"content":{"rendered":"<p>Can\u0131m Aliye, Ruhum Filiz..B\u00fcy\u00fck s\u0131k\u0131nt\u0131lar\u0131n ya\u015fand\u0131\u011f\u0131 \u00e7alkant\u0131l\u0131 d\u00f6nemlerde bile ailesinin sorumlulu\u011funu ta\u015f\u0131yan bir yazar\u0131n e\u015f ve baba olarak portresini \u00e7izen bu mektuplar, Sabahattin Ali\u2019yi yak\u0131ndan tan\u0131mam\u0131z\u0131 sa\u011fl\u0131yor. <\/p>\n","protected":false},"excerpt":{"rendered":"<p>Can\u0131m Aliye, Ruhum Filiz..B\u00fcy\u00fck s\u0131k\u0131nt\u0131lar\u0131n ya\u015fand\u0131\u011f\u0131 \u00e7alkant\u0131l\u0131 d\u00f6nemlerde bile ailesinin sorumlulu\u011funu ta\u015f\u0131yan bir yazar\u0131n e\u015f ve baba olarak portresini \u00e7izen bu mektuplar, Sabahattin Ali\u2019yi yak\u0131ndan tan\u0131mam\u0131z\u0131<span class=\"excerpt-hellip\"> [\u2026]<\/span><\/p>\n","protected":false},"featured_media":0,"template":"","meta":{"_monsterinsights_skip_tracking":false,"_monsterinsights_sitenote_active":false,"_monsterinsights_sitenote_note":"","_monsterinsights_sitenote_category":0},"product_brand":[],"product_cat":[13701,12291],"product_tag":[],"class_list":{"0":"post-695005","1":"product","2":"type-product","3":"status-publish","5":"product_cat-ani-mektup-gunluk","6":"product_cat-edebiyat","7":"pa_cilt-ciltsiz","8":"pa_tur-kitap","9":"pa_yayinevi-yapi-kredi-yayinlari","10":"pa_yazar-sabahattin-ali","12":"first","13":"instock","14":"sale","15":"shipping-taxable","16":"purchasable","17":"product-type-simple"},"_links":{"self":[{"href":"https:\/\/roveyayinevi.com.tr\/index.php\/wp-json\/wp\/v2\/product\/695005","targetHints":{"allow":["GET"]}}],"collection":[{"href":"https:\/\/roveyayinevi.com.tr\/index.php\/wp-json\/wp\/v2\/product"}],"about":[{"href":"https:\/\/roveyayinevi.com.tr\/index.php\/wp-json\/wp\/v2\/types\/product"}],"wp:attachment":[{"href":"https:\/\/roveyayinevi.com.tr\/index.php\/wp-json\/wp\/v2\/media?parent=695005"}],"wp:term":[{"taxonomy":"product_brand","embeddable":true,"href":"https:\/\/roveyayinevi.com.tr\/index.php\/wp-json\/wp\/v2\/product_brand?post=695005"},{"taxonomy":"product_cat","embeddable":true,"href":"https:\/\/roveyayinevi.com.tr\/index.php\/wp-json\/wp\/v2\/product_cat?post=695005"},{"taxonomy":"product_tag","embeddable":true,"href":"https:\/\/roveyayinevi.com.tr\/index.php\/wp-json\/wp\/v2\/product_tag?post=695005"}],"curies":[{"name":"wp","href":"https:\/\/api.w.org\/{rel}","templated":true}]}}