{"id":695003,"date":"2025-08-27T14:24:54","date_gmt":"2025-08-27T11:24:54","guid":{"rendered":"https:\/\/roveyayinevi.com.tr\/index.php\/urun\/kaygi-uzerine\/"},"modified":"2026-04-16T02:05:00","modified_gmt":"2026-04-15T23:05:00","slug":"kaygi-uzerine","status":"publish","type":"product","link":"https:\/\/roveyayinevi.com.tr\/index.php\/urun\/kaygi-uzerine\/","title":{"rendered":"Kayg\u0131 \u00dczerine"},"content":{"rendered":"<p>S\u0131k s\u0131k \u00e7a\u011f\u0131m\u0131z\u0131n kayg\u0131 \u00e7a\u011f\u0131 oldu\u011funa dair yorumlar duyuyor, kayg\u0131dan kurtulman\u0131n yollar\u0131n\u0131 aramaya te\u015fvik ediliyoruz. Peki nedir kayg\u0131? Bak\u0131\u015f a\u00e7\u0131m\u0131z\u0131 de\u011fi\u015ftirerek kurtulabilece\u011fimiz (ve kurtulmam\u0131z gereken) bir duygu mu, yoksa temel bir insanl\u0131k durumu mu?Kayg\u0131 \u00dczerine&#8217;de Renata Salecl, gerek bireyleri gerekse toplumlar\u0131 zaman zaman avucuna alan bu ruh halini mercek alt\u0131na yat\u0131r\u0131yor ve soruyor: Kayg\u0131n\u0131n temelinde ne var? Bir \u015feylerin kontrolden \u00e7\u0131kt\u0131\u011f\u0131 hissi mi, yoksa aksine her \u015feyin fazlaca kontrol alt\u0131na al\u0131nmas\u0131 m\u0131? Se\u00e7eneksizlik mi yoksa \u00e7ok fazla se\u00e7enek mi? Medya kayg\u0131y\u0131 i\u015flemekle mi yetiniyor, yoksa bizzat yarat\u0131yor ve k\u00f6r\u00fckl\u00fcyor mu? \u0130la\u00e7lar kayg\u0131y\u0131 azalt\u0131yor mu yoksa besliyor mu? Kayg\u0131 ger\u00e7ekten de mutlulu\u011fun \u00f6n\u00fcndeki en b\u00fcy\u00fck engel mi, yoksa mutlulu\u011fun nihai hedef olarak y\u00fcceltilmesi ve mutluluk bask\u0131s\u0131 insanlar\u0131 kayg\u0131ya m\u0131 sevk ediyor? Bir ba\u015fka deyi\u015fle, kayg\u0131ya neden olan \u015fey tam da kayg\u0131dan kurtulma \u00e7abas\u0131 olabilir mi?Salecl bu sorular\u0131 yan\u0131tlarken, g\u00fcndelik hayatta ya\u015fad\u0131\u011f\u0131m\u0131z kayg\u0131lar\u0131 d\u00f6rt temel ba\u015fl\u0131k alt\u0131nda inceliyor: sava\u015f kayg\u0131lar\u0131, hiperkapitalizmin getirdi\u011fi (ve suistimal etti\u011fi) kayg\u0131lar, a\u015fk ili\u015fkilerinde ya\u015fad\u0131\u011f\u0131m\u0131z kayg\u0131lar ve ebeveynlik kayg\u0131lar\u0131. Psikanalizin temel kuramlar\u0131n\u0131n yan\u0131 s\u0131ra edebiyat, sanat, sinema ve pop\u00fcler k\u00fclt\u00fcrden de faydalanan Salecl, hayat\u0131m\u0131z\u0131n ka\u00e7\u0131n\u0131lmaz bir par\u00e7as\u0131 olan kayg\u0131 \u00fczerine yal\u0131n ve derinlikli bir \u00e7\u00f6z\u00fcmleme <\/p>\n","protected":false},"excerpt":{"rendered":"<p>S\u0131k s\u0131k \u00e7a\u011f\u0131m\u0131z\u0131n kayg\u0131 \u00e7a\u011f\u0131 oldu\u011funa dair yorumlar duyuyor, kayg\u0131dan kurtulman\u0131n yollar\u0131n\u0131 aramaya te\u015fvik ediliyoruz. Peki nedir kayg\u0131? Bak\u0131\u015f a\u00e7\u0131m\u0131z\u0131 de\u011fi\u015ftirerek kurtulabilece\u011fimiz (ve kurtulmam\u0131z gereken) bir<span class=\"excerpt-hellip\"> [\u2026]<\/span><\/p>\n","protected":false},"featured_media":0,"template":"","meta":{"_monsterinsights_skip_tracking":false,"_monsterinsights_sitenote_active":false,"_monsterinsights_sitenote_note":"","_monsterinsights_sitenote_category":0},"product_brand":[],"product_cat":[12358,12357],"product_tag":[],"class_list":{"0":"post-695003","1":"product","2":"type-product","3":"status-publish","5":"product_cat-genel-psikoloji","6":"product_cat-psikoloji","7":"pa_cilt-ciltsiz","8":"pa_tur-kitap","9":"pa_yayinevi-metis-yayinlari","10":"pa_yazar-renata-saleci","12":"first","13":"instock","14":"sale","15":"shipping-taxable","16":"purchasable","17":"product-type-simple"},"_links":{"self":[{"href":"https:\/\/roveyayinevi.com.tr\/index.php\/wp-json\/wp\/v2\/product\/695003","targetHints":{"allow":["GET"]}}],"collection":[{"href":"https:\/\/roveyayinevi.com.tr\/index.php\/wp-json\/wp\/v2\/product"}],"about":[{"href":"https:\/\/roveyayinevi.com.tr\/index.php\/wp-json\/wp\/v2\/types\/product"}],"wp:attachment":[{"href":"https:\/\/roveyayinevi.com.tr\/index.php\/wp-json\/wp\/v2\/media?parent=695003"}],"wp:term":[{"taxonomy":"product_brand","embeddable":true,"href":"https:\/\/roveyayinevi.com.tr\/index.php\/wp-json\/wp\/v2\/product_brand?post=695003"},{"taxonomy":"product_cat","embeddable":true,"href":"https:\/\/roveyayinevi.com.tr\/index.php\/wp-json\/wp\/v2\/product_cat?post=695003"},{"taxonomy":"product_tag","embeddable":true,"href":"https:\/\/roveyayinevi.com.tr\/index.php\/wp-json\/wp\/v2\/product_tag?post=695003"}],"curies":[{"name":"wp","href":"https:\/\/api.w.org\/{rel}","templated":true}]}}