{"id":695002,"date":"2025-08-27T14:24:53","date_gmt":"2025-08-27T11:24:53","guid":{"rendered":"https:\/\/roveyayinevi.com.tr\/index.php\/urun\/finansallasma-ve-kapitalizmin-krizi\/"},"modified":"2026-04-16T02:05:00","modified_gmt":"2026-04-15T23:05:00","slug":"finansallasma-ve-kapitalizmin-krizi","status":"publish","type":"product","link":"https:\/\/roveyayinevi.com.tr\/index.php\/urun\/finansallasma-ve-kapitalizmin-krizi\/","title":{"rendered":"Finansalla\u015fma ve Kapitalizmin Krizi"},"content":{"rendered":"<p>Ya\u015fanan krizin Marksist bir \u00e7\u00f6z\u00fcmlemesi&#8230; 2007 y\u0131l\u0131nda ABD ikinci kalite ipotek kredileri piyasas\u0131nda bor\u00e7lar\u0131n geri \u00f6denmemesiyle patlak veren kriz, IMF ve D\u00fcnya Bankas\u0131 eliyle son 30 y\u0131ld\u0131r geli\u015fmekte olan \u00fclkelere dayat\u0131lan neoliberal finansalla\u015fma ve serbestle\u015ftirme politikalar\u0131n\u0131n etkisiyle h\u0131zla genel bir ekonomik krize d\u00f6n\u00fc\u015ft\u00fc. Ya\u015fanan bu s\u00fcreci Marksist ekonomi politi\u011fin bak\u0131\u015f a\u00e7\u0131s\u0131yla ele alan akademisyenlerin yaz\u0131lar\u0131ndan olu\u015fan bu se\u00e7kide, krizin tarih\u00e7esi, nedenleri ve sonu\u00e7lar\u0131 detayl\u0131 bir \u015fekilde inceleniyor. Krizin kapitalizmin finansalla\u015fmas\u0131n\u0131n bir sonucu oldu\u011funu vurgulayan C. Lapavitsas, finans kurumlar\u0131n\u0131n, geni\u015f halk kesimlerinin finansal hizmetlerden yararlanmas\u0131na olanak sa\u011flayarak yeni k\u00e2r alanlar\u0131 yaratt\u0131klar\u0131n\u0131 \u00f6ne s\u00fcr\u00fcyor. C.M. Camacho ve J.A.R. Nieto, finansal sermayenin k\u00fcreselle\u015fmesinin son 30 y\u0131l\u0131n\u0131 masaya yat\u0131r\u0131yorlar. J.P. Painceira, uluslararas\u0131 sermaye ak\u0131\u015flar\u0131n\u0131n ve d\u00f6viz rezervi biriktirme politikas\u0131n\u0131n geli\u015fmekte olan \u00fclkelere getirdi\u011fi toplumsal maliyetleri inceliyor. \u0130kinci kalite ipotek kredilerinin ortaya \u00e7\u0131k\u0131\u015f\u0131n\u0131 ele alan G.A. Dymski, ikinci kalite kredilerin yayg\u0131nla\u015fmas\u0131n\u0131n ve yetersiz bir \u015fekilde teminatland\u0131r\u0131lmas\u0131n\u0131n krizle sonu\u00e7land\u0131\u011f\u0131n\u0131 vurguluyor. P.L. dos Santos, d\u00fcnyan\u0131n \u00f6nde gelen 9 uluslararas\u0131 bankas\u0131n\u0131n faaliyetlerini inceledi\u011fi yaz\u0131s\u0131nda, g\u00fcn\u00fcm\u00fcz kapitalizminde bankac\u0131l\u0131\u011f\u0131n de\u011fi\u015fen i\u00e7eri\u011fini tart\u0131\u015f\u0131yor. D. Papadatos, merkez bankac\u0131l\u0131\u011f\u0131n\u0131n g\u00fcn\u00fcm\u00fczdeki i\u015flevini sorguluyor. N. Erg\u00fcne\u015f, sermayenin birikim gereksinimleri do\u011frultusunda uygulamaya ge\u00e7irilen enflasyon hedeflemesi politikas\u0131 sonucunda T\u00fcrkiye ekonomisinde b\u00fcy\u00fcmenin istikrars\u0131zla\u015ft\u0131\u011f\u0131n\u0131 ve ekonominin daha k\u0131r\u0131lgan h\u00e2le geldi\u011fini belirtiyor. M. Itoh, krizin \u00f6zg\u00fcl \u00f6zelliklerine ve toplumsal maliyetlerine de\u011finiyor. \ufffc<\/p>\n","protected":false},"excerpt":{"rendered":"<p>Ya\u015fanan krizin Marksist bir \u00e7\u00f6z\u00fcmlemesi&#8230; 2007 y\u0131l\u0131nda ABD ikinci kalite ipotek kredileri piyasas\u0131nda bor\u00e7lar\u0131n geri \u00f6denmemesiyle patlak veren kriz, IMF ve D\u00fcnya Bankas\u0131 eliyle son 30<span class=\"excerpt-hellip\"> [\u2026]<\/span><\/p>\n","protected":false},"featured_media":0,"template":"","meta":{"_monsterinsights_skip_tracking":false,"_monsterinsights_sitenote_active":false,"_monsterinsights_sitenote_note":"","_monsterinsights_sitenote_category":0},"product_brand":[],"product_cat":[13044,13043],"product_tag":[],"class_list":{"0":"post-695002","1":"product","2":"type-product","3":"status-publish","5":"product_cat-dunya-ekonomisi","6":"product_cat-ekonomi","7":"pa_cilt-ciltsiz","8":"pa_tur-kitap","9":"pa_yayinevi-yordam-kitap","10":"pa_yazar-costas-lapavitsas","12":"first","13":"instock","14":"sale","15":"shipping-taxable","16":"purchasable","17":"product-type-simple"},"_links":{"self":[{"href":"https:\/\/roveyayinevi.com.tr\/index.php\/wp-json\/wp\/v2\/product\/695002","targetHints":{"allow":["GET"]}}],"collection":[{"href":"https:\/\/roveyayinevi.com.tr\/index.php\/wp-json\/wp\/v2\/product"}],"about":[{"href":"https:\/\/roveyayinevi.com.tr\/index.php\/wp-json\/wp\/v2\/types\/product"}],"wp:attachment":[{"href":"https:\/\/roveyayinevi.com.tr\/index.php\/wp-json\/wp\/v2\/media?parent=695002"}],"wp:term":[{"taxonomy":"product_brand","embeddable":true,"href":"https:\/\/roveyayinevi.com.tr\/index.php\/wp-json\/wp\/v2\/product_brand?post=695002"},{"taxonomy":"product_cat","embeddable":true,"href":"https:\/\/roveyayinevi.com.tr\/index.php\/wp-json\/wp\/v2\/product_cat?post=695002"},{"taxonomy":"product_tag","embeddable":true,"href":"https:\/\/roveyayinevi.com.tr\/index.php\/wp-json\/wp\/v2\/product_tag?post=695002"}],"curies":[{"name":"wp","href":"https:\/\/api.w.org\/{rel}","templated":true}]}}