{"id":695001,"date":"2025-08-27T14:24:53","date_gmt":"2025-08-27T11:24:53","guid":{"rendered":"https:\/\/roveyayinevi.com.tr\/index.php\/urun\/ruyalarin-yorumu\/"},"modified":"2026-04-16T02:05:00","modified_gmt":"2026-04-15T23:05:00","slug":"ruyalarin-yorumu","status":"publish","type":"product","link":"https:\/\/roveyayinevi.com.tr\/index.php\/urun\/ruyalarin-yorumu\/","title":{"rendered":"R\u00fcyalar\u0131n Yorumu"},"content":{"rendered":"<p>Freud bu \u00f6nemli eserinde, en karma\u015f\u0131k r\u00fcyalar\u0131n bile rahatl\u0131kla yorumlanabilece\u011fini g\u00f6stermektedir. Bunu yaparken de Schiller\u2019in deyimiyle \u201cmant\u0131\u011f\u0131n, kap\u0131lar\u0131n \u00f6n\u00fcnde tuttu\u011fu n\u00f6betten vazge\u00e7mesi\u201d gerekti\u011fini, yani insan\u0131n hi\u00e7bir ele\u015ftiride bulunmadan kendini g\u00f6zlemlemesinin zor bir \u015fey olmad\u0131\u011f\u0131n\u0131 iddia eder. Freud r\u00fcyalar\u0131n arzular\u0131n ger\u00e7ekle\u015fmesi oldu\u011funu \u00f6ne s\u00fcrer. R\u00fcyalar\u0131n uyan\u0131k ya\u015famla ili\u015fkisini, nelerin r\u00fcya malzemeleri haline d\u00f6n\u00fc\u015ft\u00fc\u011f\u00fcn\u00fc ve bunlar\u0131n kaynaklar\u0131n\u0131n neler oldu\u011funu, neden r\u00fcyalar\u0131m\u0131z\u0131 unuttu\u011fumuzu, r\u00fcyalar\u0131n psikolojimiz \u00fczerindeki etkilerini, r\u00fcyalarla ak\u0131l hastal\u0131klar\u0131 aras\u0131ndaki ili\u015fkileri ele al\u0131r. R\u00fcyalar\u0131m\u0131z\u0131 kendimizin bile tan\u0131yamayaca\u011f\u0131 hale getirmek i\u00e7in ne t\u00fcr sembolle\u015ftirmeler, yer de\u011fi\u015ftirmeler ve \u00e7arp\u0131tmalarda bulundu\u011fumuzu anlat\u0131rken, kendi psikanalitik \u00e7al\u0131\u015fmalar\u0131ndan \u00f6rnekler verir. Uzun y\u0131llardan beri bilimsel literat\u00fcr\u00fcn klasikleri aras\u0131nda yer alan R\u00fcyalar\u0131n Yorumu, Freud\u2019un en \u00e7ok ilgi g\u00f6rece\u011fini d\u00fc\u015f\u00fcnd\u00fc\u011f\u00fc eseridir. Bir mektubunda da ifade etti\u011fi gibi bu eser, psikanalizin geli\u015fmeye ba\u015flad\u0131\u011f\u0131 y\u0131llarda onun i\u00e7in \u201cdalgalar\u0131n \u00e7arpt\u0131\u011f\u0131 bir kaya gibi\u201d sar\u0131l\u0131p tutundu\u011fu bir \u00e7al\u0131\u015fma olmu\u015ftur. <\/p>\n","protected":false},"excerpt":{"rendered":"<p>Freud bu \u00f6nemli eserinde, en karma\u015f\u0131k r\u00fcyalar\u0131n bile rahatl\u0131kla yorumlanabilece\u011fini g\u00f6stermektedir. Bunu yaparken de Schiller\u2019in deyimiyle \u201cmant\u0131\u011f\u0131n, kap\u0131lar\u0131n \u00f6n\u00fcnde tuttu\u011fu n\u00f6betten vazge\u00e7mesi\u201d gerekti\u011fini, yani insan\u0131n hi\u00e7bir<span class=\"excerpt-hellip\"> [\u2026]<\/span><\/p>\n","protected":false},"featured_media":0,"template":"","meta":{"_monsterinsights_skip_tracking":false,"_monsterinsights_sitenote_active":false,"_monsterinsights_sitenote_note":"","_monsterinsights_sitenote_category":0},"product_brand":[],"product_cat":[12324],"product_tag":[],"class_list":{"0":"post-695001","1":"product","2":"type-product","3":"status-publish","5":"product_cat-sosyoloji","6":"pa_cilt-ciltsiz","7":"pa_tur-kitap","8":"pa_yayinevi-say-yayinlari","9":"pa_yazar-sigmund-freud","11":"first","12":"instock","13":"sale","14":"shipping-taxable","15":"purchasable","16":"product-type-simple"},"_links":{"self":[{"href":"https:\/\/roveyayinevi.com.tr\/index.php\/wp-json\/wp\/v2\/product\/695001","targetHints":{"allow":["GET"]}}],"collection":[{"href":"https:\/\/roveyayinevi.com.tr\/index.php\/wp-json\/wp\/v2\/product"}],"about":[{"href":"https:\/\/roveyayinevi.com.tr\/index.php\/wp-json\/wp\/v2\/types\/product"}],"wp:attachment":[{"href":"https:\/\/roveyayinevi.com.tr\/index.php\/wp-json\/wp\/v2\/media?parent=695001"}],"wp:term":[{"taxonomy":"product_brand","embeddable":true,"href":"https:\/\/roveyayinevi.com.tr\/index.php\/wp-json\/wp\/v2\/product_brand?post=695001"},{"taxonomy":"product_cat","embeddable":true,"href":"https:\/\/roveyayinevi.com.tr\/index.php\/wp-json\/wp\/v2\/product_cat?post=695001"},{"taxonomy":"product_tag","embeddable":true,"href":"https:\/\/roveyayinevi.com.tr\/index.php\/wp-json\/wp\/v2\/product_tag?post=695001"}],"curies":[{"name":"wp","href":"https:\/\/api.w.org\/{rel}","templated":true}]}}