{"id":694997,"date":"2025-08-27T14:24:52","date_gmt":"2025-08-27T11:24:52","guid":{"rendered":"https:\/\/roveyayinevi.com.tr\/index.php\/urun\/eski-koyun-gizi\/"},"modified":"2026-04-16T02:05:00","modified_gmt":"2026-04-15T23:05:00","slug":"eski-koyun-gizi","status":"publish","type":"product","link":"https:\/\/roveyayinevi.com.tr\/index.php\/urun\/eski-koyun-gizi\/","title":{"rendered":"Eski K\u00f6y\u00fcn Gizi"},"content":{"rendered":"<p>\u2018Eski K\u00f6y\u00fcn Gizi&#8217;, iki ana b\u00f6l\u00fcmden olu\u015fan bir roman. Birinci b\u00f6l\u00fcmde, y\u00fczy\u0131llar \u00f6nce \u0130brahim Pa\u015fa&#8217;n\u0131n, Nev\u015fehir&#8217;in geli\u015fimi i\u00e7in yapt\u0131rd\u0131\u011f\u0131 bir t\u00fcnel anlat\u0131l\u0131yor. \u0130kinci b\u00f6l\u00fcm, g\u00fcn\u00fcm\u00fczde ge\u00e7iyor. Ya\u015far, Orhan, Dursun ve k\u00f6pekleri Ala, bu t\u00fcneli bulurlar. T\u00fcnelin bulunmas\u0131yla da heyecan dolu g\u00fcnler ya\u015famaya ba\u015flarlar. Hem tarihsel bilgi vermesi, hem Kapodokya y\u00f6resini tan\u0131tmas\u0131 a\u00e7\u0131s\u0131ndan \u00f6nem ta\u015f\u0131yan roman kahramanlar\u0131n cing\u00f6zl\u00fc\u011f\u00fc ve k\u00f6peklerinin sevimlili\u011fiyle g\u00fczel bir \u00e7al\u0131\u015fma. H\u00fcseyin G\u00fcney&#8217;in duru T\u00fcrk\u00e7esi, okumay\u0131 zevkli k\u0131l\u0131yor.<\/p>\n","protected":false},"excerpt":{"rendered":"<p>\u2018Eski K\u00f6y\u00fcn Gizi&#8217;, iki ana b\u00f6l\u00fcmden olu\u015fan bir roman. Birinci b\u00f6l\u00fcmde, y\u00fczy\u0131llar \u00f6nce \u0130brahim Pa\u015fa&#8217;n\u0131n, Nev\u015fehir&#8217;in geli\u015fimi i\u00e7in yapt\u0131rd\u0131\u011f\u0131 bir t\u00fcnel anlat\u0131l\u0131yor. \u0130kinci b\u00f6l\u00fcm, g\u00fcn\u00fcm\u00fczde ge\u00e7iyor.<span class=\"excerpt-hellip\"> [\u2026]<\/span><\/p>\n","protected":false},"featured_media":0,"template":"","meta":{"_monsterinsights_skip_tracking":false,"_monsterinsights_sitenote_active":false,"_monsterinsights_sitenote_note":"","_monsterinsights_sitenote_category":0},"product_brand":[],"product_cat":[12275,12274],"product_tag":[],"class_list":{"0":"post-694997","1":"product","2":"type-product","3":"status-publish","5":"product_cat-6-12-yas-kitaplari","6":"product_cat-cocuk-ve-genclik-kitaplari","7":"pa_cilt-ciltsiz","8":"pa_tur-kitap","9":"pa_yayinevi-bilgi-yayinevi-cocuk","10":"pa_yazar-huseyin-guney","12":"first","13":"instock","14":"sale","15":"shipping-taxable","16":"purchasable","17":"product-type-simple"},"_links":{"self":[{"href":"https:\/\/roveyayinevi.com.tr\/index.php\/wp-json\/wp\/v2\/product\/694997","targetHints":{"allow":["GET"]}}],"collection":[{"href":"https:\/\/roveyayinevi.com.tr\/index.php\/wp-json\/wp\/v2\/product"}],"about":[{"href":"https:\/\/roveyayinevi.com.tr\/index.php\/wp-json\/wp\/v2\/types\/product"}],"wp:attachment":[{"href":"https:\/\/roveyayinevi.com.tr\/index.php\/wp-json\/wp\/v2\/media?parent=694997"}],"wp:term":[{"taxonomy":"product_brand","embeddable":true,"href":"https:\/\/roveyayinevi.com.tr\/index.php\/wp-json\/wp\/v2\/product_brand?post=694997"},{"taxonomy":"product_cat","embeddable":true,"href":"https:\/\/roveyayinevi.com.tr\/index.php\/wp-json\/wp\/v2\/product_cat?post=694997"},{"taxonomy":"product_tag","embeddable":true,"href":"https:\/\/roveyayinevi.com.tr\/index.php\/wp-json\/wp\/v2\/product_tag?post=694997"}],"curies":[{"name":"wp","href":"https:\/\/api.w.org\/{rel}","templated":true}]}}