{"id":694975,"date":"2025-08-27T14:24:47","date_gmt":"2025-08-27T11:24:47","guid":{"rendered":"https:\/\/roveyayinevi.com.tr\/index.php\/urun\/adini-unutan-adam\/"},"modified":"2026-04-16T02:05:00","modified_gmt":"2026-04-15T23:05:00","slug":"adini-unutan-adam","status":"publish","type":"product","link":"https:\/\/roveyayinevi.com.tr\/index.php\/urun\/adini-unutan-adam\/","title":{"rendered":"Ad\u0131n\u0131 Unutan Adam"},"content":{"rendered":"<p>\u00d6l\u00fcdeniz, \u015eeria, Petra, k\u0131sa etek, esmer k\u0131z\u2026 Kimim ben? 18 y\u0131l \u00f6nce o sel yata\u011f\u0131nda kim geldi pe\u015fimden? \u0130\u015fkence&#8230; Kim g\u00fcl\u00fcyor? Kim konu\u015fuyor? \u201cSak\u0131n Freud, Marx ve Einstein deme\u201d \u201cDi\u015flerim nerede?\u201d&#8230; \u00d6nde k\u00f6pekler, arkada ayd\u0131nlatma mermilerinin \u0131\u015f\u0131\u011f\u0131 alt\u0131ndaki askerler&#8230; Uzak topraklarda devrime inanan \u00fc\u00e7 arkada\u015f&#8230; \u00d6len, kalan ve direnen hayaller\u2026 Mehmet Ero\u011flu, belle\u011fin, fedak\u00e2rl\u0131\u011f\u0131n ve unutmaman\u0131n roman\u0131n\u0131 yaz\u0131yor. D\u00fcnyay\u0131 de\u011fi\u015ftirmek isteyenler \u00f6l\u00fcm\u00fc yenerler, kahraman olurlar. Ad\u0131n\u0131 Unutan Adam, bir \u201968 hik\u00e2yesi&#8230; H\u0131zl\u0131, rahats\u0131z edici, isyank\u00e2r ve h\u00fcz\u00fcnl\u00fc&#8230; Ad\u0131n\u0131 Unutan Adam Ger\u00e7ek hayat, ya\u015famak istedi\u011fimizle ya\u015fad\u0131\u011f\u0131m\u0131z\u0131n aras\u0131nda kaland\u0131r, diyen yan\u0131l\u0131yor. Ger\u00e7ek hayat, k\u00f6peklerle aram\u0131zda giderek k\u0131salan uzakl\u0131k; ve biz onun sonuna do\u011fru ko\u015fuyoruz.<\/p>\n","protected":false},"excerpt":{"rendered":"<p>\u00d6l\u00fcdeniz, \u015eeria, Petra, k\u0131sa etek, esmer k\u0131z\u2026 Kimim ben? 18 y\u0131l \u00f6nce o sel yata\u011f\u0131nda kim geldi pe\u015fimden? \u0130\u015fkence&#8230; Kim g\u00fcl\u00fcyor? Kim konu\u015fuyor? \u201cSak\u0131n Freud, Marx<span class=\"excerpt-hellip\"> [\u2026]<\/span><\/p>\n","protected":false},"featured_media":0,"template":"","meta":{"_monsterinsights_skip_tracking":false,"_monsterinsights_sitenote_active":false,"_monsterinsights_sitenote_note":"","_monsterinsights_sitenote_category":0},"product_brand":[],"product_cat":[12291,12292],"product_tag":[],"class_list":{"0":"post-694975","1":"product","2":"type-product","3":"status-publish","5":"product_cat-edebiyat","6":"product_cat-turk-edebiyati","7":"pa_cilt-ciltsiz","8":"pa_tur-kitap","9":"pa_yayinevi-iletisim-yayinlari","10":"pa_yazar-mehmet-eroglu","12":"first","13":"instock","14":"sale","15":"shipping-taxable","16":"purchasable","17":"product-type-simple"},"_links":{"self":[{"href":"https:\/\/roveyayinevi.com.tr\/index.php\/wp-json\/wp\/v2\/product\/694975","targetHints":{"allow":["GET"]}}],"collection":[{"href":"https:\/\/roveyayinevi.com.tr\/index.php\/wp-json\/wp\/v2\/product"}],"about":[{"href":"https:\/\/roveyayinevi.com.tr\/index.php\/wp-json\/wp\/v2\/types\/product"}],"wp:attachment":[{"href":"https:\/\/roveyayinevi.com.tr\/index.php\/wp-json\/wp\/v2\/media?parent=694975"}],"wp:term":[{"taxonomy":"product_brand","embeddable":true,"href":"https:\/\/roveyayinevi.com.tr\/index.php\/wp-json\/wp\/v2\/product_brand?post=694975"},{"taxonomy":"product_cat","embeddable":true,"href":"https:\/\/roveyayinevi.com.tr\/index.php\/wp-json\/wp\/v2\/product_cat?post=694975"},{"taxonomy":"product_tag","embeddable":true,"href":"https:\/\/roveyayinevi.com.tr\/index.php\/wp-json\/wp\/v2\/product_tag?post=694975"}],"curies":[{"name":"wp","href":"https:\/\/api.w.org\/{rel}","templated":true}]}}