{"id":694971,"date":"2025-08-27T14:24:46","date_gmt":"2025-08-27T11:24:46","guid":{"rendered":"https:\/\/roveyayinevi.com.tr\/index.php\/urun\/40-ayet-boyama\/"},"modified":"2026-04-16T02:05:00","modified_gmt":"2026-04-15T23:05:00","slug":"40-ayet-boyama","status":"publish","type":"product","link":"https:\/\/roveyayinevi.com.tr\/index.php\/urun\/40-ayet-boyama\/","title":{"rendered":"40 Ayet Boyama"},"content":{"rendered":"<p>De\u011ferli anne-babalar ve e\u011fitimciler, &#8220;Her \u015eeyi Yaratan Allah&#8217;t\u0131r&#8221; ve &#8220;Allah Kimleri Sever?&#8221; isimli iki b\u00f6l\u00fcmden olu\u015fan kitab\u0131m\u0131zla, \u00e7ocuklar hem Kur&#8217;an-\u0131 Kerim&#8217;de yer alan ifadeleri \u00f6\u011frenmi\u015f olacak hem de boyama etkinli\u011fi yapm\u0131\u015f olacaklar. Kur&#8217;ani mesajlarla \u00e7ocuklar\u0131n karakter ve ki\u015filik geli\u015fimine katk\u0131da bulunurken, ayn\u0131 zamanda onlar\u0131n keyifli dakikalar ge\u00e7irmesini istiyorsan\u0131z, i\u015fte bu kitap en b\u00fcy\u00fck yard\u0131mc\u0131n\u0131z olacak.<\/p>\n","protected":false},"excerpt":{"rendered":"<p>De\u011ferli anne-babalar ve e\u011fitimciler, &#8220;Her \u015eeyi Yaratan Allah&#8217;t\u0131r&#8221; ve &#8220;Allah Kimleri Sever?&#8221; isimli iki b\u00f6l\u00fcmden olu\u015fan kitab\u0131m\u0131zla, \u00e7ocuklar hem Kur&#8217;an-\u0131 Kerim&#8217;de yer alan ifadeleri \u00f6\u011frenmi\u015f olacak<span class=\"excerpt-hellip\"> [\u2026]<\/span><\/p>\n","protected":false},"featured_media":0,"template":"","meta":{"_monsterinsights_skip_tracking":false,"_monsterinsights_sitenote_active":false,"_monsterinsights_sitenote_note":"","_monsterinsights_sitenote_category":0},"product_brand":[],"product_cat":[12644,12274],"product_tag":[],"class_list":{"0":"post-694971","1":"product","2":"type-product","3":"status-publish","5":"product_cat-boyama-kitaplari","6":"product_cat-cocuk-ve-genclik-kitaplari","7":"pa_cilt-ciltsiz","8":"pa_tur-kitap","9":"pa_yayinevi-nesil-cocuk-yayinlari","10":"pa_yazar-hayrunnisa-sen","12":"first","13":"instock","14":"sale","15":"shipping-taxable","16":"purchasable","17":"product-type-simple"},"_links":{"self":[{"href":"https:\/\/roveyayinevi.com.tr\/index.php\/wp-json\/wp\/v2\/product\/694971","targetHints":{"allow":["GET"]}}],"collection":[{"href":"https:\/\/roveyayinevi.com.tr\/index.php\/wp-json\/wp\/v2\/product"}],"about":[{"href":"https:\/\/roveyayinevi.com.tr\/index.php\/wp-json\/wp\/v2\/types\/product"}],"wp:attachment":[{"href":"https:\/\/roveyayinevi.com.tr\/index.php\/wp-json\/wp\/v2\/media?parent=694971"}],"wp:term":[{"taxonomy":"product_brand","embeddable":true,"href":"https:\/\/roveyayinevi.com.tr\/index.php\/wp-json\/wp\/v2\/product_brand?post=694971"},{"taxonomy":"product_cat","embeddable":true,"href":"https:\/\/roveyayinevi.com.tr\/index.php\/wp-json\/wp\/v2\/product_cat?post=694971"},{"taxonomy":"product_tag","embeddable":true,"href":"https:\/\/roveyayinevi.com.tr\/index.php\/wp-json\/wp\/v2\/product_tag?post=694971"}],"curies":[{"name":"wp","href":"https:\/\/api.w.org\/{rel}","templated":true}]}}