{"id":694968,"date":"2025-08-27T14:24:45","date_gmt":"2025-08-27T11:24:45","guid":{"rendered":"https:\/\/roveyayinevi.com.tr\/index.php\/urun\/otobus-tostos\/"},"modified":"2026-04-16T02:04:59","modified_gmt":"2026-04-15T23:04:59","slug":"otobus-tostos","status":"publish","type":"product","link":"https:\/\/roveyayinevi.com.tr\/index.php\/urun\/otobus-tostos\/","title":{"rendered":"Otob\u00fcs Tostos"},"content":{"rendered":"<p>Tostos \u015firin mi \u015firin bir otob\u00fcs. Ama bir derdi var. \u015eof\u00f6r tav\u015fan \u015eav\u015fav onu \u00e7ok h\u0131zl\u0131 kullan\u0131yor. Direksiyonu h\u0131zl\u0131 h\u0131zl\u0131 \u00e7eviriyor, derelerden tepelerden \u00e7ok h\u0131zl\u0131 ge\u00e7iyor. Bu da Tostos&#8217;u \u00e7ok yoruyor. Bir g\u00fcn yine Ye\u015fil Orman&#8217;a giderlerken \u015eav\u015fav \u00e7ok h\u0131zl\u0131 kulland\u0131\u011f\u0131 i\u00e7in Tostos art\u0131k gidemez h\u00e2le geliyor ve duruyor. Tostos durunca tav\u015fan \u015eav\u015fav ne yapaca\u011f\u0131n\u0131 bilemiyor. Kaplumba\u011fa Pumpum bir \u015fartla yard\u0131m edece\u011fini s\u00f6yl\u00fcyor. Acaba Pumpum, Tostos&#8217;un derdine derman olabilecek mi? \ufffcTan\u0131t\u0131m Metni<\/p>\n","protected":false},"excerpt":{"rendered":"<p>Tostos \u015firin mi \u015firin bir otob\u00fcs. Ama bir derdi var. \u015eof\u00f6r tav\u015fan \u015eav\u015fav onu \u00e7ok h\u0131zl\u0131 kullan\u0131yor. Direksiyonu h\u0131zl\u0131 h\u0131zl\u0131 \u00e7eviriyor, derelerden tepelerden \u00e7ok h\u0131zl\u0131 ge\u00e7iyor.<span class=\"excerpt-hellip\"> [\u2026]<\/span><\/p>\n","protected":false},"featured_media":0,"template":"","meta":{"_monsterinsights_skip_tracking":false,"_monsterinsights_sitenote_active":false,"_monsterinsights_sitenote_note":"","_monsterinsights_sitenote_category":0},"product_brand":[],"product_cat":[12913,12274],"product_tag":[],"class_list":{"0":"post-694968","1":"product","2":"type-product","3":"status-publish","5":"product_cat-3-6-yas-kitaplari","6":"product_cat-cocuk-ve-genclik-kitaplari","7":"pa_cilt-ciltsiz","8":"pa_tur-kitap","9":"pa_yayinevi-timas-cocuk","10":"pa_yazar-sokuh-gasemnia","12":"first","13":"instock","14":"sale","15":"shipping-taxable","16":"purchasable","17":"product-type-simple"},"_links":{"self":[{"href":"https:\/\/roveyayinevi.com.tr\/index.php\/wp-json\/wp\/v2\/product\/694968","targetHints":{"allow":["GET"]}}],"collection":[{"href":"https:\/\/roveyayinevi.com.tr\/index.php\/wp-json\/wp\/v2\/product"}],"about":[{"href":"https:\/\/roveyayinevi.com.tr\/index.php\/wp-json\/wp\/v2\/types\/product"}],"wp:attachment":[{"href":"https:\/\/roveyayinevi.com.tr\/index.php\/wp-json\/wp\/v2\/media?parent=694968"}],"wp:term":[{"taxonomy":"product_brand","embeddable":true,"href":"https:\/\/roveyayinevi.com.tr\/index.php\/wp-json\/wp\/v2\/product_brand?post=694968"},{"taxonomy":"product_cat","embeddable":true,"href":"https:\/\/roveyayinevi.com.tr\/index.php\/wp-json\/wp\/v2\/product_cat?post=694968"},{"taxonomy":"product_tag","embeddable":true,"href":"https:\/\/roveyayinevi.com.tr\/index.php\/wp-json\/wp\/v2\/product_tag?post=694968"}],"curies":[{"name":"wp","href":"https:\/\/api.w.org\/{rel}","templated":true}]}}