{"id":694959,"date":"2025-08-27T14:24:43","date_gmt":"2025-08-27T11:24:43","guid":{"rendered":"https:\/\/roveyayinevi.com.tr\/index.php\/urun\/reddediyorum\/"},"modified":"2026-04-16T02:04:59","modified_gmt":"2026-04-15T23:04:59","slug":"reddediyorum","status":"publish","type":"product","link":"https:\/\/roveyayinevi.com.tr\/index.php\/urun\/reddediyorum\/","title":{"rendered":"Reddediyorum"},"content":{"rendered":"<p>Metis Edebiyat`ta daha \u00f6nce yay\u0131mlad\u0131\u011f\u0131m\u0131z At \u00c7almaya Gidiyoruz ve Lanet Olsun Zaman Nehrine`nin ard\u0131ndan Norve\u00e7li yazardan yine \u00e7ok sevece\u011finiz bir roman.\u00c7ocukluk arkada\u015f\u0131 olan Tommy ve Jim, 35 y\u0131l sonra tesad\u00fcfen kar\u015f\u0131la\u015f\u0131rlar. Birbirlerini son g\u00f6rd\u00fcklerinde Tommy`nin annesi onlar\u0131 terk etmi\u015f, baba daya\u011f\u0131ndan kurtulmak isteyen Tommy ailenin tamamen da\u011f\u0131lmas\u0131na yol a\u00e7m\u0131\u015ft\u0131r. Dindar annesiyle ya\u015fayan Jim ise e\u011fitimine devam etmi\u015f, sosyalist olmu\u015ftur. \u0130ki gen\u00e7 sars\u0131lmaz g\u00f6r\u00fcnen bir dostlukla ba\u011fl\u0131d\u0131rlar birbirlerine. Ancak bir g\u00fcn ya\u015fad\u0131klar\u0131 g\u00f6r\u00fcn\u00fc\u015fte \u00f6nemsiz bir olay Jim`in bu arkada\u015fl\u0131\u011f\u0131 hak etmedi\u011fi endi\u015fesi duymas\u0131na yol a\u00e7acak, a\u00e7\u0131lan k\u00fc\u00e7\u00fcc\u00fck \u00e7atlak onlar\u0131 y\u0131llar sonra \u00e7ok farkl\u0131 ki\u015filere d\u00f6n\u00fc\u015ft\u00fcren b\u00fcy\u00fck bir yar\u0131\u011fa d\u00f6n\u00fc\u015fecektir.\u0130nsanl\u0131k durumu \u00fczerine, dostluk, \u015fiddet ve y\u0131k\u0131m \u00fczerine, hayat\u0131n yak\u0131c\u0131 sorunlar\u0131 \u00fczerine b\u00fcy\u00fcl\u00fc sadelikle yaz\u0131lm\u0131\u015f harika bir roman&#8230;<\/p>\n","protected":false},"excerpt":{"rendered":"<p>Metis Edebiyat`ta daha \u00f6nce yay\u0131mlad\u0131\u011f\u0131m\u0131z At \u00c7almaya Gidiyoruz ve Lanet Olsun Zaman Nehrine`nin ard\u0131ndan Norve\u00e7li yazardan yine \u00e7ok sevece\u011finiz bir roman.\u00c7ocukluk arkada\u015f\u0131 olan Tommy ve Jim,<span class=\"excerpt-hellip\"> [\u2026]<\/span><\/p>\n","protected":false},"featured_media":0,"template":"","meta":{"_monsterinsights_skip_tracking":false,"_monsterinsights_sitenote_active":false,"_monsterinsights_sitenote_note":"","_monsterinsights_sitenote_category":0},"product_brand":[],"product_cat":[12291,12866],"product_tag":[],"class_list":{"0":"post-694959","1":"product","2":"type-product","3":"status-publish","5":"product_cat-edebiyat","6":"product_cat-ingiliz-edebiyati","7":"pa_cilt-ciltsiz","8":"pa_tur-kitap","9":"pa_yayinevi-metis-yayinlari","10":"pa_yazar-per-petterson","12":"first","13":"instock","14":"sale","15":"shipping-taxable","16":"purchasable","17":"product-type-simple"},"_links":{"self":[{"href":"https:\/\/roveyayinevi.com.tr\/index.php\/wp-json\/wp\/v2\/product\/694959","targetHints":{"allow":["GET"]}}],"collection":[{"href":"https:\/\/roveyayinevi.com.tr\/index.php\/wp-json\/wp\/v2\/product"}],"about":[{"href":"https:\/\/roveyayinevi.com.tr\/index.php\/wp-json\/wp\/v2\/types\/product"}],"wp:attachment":[{"href":"https:\/\/roveyayinevi.com.tr\/index.php\/wp-json\/wp\/v2\/media?parent=694959"}],"wp:term":[{"taxonomy":"product_brand","embeddable":true,"href":"https:\/\/roveyayinevi.com.tr\/index.php\/wp-json\/wp\/v2\/product_brand?post=694959"},{"taxonomy":"product_cat","embeddable":true,"href":"https:\/\/roveyayinevi.com.tr\/index.php\/wp-json\/wp\/v2\/product_cat?post=694959"},{"taxonomy":"product_tag","embeddable":true,"href":"https:\/\/roveyayinevi.com.tr\/index.php\/wp-json\/wp\/v2\/product_tag?post=694959"}],"curies":[{"name":"wp","href":"https:\/\/api.w.org\/{rel}","templated":true}]}}