{"id":694956,"date":"2025-08-27T14:24:42","date_gmt":"2025-08-27T11:24:42","guid":{"rendered":"https:\/\/roveyayinevi.com.tr\/index.php\/urun\/levent-turkiyeyi-geziyorum-seti-5-kitap-takim-kutulu\/"},"modified":"2026-04-16T02:04:59","modified_gmt":"2026-04-15T23:04:59","slug":"levent-turkiyeyi-geziyorum-seti-5-kitap-takim-kutulu","status":"publish","type":"product","link":"https:\/\/roveyayinevi.com.tr\/index.php\/urun\/levent-turkiyeyi-geziyorum-seti-5-kitap-takim-kutulu\/","title":{"rendered":"Levent T\u00fcrkiye\u2019yi Geziyorum Seti (5 Kitap Tak\u0131m Kutulu)"},"content":{"rendered":"<p>Levent ve tayfas\u0131n\u0131 duymayan, bilmeyen kalmad\u0131. Akl\u0131na esti mi s\u0131n\u0131fa kurba\u011fa getiren, \u00c7in\u2019e t\u00fcnel kazarak gitmeye \u00e7al\u0131\u015fan, mezarl\u0131kta hayalet arayan, gizemli evlere peri ke\u015ffine \u00e7\u0131kan Levent ve tayfas\u0131 bu kez T\u00fcrkiye\u2019yi geziyor. \u0130lk duraklar\u0131 \u00c7anakkale, Pamukkale, Kapadokya, Rize ve Mardin\u2026 Her bir kitapta o \u015fehre ait do\u011fal g\u00fczellikler, tarih\u00ee ge\u00e7mi\u015f, \u00f6ne \u00e7\u0131kan yerler; kimi zaman komik, kimi zaman duygulu maceralar e\u015fli\u011finde anlat\u0131l\u0131yor. Reng\u00e2renk resimlerle de karakterlerin h\u00e2lleri ilk dizideki gibi yine olduk\u00e7a komik sergilenirken mek\u00e2nlar ve yerler de ger\u00e7e\u011fe olduk\u00e7a yak\u0131n yans\u0131t\u0131l\u0131yor. \ufffcTan\u0131t\u0131m Metni<\/p>\n","protected":false},"excerpt":{"rendered":"<p>Levent ve tayfas\u0131n\u0131 duymayan, bilmeyen kalmad\u0131. Akl\u0131na esti mi s\u0131n\u0131fa kurba\u011fa getiren, \u00c7in\u2019e t\u00fcnel kazarak gitmeye \u00e7al\u0131\u015fan, mezarl\u0131kta hayalet arayan, gizemli evlere peri ke\u015ffine \u00e7\u0131kan Levent<span class=\"excerpt-hellip\"> [\u2026]<\/span><\/p>\n","protected":false},"featured_media":0,"template":"","meta":{"_monsterinsights_skip_tracking":false,"_monsterinsights_sitenote_active":false,"_monsterinsights_sitenote_note":"","_monsterinsights_sitenote_category":0},"product_brand":[],"product_cat":[12492,12274],"product_tag":[],"class_list":{"0":"post-694956","1":"product","2":"type-product","3":"status-publish","5":"product_cat-bilmece-bulmaca","6":"product_cat-cocuk-ve-genclik-kitaplari","7":"pa_cilt-set","8":"pa_tur-kitap","9":"pa_yayinevi-timas-cocuk","10":"pa_yazar-mustafa-orakci","12":"first","13":"instock","14":"sale","15":"shipping-taxable","16":"purchasable","17":"product-type-simple"},"_links":{"self":[{"href":"https:\/\/roveyayinevi.com.tr\/index.php\/wp-json\/wp\/v2\/product\/694956","targetHints":{"allow":["GET"]}}],"collection":[{"href":"https:\/\/roveyayinevi.com.tr\/index.php\/wp-json\/wp\/v2\/product"}],"about":[{"href":"https:\/\/roveyayinevi.com.tr\/index.php\/wp-json\/wp\/v2\/types\/product"}],"wp:attachment":[{"href":"https:\/\/roveyayinevi.com.tr\/index.php\/wp-json\/wp\/v2\/media?parent=694956"}],"wp:term":[{"taxonomy":"product_brand","embeddable":true,"href":"https:\/\/roveyayinevi.com.tr\/index.php\/wp-json\/wp\/v2\/product_brand?post=694956"},{"taxonomy":"product_cat","embeddable":true,"href":"https:\/\/roveyayinevi.com.tr\/index.php\/wp-json\/wp\/v2\/product_cat?post=694956"},{"taxonomy":"product_tag","embeddable":true,"href":"https:\/\/roveyayinevi.com.tr\/index.php\/wp-json\/wp\/v2\/product_tag?post=694956"}],"curies":[{"name":"wp","href":"https:\/\/api.w.org\/{rel}","templated":true}]}}