{"id":694954,"date":"2025-08-27T14:24:41","date_gmt":"2025-08-27T11:24:41","guid":{"rendered":"https:\/\/roveyayinevi.com.tr\/index.php\/urun\/yabancilasma-2\/"},"modified":"2026-04-16T02:04:59","modified_gmt":"2026-04-15T23:04:59","slug":"yabancilasma-2","status":"publish","type":"product","link":"https:\/\/roveyayinevi.com.tr\/index.php\/urun\/yabancilasma-2\/","title":{"rendered":"Yabanc\u0131la\u015fma"},"content":{"rendered":"<p>Marx&#8217;\u0131n &#8220;yabanc\u0131la\u015fma&#8221; ile ilgili metinlerinden haz\u0131rlanan bu derleme, okura, Marx&#8217;\u0131n Yahudi Sorunu gibi gen\u00e7lik d\u00f6nemi \u00fcr\u00fcnlerinden ba\u015flayarak Kapital gibi olgunluk d\u00f6nemi yap\u0131tlar\u0131na kadar kronolojik olarak, marksist d\u00fc\u015f\u00fcncenin bu temel kavram\u0131n\u0131n izini s\u00fcrme olana\u011f\u0131 sa\u011fl\u0131yor.Marx, 1843 sonbahar\u0131nda, bu derlemenin ba\u015flang\u0131c\u0131nda iki k\u0131sa b\u00f6l\u00fcmle yeralan Yahudi Sorunu&#8217;nu ve Hegel&#8217;in Hukuk Felsefesinin Ele\u015ftirisine Katk\u0131. Giri\u015f&#8217;i yazd\u0131\u011f\u0131nda hen\u00fcz 25 ya\u015f\u0131ndayd\u0131. Bu iki yaz\u0131 1844 ba\u015f\u0131nda Frans\u0131z-Alman Y\u0131ll\u0131klar\u0131&#8217;n\u0131n ilk ve son say\u0131s\u0131nda okurla bulu\u015ftu ama \u2014daha sonra &#8220;Yabanc\u0131la\u015fm\u0131\u015f Emek&#8221; ba\u015fl\u0131\u011f\u0131yla an\u0131lan yakla\u015f\u0131k 15 sayfal\u0131k bir b\u00f6l\u00fcm\u00fcn yan\u0131s\u0131ra &#8220;yabanc\u0131la\u015fma&#8221; kavram\u0131n\u0131n s\u0131k s\u0131k yerald\u0131\u011f\u0131\u2014 1844 Elyazmalar\u0131 (ve Alman \u0130deolojisi) gibi \u2014Marx&#8217;\u0131n ge\u00e7 d\u00f6nem \u00fcr\u00fcn\u00fc olmakla birlikte &#8220;yabanc\u0131la\u015fma&#8221;n\u0131n yayg\u0131n olarak kullan\u0131ld\u0131\u011f\u0131\u2014 Grundrisse (ve Art\u0131-De\u011fer Teorileri) de Marx&#8217;\u0131n sa\u011fl\u0131\u011f\u0131nda yay\u0131nlanmad\u0131. Oysa Marx&#8217;\u0131n bu yap\u0131tlar\u0131 g\u00f6zard\u0131 edilirse, &#8220;yabanc\u0131la\u015fma&#8221;n\u0131n ya birer kez ge\u00e7ti\u011fi (Yahudi Sorunu ve Hegel&#8217;in Hukuk Felsefesinin Ele\u015ftirisine Katk\u0131. Giri\u015f), ya da\u011f\u0131n\u0131k halde bulundu\u011fu (Kutsal Aile), ya da &#8220;yabanc\u0131la\u015fma&#8221; s\u00f6zc\u00fc\u011f\u00fcn\u00fcn kullan\u0131lmad\u0131\u011f\u0131 (Kapital, Birinci Cilt, &#8220;Metalar\u0131n Feti\u015fizmi&#8221;) b\u00f6l\u00fcmlerinden yola \u00e7\u0131karak, ne anlaml\u0131 bir iz s\u00fcrme olana\u011f\u0131 vard\u0131, ne de yabanc\u0131la\u015fma kavram\u0131n\u0131n Marx&#8217;\u0131n d\u00fc\u015f\u00fcncesinde ta\u015f\u0131d\u0131\u011f\u0131 \u00f6nem sa\u011fl\u0131kl\u0131 olarak saptanabilirdi. <\/p>\n","protected":false},"excerpt":{"rendered":"<p>Marx&#8217;\u0131n &#8220;yabanc\u0131la\u015fma&#8221; ile ilgili metinlerinden haz\u0131rlanan bu derleme, okura, Marx&#8217;\u0131n Yahudi Sorunu gibi gen\u00e7lik d\u00f6nemi \u00fcr\u00fcnlerinden ba\u015flayarak Kapital gibi olgunluk d\u00f6nemi yap\u0131tlar\u0131na kadar kronolojik olarak, marksist<span class=\"excerpt-hellip\"> [\u2026]<\/span><\/p>\n","protected":false},"featured_media":0,"template":"","meta":{"_monsterinsights_skip_tracking":false,"_monsterinsights_sitenote_active":false,"_monsterinsights_sitenote_note":"","_monsterinsights_sitenote_category":0},"product_brand":[],"product_cat":[12965,12337],"product_tag":[],"class_list":{"0":"post-694954","1":"product","2":"type-product","3":"status-publish","5":"product_cat-genel-politika","6":"product_cat-politika-siyaset","7":"pa_cilt-ciltsiz","8":"pa_tur-kitap","9":"pa_yayinevi-sol-yayinlari","10":"pa_yazar-karl-marx","12":"first","13":"instock","14":"sale","15":"shipping-taxable","16":"purchasable","17":"product-type-simple"},"_links":{"self":[{"href":"https:\/\/roveyayinevi.com.tr\/index.php\/wp-json\/wp\/v2\/product\/694954","targetHints":{"allow":["GET"]}}],"collection":[{"href":"https:\/\/roveyayinevi.com.tr\/index.php\/wp-json\/wp\/v2\/product"}],"about":[{"href":"https:\/\/roveyayinevi.com.tr\/index.php\/wp-json\/wp\/v2\/types\/product"}],"wp:attachment":[{"href":"https:\/\/roveyayinevi.com.tr\/index.php\/wp-json\/wp\/v2\/media?parent=694954"}],"wp:term":[{"taxonomy":"product_brand","embeddable":true,"href":"https:\/\/roveyayinevi.com.tr\/index.php\/wp-json\/wp\/v2\/product_brand?post=694954"},{"taxonomy":"product_cat","embeddable":true,"href":"https:\/\/roveyayinevi.com.tr\/index.php\/wp-json\/wp\/v2\/product_cat?post=694954"},{"taxonomy":"product_tag","embeddable":true,"href":"https:\/\/roveyayinevi.com.tr\/index.php\/wp-json\/wp\/v2\/product_tag?post=694954"}],"curies":[{"name":"wp","href":"https:\/\/api.w.org\/{rel}","templated":true}]}}