{"id":694953,"date":"2025-08-27T14:24:41","date_gmt":"2025-08-27T11:24:41","guid":{"rendered":"https:\/\/roveyayinevi.com.tr\/index.php\/urun\/utopik-sosyalizm-ve-bilimsel-sosyalizm\/"},"modified":"2026-04-16T02:04:59","modified_gmt":"2026-04-15T23:04:59","slug":"utopik-sosyalizm-ve-bilimsel-sosyalizm","status":"publish","type":"product","link":"https:\/\/roveyayinevi.com.tr\/index.php\/urun\/utopik-sosyalizm-ve-bilimsel-sosyalizm\/","title":{"rendered":"\u00dctopik Sosyalizm ve Bilimsel Sosyalizm"},"content":{"rendered":"<p>Friedrich Engels&#8217;in Socialisme utopique et socialisme scientifique (\u0130lk kez 1880&#8217;de Paris&#8217;te Frans\u0131zca olarak yay\u0131nland\u0131) adl\u0131 yap\u0131t\u0131, Frans\u0131zca (Socialisme utopique et socialisme scientifique, Editions Sociales, Paris 1969),\u0130ngilizce (Socialism: Utopian and Scientific, Progress Publishers, Moscow 1978) ve Almanca (Die Entwicklung des Sozialismus von der Utopie zur Wissenschaft, Dietz Verlag, Berlin 1973) bask\u0131lardan yararlan\u0131larak Sol Yay\u0131nlar\u0131 \u00c7eviri Kurulu taraf\u0131ndan t\u00fcrk\u00e7ele\u015ftirildi ve kitap\u00dctopik Sosyalizm ve Bilimsel Sosyalizm ad\u0131 ile Sol Yay\u0131nlar\u0131 taraf\u0131ndan Eyl\u00fcl 2012 (Birinci Bask\u0131: Kas\u0131m 1970; \u0130kinci Bask\u0131: Kas\u0131m 1974; \u00dc\u00e7\u00fcnc\u00fc Bask\u0131: Ekim 1975; D\u00f6rd\u00fcnc\u00fc Bask\u0131: Ekim 1977; Be\u015finci Bask\u0131: A\u011fustos 1978; Alt\u0131nc\u0131 Bask\u0131: Mart 1990; Yedinci Bask\u0131: Eyl\u00fcl 1993; Sekizinci Bask\u0131: Kas\u0131m 1998; Dokuzuncu Bask\u0131: Eyl\u00fcl 2004; Onuncu Bask\u0131: Ekim 2008) tarihinde, Ankara&#8217;da \u015eahin Matbaas\u0131&#8217;nda bast\u0131r\u0131ld\u0131. \ufffcTan\u0131t\u0131m Metni<\/p>\n","protected":false},"excerpt":{"rendered":"<p>Friedrich Engels&#8217;in Socialisme utopique et socialisme scientifique (\u0130lk kez 1880&#8217;de Paris&#8217;te Frans\u0131zca olarak yay\u0131nland\u0131) adl\u0131 yap\u0131t\u0131, Frans\u0131zca (Socialisme utopique et socialisme scientifique, Editions Sociales, Paris 1969),\u0130ngilizce<span class=\"excerpt-hellip\"> [\u2026]<\/span><\/p>\n","protected":false},"featured_media":0,"template":"","meta":{"_monsterinsights_skip_tracking":false,"_monsterinsights_sitenote_active":false,"_monsterinsights_sitenote_note":"","_monsterinsights_sitenote_category":0},"product_brand":[],"product_cat":[19460,13527],"product_tag":[],"class_list":{"0":"post-694953","1":"product","2":"type-product","3":"status-publish","5":"product_cat-felsefe-sureli-yayinlar","6":"product_cat-sureli-yayinlar","7":"pa_cilt-ciltsiz","8":"pa_tur-kitap","9":"pa_yayinevi-sol-yayinlari","10":"pa_yazar-friedrich-engels","12":"first","13":"instock","14":"sale","15":"shipping-taxable","16":"purchasable","17":"product-type-simple"},"_links":{"self":[{"href":"https:\/\/roveyayinevi.com.tr\/index.php\/wp-json\/wp\/v2\/product\/694953","targetHints":{"allow":["GET"]}}],"collection":[{"href":"https:\/\/roveyayinevi.com.tr\/index.php\/wp-json\/wp\/v2\/product"}],"about":[{"href":"https:\/\/roveyayinevi.com.tr\/index.php\/wp-json\/wp\/v2\/types\/product"}],"wp:attachment":[{"href":"https:\/\/roveyayinevi.com.tr\/index.php\/wp-json\/wp\/v2\/media?parent=694953"}],"wp:term":[{"taxonomy":"product_brand","embeddable":true,"href":"https:\/\/roveyayinevi.com.tr\/index.php\/wp-json\/wp\/v2\/product_brand?post=694953"},{"taxonomy":"product_cat","embeddable":true,"href":"https:\/\/roveyayinevi.com.tr\/index.php\/wp-json\/wp\/v2\/product_cat?post=694953"},{"taxonomy":"product_tag","embeddable":true,"href":"https:\/\/roveyayinevi.com.tr\/index.php\/wp-json\/wp\/v2\/product_tag?post=694953"}],"curies":[{"name":"wp","href":"https:\/\/api.w.org\/{rel}","templated":true}]}}