{"id":694942,"date":"2025-08-27T14:24:39","date_gmt":"2025-08-27T11:24:39","guid":{"rendered":"https:\/\/roveyayinevi.com.tr\/index.php\/urun\/piri-reisle-bir-gun\/"},"modified":"2026-04-16T02:04:59","modified_gmt":"2026-04-15T23:04:59","slug":"piri-reisle-bir-gun","status":"publish","type":"product","link":"https:\/\/roveyayinevi.com.tr\/index.php\/urun\/piri-reisle-bir-gun\/","title":{"rendered":"Piri Reis\u2019le Bir G\u00fcn"},"content":{"rendered":"<p>\u00dcnl\u00fclerle Bir G\u00fcn serisi sizi hi\u00e7 unutamayaca\u011f\u0131n\u0131z bir maceraya davet ediyor&#8230; Zamanda yolculuk yap\u0131p ge\u00e7mi\u015fte ya\u015fam\u0131\u015f \u00fcnl\u00fclerle tan\u0131\u015fmay\u0131 hayal ettiniz mi hi\u00e7? Sizi bilmiyoruz ama kitaplar\u0131m\u0131z\u0131n kahraman\u0131 Murat\u2019\u0131n b\u00f6yle bir hayali vard\u0131. Bir g\u00fcn bir g\u00fcvercin ona bir anahtar getirdi. O g\u00fcnden sonra Murat, bu anahtar sayesinde ge\u00e7mi\u015fe gidip istedi\u011fi \u00fcnl\u00fclerle tan\u0131\u015ft\u0131. Onlarla unutamayaca\u011f\u0131 bir g\u00fcn ge\u00e7irdi&#8230; Padi\u015fah, gezgin, doktor, yazar, \u015fair, d\u00fc\u015f\u00fcn\u00fcr, mimar, co\u011frafyac\u0131, denizci, mucit&#8230; Ge\u00e7mi\u015fte \u00e7ok \u00f6nemli i\u015fler ba\u015farm\u0131\u015f bu b\u00fcy\u00fck ki\u015fileri Murat\u2019la birlikte tan\u0131mak \u00e7ok e\u011flenceli olacak. Maceraya haz\u0131r m\u0131s\u0131n\u0131z? Piri Reis\u2019le ilk d\u00fcnya haritas\u0131n\u0131 \u00e7izecek, Yunus Emre ve Mevlana ile t\u00fcm evreni sevecek, Mehmet Akif\u2019le istiklal mar\u015f\u0131m\u0131z\u0131 yazacaks\u0131n\u0131z&#8230; Bunlarla kalmay\u0131p Fatih\u2019le \u0130stanbul\u2019u fethedecek, Barbaros\u2019la denizlere a\u00e7\u0131lacak, Mimar Sinan\u2019la e\u015fsiz eserler in\u015fa edeceksiniz. Evliya \u00c7elebi\u2019yle \u00fclke \u00fclke gezecek, \u0130bn-i Sina ile \u015fifa da\u011f\u0131tacak, Hezarfen\u2019le ku\u015f gibi u\u00e7acaks\u0131n\u0131z! Bu f\u0131rsat\u0131 ka\u00e7\u0131rmay\u0131n! Sonra sak\u0131n a\u011flamay\u0131n: Piri Reis\u2019le Bir G\u00fcn kitab\u0131n\u0131 okuyan, * Problemleri \u00e7\u00f6zmek i\u00e7in ak\u0131l y\u00fcr\u00fct\u00fcr. * \u00d6\u011fretilen bilgilerin \u00f6nemini kavrar. * Yard\u0131mla\u015fman\u0131n yarar\u0131n\u0131 fark eder. * Bilgi ve tecr\u00fcbelerini payla\u015fmay\u0131 \u00f6\u011frenir. * \u0130nsanl\u0131\u011fa hizmet etmi\u015f ki\u015filerin hayatlar\u0131n\u0131 ara\u015ft\u0131rma al\u0131\u015fkanl\u0131\u011f\u0131 geli\u015ftirir. * Y\u00f6n bulmada kullan\u0131lan \u00e7e\u015fitli y\u00f6ntemleri ve ara\u00e7lar\u0131 merak eder ve ara\u015ft\u0131r\u0131r. <\/p>\n","protected":false},"excerpt":{"rendered":"<p>\u00dcnl\u00fclerle Bir G\u00fcn serisi sizi hi\u00e7 unutamayaca\u011f\u0131n\u0131z bir maceraya davet ediyor&#8230; Zamanda yolculuk yap\u0131p ge\u00e7mi\u015fte ya\u015fam\u0131\u015f \u00fcnl\u00fclerle tan\u0131\u015fmay\u0131 hayal ettiniz mi hi\u00e7? Sizi bilmiyoruz ama kitaplar\u0131m\u0131z\u0131n<span class=\"excerpt-hellip\"> [\u2026]<\/span><\/p>\n","protected":false},"featured_media":0,"template":"","meta":{"_monsterinsights_skip_tracking":false,"_monsterinsights_sitenote_active":false,"_monsterinsights_sitenote_note":"","_monsterinsights_sitenote_category":0},"product_brand":[],"product_cat":[12275,12274],"product_tag":[],"class_list":{"0":"post-694942","1":"product","2":"type-product","3":"status-publish","5":"product_cat-6-12-yas-kitaplari","6":"product_cat-cocuk-ve-genclik-kitaplari","7":"pa_cilt-ciltsiz","8":"pa_tur-kitap","9":"pa_yayinevi-timas-cocuk","10":"pa_yazar-mustafa-orakci","12":"first","13":"instock","14":"sale","15":"shipping-taxable","16":"purchasable","17":"product-type-simple"},"_links":{"self":[{"href":"https:\/\/roveyayinevi.com.tr\/index.php\/wp-json\/wp\/v2\/product\/694942","targetHints":{"allow":["GET"]}}],"collection":[{"href":"https:\/\/roveyayinevi.com.tr\/index.php\/wp-json\/wp\/v2\/product"}],"about":[{"href":"https:\/\/roveyayinevi.com.tr\/index.php\/wp-json\/wp\/v2\/types\/product"}],"wp:attachment":[{"href":"https:\/\/roveyayinevi.com.tr\/index.php\/wp-json\/wp\/v2\/media?parent=694942"}],"wp:term":[{"taxonomy":"product_brand","embeddable":true,"href":"https:\/\/roveyayinevi.com.tr\/index.php\/wp-json\/wp\/v2\/product_brand?post=694942"},{"taxonomy":"product_cat","embeddable":true,"href":"https:\/\/roveyayinevi.com.tr\/index.php\/wp-json\/wp\/v2\/product_cat?post=694942"},{"taxonomy":"product_tag","embeddable":true,"href":"https:\/\/roveyayinevi.com.tr\/index.php\/wp-json\/wp\/v2\/product_tag?post=694942"}],"curies":[{"name":"wp","href":"https:\/\/api.w.org\/{rel}","templated":true}]}}