{"id":694932,"date":"2025-08-27T14:24:36","date_gmt":"2025-08-27T11:24:36","guid":{"rendered":"https:\/\/roveyayinevi.com.tr\/index.php\/urun\/kapital-1-cilt\/"},"modified":"2026-04-16T02:04:59","modified_gmt":"2026-04-15T23:04:59","slug":"kapital-1-cilt","status":"publish","type":"product","link":"https:\/\/roveyayinevi.com.tr\/index.php\/urun\/kapital-1-cilt\/","title":{"rendered":"Kapital 1. Cilt"},"content":{"rendered":"<p>Bu d\u00f6n\u00fc\u015f\u00fcm s\u00fcrecinin b\u00fct\u00fcn avantajlar\u0131n\u0131 s\u00f6m\u00fcren ve tekellerine alan b\u00fcy\u00fck sermaye sahiplerinin say\u0131lar\u0131ndaki s\u00fcrekli azalmayla birlikte, sefalet, bask\u0131, k\u00f6lelik, soysuzla\u015fma, s\u00f6m\u00fcr\u00fc de alabildi\u011fine artar; ama gene bununla birlikte, say\u0131lar\u0131 s\u00fcrekli artan, kapitalist \u00fcretim s\u00fcrecinin kendi mekanizmas\u0131 ile e\u011fitilen, birle\u015ftirilen ve \u00f6rg\u00fctlenen i\u015f\u00e7i s\u0131n\u0131f\u0131n\u0131n ba\u015fkald\u0131rmalar\u0131 da geni\u015fler, yayg\u0131nla\u015f\u0131r. Sermaye tekeli, kendisiyle birlikte ve kendi egemenli\u011fi alt\u0131nda f\u0131\u015fk\u0131r\u0131p boy atan \u00fcretim tarz\u0131n\u0131n ayakba\u011f\u0131 olur. \u00dcretim ara\u00e7lar\u0131n\u0131n merkezile\u015fmesi ve eme\u011fin toplumsalla\u015fmas\u0131, en sonunda, bunlar\u0131n kapitalist kabuklar\u0131yla ba\u011fda\u015famad\u0131klar\u0131 bir noktaya ula\u015f\u0131r. B\u00f6ylece kabuk par\u00e7alan\u0131r. Kapitalist \u00f6zel m\u00fclkiyetin \u00e7an\u0131 \u00e7alm\u0131\u015ft\u0131r. M\u00fclks\u00fczle\u015ftirenler m\u00fclks\u00fczle\u015ftirilirler. <\/p>\n","protected":false},"excerpt":{"rendered":"<p>Bu d\u00f6n\u00fc\u015f\u00fcm s\u00fcrecinin b\u00fct\u00fcn avantajlar\u0131n\u0131 s\u00f6m\u00fcren ve tekellerine alan b\u00fcy\u00fck sermaye sahiplerinin say\u0131lar\u0131ndaki s\u00fcrekli azalmayla birlikte, sefalet, bask\u0131, k\u00f6lelik, soysuzla\u015fma, s\u00f6m\u00fcr\u00fc de alabildi\u011fine artar; ama gene<span class=\"excerpt-hellip\"> [\u2026]<\/span><\/p>\n","protected":false},"featured_media":0,"template":"","meta":{"_monsterinsights_skip_tracking":false,"_monsterinsights_sitenote_active":false,"_monsterinsights_sitenote_note":"","_monsterinsights_sitenote_category":0},"product_brand":[],"product_cat":[12965,12337],"product_tag":[],"class_list":{"0":"post-694932","1":"product","2":"type-product","3":"status-publish","5":"product_cat-genel-politika","6":"product_cat-politika-siyaset","7":"pa_cilt-ciltsiz","8":"pa_tur-kitap","9":"pa_yayinevi-sol-yayinlari","10":"pa_yazar-karl-marx","12":"first","13":"instock","14":"sale","15":"shipping-taxable","16":"purchasable","17":"product-type-simple"},"_links":{"self":[{"href":"https:\/\/roveyayinevi.com.tr\/index.php\/wp-json\/wp\/v2\/product\/694932","targetHints":{"allow":["GET"]}}],"collection":[{"href":"https:\/\/roveyayinevi.com.tr\/index.php\/wp-json\/wp\/v2\/product"}],"about":[{"href":"https:\/\/roveyayinevi.com.tr\/index.php\/wp-json\/wp\/v2\/types\/product"}],"wp:attachment":[{"href":"https:\/\/roveyayinevi.com.tr\/index.php\/wp-json\/wp\/v2\/media?parent=694932"}],"wp:term":[{"taxonomy":"product_brand","embeddable":true,"href":"https:\/\/roveyayinevi.com.tr\/index.php\/wp-json\/wp\/v2\/product_brand?post=694932"},{"taxonomy":"product_cat","embeddable":true,"href":"https:\/\/roveyayinevi.com.tr\/index.php\/wp-json\/wp\/v2\/product_cat?post=694932"},{"taxonomy":"product_tag","embeddable":true,"href":"https:\/\/roveyayinevi.com.tr\/index.php\/wp-json\/wp\/v2\/product_tag?post=694932"}],"curies":[{"name":"wp","href":"https:\/\/api.w.org\/{rel}","templated":true}]}}