{"id":694930,"date":"2025-08-27T14:24:36","date_gmt":"2025-08-27T11:24:36","guid":{"rendered":"https:\/\/roveyayinevi.com.tr\/index.php\/urun\/yol-ver-deniz\/"},"modified":"2026-04-16T02:04:58","modified_gmt":"2026-04-15T23:04:58","slug":"yol-ver-deniz","status":"publish","type":"product","link":"https:\/\/roveyayinevi.com.tr\/index.php\/urun\/yol-ver-deniz\/","title":{"rendered":"Yol Ver Deniz"},"content":{"rendered":"<p>Do\u011fa tutkunu \u00e7ocuklar! Denizi, bal\u0131klar\u0131, bal\u0131k\u00e7\u0131lar\u0131, deniz insanlar\u0131n\u0131n ser\u00fcvenlerini ilgin\u00e7 buluyorsan\u0131z Yol Ver Deniz&#8217;i okumal\u0131s\u0131n\u0131z.Halikarnas Bal\u0131k\u00e7\u0131s\u0131&#8217;n\u0131n b\u00fcy\u00fck bir ustal\u0131kla kaleme ald\u0131\u011f\u0131 \u00f6yk\u00fclerden derlenerek haz\u0131rlanan Yol Ver Deniz, keyifle okunacak bir kitap. Tamam\u0131 birinci hamur k\u00e2\u011f\u0131da bas\u0131l\u0131 bu eseri Cavit Yaren resimledi.Kitapta yer alan \u00f6yk\u00fcler:A\u00e7\u0131kl\u0131klar YolcusuGen\u00e7lik DenizlerindeCankurtaran An\u0131rt\u0131!Yol Ver Deniz, Gemici Geliyor!Bal\u0131k Fato\u015f\u00d6l\u00fcler \u0130niYolcuDenizli HorozuBarba VangelBir Damla<\/p>\n","protected":false},"excerpt":{"rendered":"<p>Do\u011fa tutkunu \u00e7ocuklar! Denizi, bal\u0131klar\u0131, bal\u0131k\u00e7\u0131lar\u0131, deniz insanlar\u0131n\u0131n ser\u00fcvenlerini ilgin\u00e7 buluyorsan\u0131z Yol Ver Deniz&#8217;i okumal\u0131s\u0131n\u0131z.Halikarnas Bal\u0131k\u00e7\u0131s\u0131&#8217;n\u0131n b\u00fcy\u00fck bir ustal\u0131kla kaleme ald\u0131\u011f\u0131 \u00f6yk\u00fclerden derlenerek haz\u0131rlanan Yol Ver<span class=\"excerpt-hellip\"> [\u2026]<\/span><\/p>\n","protected":false},"featured_media":0,"template":"","meta":{"_monsterinsights_skip_tracking":false,"_monsterinsights_sitenote_active":false,"_monsterinsights_sitenote_note":"","_monsterinsights_sitenote_category":0},"product_brand":[],"product_cat":[12275,12274],"product_tag":[],"class_list":{"0":"post-694930","1":"product","2":"type-product","3":"status-publish","5":"product_cat-6-12-yas-kitaplari","6":"product_cat-cocuk-ve-genclik-kitaplari","7":"pa_cilt-ciltsiz","8":"pa_tur-kitap","9":"pa_yayinevi-bilgi-yayinevi-cocuk","10":"pa_yazar-cevat-sakir-kabaagacli-halikarnas-balikcisi","12":"first","13":"instock","14":"sale","15":"shipping-taxable","16":"purchasable","17":"product-type-simple"},"_links":{"self":[{"href":"https:\/\/roveyayinevi.com.tr\/index.php\/wp-json\/wp\/v2\/product\/694930","targetHints":{"allow":["GET"]}}],"collection":[{"href":"https:\/\/roveyayinevi.com.tr\/index.php\/wp-json\/wp\/v2\/product"}],"about":[{"href":"https:\/\/roveyayinevi.com.tr\/index.php\/wp-json\/wp\/v2\/types\/product"}],"wp:attachment":[{"href":"https:\/\/roveyayinevi.com.tr\/index.php\/wp-json\/wp\/v2\/media?parent=694930"}],"wp:term":[{"taxonomy":"product_brand","embeddable":true,"href":"https:\/\/roveyayinevi.com.tr\/index.php\/wp-json\/wp\/v2\/product_brand?post=694930"},{"taxonomy":"product_cat","embeddable":true,"href":"https:\/\/roveyayinevi.com.tr\/index.php\/wp-json\/wp\/v2\/product_cat?post=694930"},{"taxonomy":"product_tag","embeddable":true,"href":"https:\/\/roveyayinevi.com.tr\/index.php\/wp-json\/wp\/v2\/product_tag?post=694930"}],"curies":[{"name":"wp","href":"https:\/\/api.w.org\/{rel}","templated":true}]}}