{"id":694927,"date":"2025-08-27T14:24:35","date_gmt":"2025-08-27T11:24:35","guid":{"rendered":"https:\/\/roveyayinevi.com.tr\/index.php\/urun\/evrim-bilimi-ve-yaratilis-efsanesi\/"},"modified":"2026-04-16T02:04:58","modified_gmt":"2026-04-15T23:04:58","slug":"evrim-bilimi-ve-yaratilis-efsanesi","status":"publish","type":"product","link":"https:\/\/roveyayinevi.com.tr\/index.php\/urun\/evrim-bilimi-ve-yaratilis-efsanesi\/","title":{"rendered":"Evrim Bilimi ve Yarat\u0131l\u0131\u015f Efsanesi"},"content":{"rendered":"<p>Evrim teorisi hakk\u0131nda merak edilen her \u015fey! G\u00fcn\u00fcm\u00fcz d\u00fcnyas\u0131nda evrim bilimi olmaks\u0131z\u0131n bilimden s\u00f6z edilemezdi. Hem bilimsel bak\u0131\u015f a\u00e7\u0131s\u0131na sahip hem de bilimle hi\u00e7 tan\u0131\u015f\u0131k olmayan okurlara hitap eden anla\u015f\u0131l\u0131r ve ak\u0131c\u0131 bu kitap, evrim bilimi ile ilgili ger\u00e7ekleri detayl\u0131 olarak ele al\u0131yor. Gezegen \u00fczerindeki ya\u015fam\u0131n farkl\u0131la\u015fmas\u0131n\u0131 ve karma\u015f\u0131kl\u0131\u011f\u0131n\u0131 ve insanlar da d\u00e2hil olmak \u00fczere b\u00fct\u00fcn ya\u015fam formlar\u0131n\u0131n nas\u0131l evrimle\u015fti\u011fini inceliyor. Pek \u00e7ok farkl\u0131 alanda kar\u015f\u0131l\u0131kl\u0131 olarak birbirini g\u00fc\u00e7lendiren ve biyolojik evrim teorisini do\u011frulayan kan\u0131tlar\u0131 irdeliyor. Ayn\u0131 zamanda yarat\u0131l\u0131\u015f efsanesini ve &#8220;ak\u0131ll\u0131 tasar\u0131m&#8221; ba\u011fnazl\u0131\u011f\u0131n\u0131n arkas\u0131na gizlenmi\u015f yalanlar\u0131 ayr\u0131nt\u0131l\u0131 olarak ele al\u0131yor. Evrimin, h\u00fck\u00fcmetler taraf\u0131ndan desteklenen radikal dinci gruplar\u0131n e\u015f zamanl\u0131 sald\u0131r\u0131lar\u0131yla kar\u015f\u0131 kar\u015f\u0131ya kald\u0131\u011f\u0131 bir d\u00f6nemde yay\u0131nlanan bu kitap, \u00f6nemli bir ihtiyaca kar\u015f\u0131l\u0131k geliyor. Okur, bu kitab\u0131 okudu\u011funda, evrimin temel ger\u00e7ekleri hakk\u0131nda bir kavray\u0131\u015fa ula\u015facak, bilimin ve bilimsel y\u00f6ntemin do\u011fruyu bulmay\u0131 nas\u0131l m\u00fcmk\u00fcn k\u0131ld\u0131\u011f\u0131n\u0131 anlayacak ve neyin do\u011fru oldu\u011funu bilmenin ni\u00e7in \u00e7ok \u00f6nemli oldu\u011funa dair berrak bir bak\u0131\u015f a\u00e7\u0131s\u0131 edinecektir. &#8220;Bu kitap, genel okuyucuya hitap ediyor ama bilimsel kavramlar\u0131 sunu\u015fundaki mant\u0131k ve do\u011fruluktan da taviz vermiyor. Kulland\u0131\u011f\u0131n\u0131z ders kitab\u0131n\u0131n evrimi anlatmakta yetersiz kald\u0131\u011f\u0131n\u0131 d\u00fc\u015f\u00fcn\u00fcyorsan\u0131z, \u00f6\u011frencilerinize bu kitab\u0131 verin ve kavray\u0131\u015flar\u0131n\u0131n nas\u0131l geli\u015fti\u011fini izleyin.&#8221; -Prof. Dr. Kevin Padian (California \u00dcniversitesi, Berkeley)- &#8220;Bu kitapta \u00e7o\u011fu insan\u0131n ilgisini \u00e7eken t\u00fcm evrimsel konular b\u00fcy\u00fck bir a\u00e7\u0131kl\u0131kla anlat\u0131l\u0131yor. Evrim biliminin anla\u015f\u0131lmas\u0131n\u0131 sa\u011flayan ilgili di\u011fer temel konular, genel okuyucular\u0131n zorluk \u00e7ekmeden okuyabilece\u011fi bir d\u00fczeyde maharetle ve konu\u015fma diliyle yaz\u0131lm\u0131\u015ft\u0131r.&#8221; \ufffcTan\u0131t\u0131m Metni<\/p>\n","protected":false},"excerpt":{"rendered":"<p>Evrim teorisi hakk\u0131nda merak edilen her \u015fey! G\u00fcn\u00fcm\u00fcz d\u00fcnyas\u0131nda evrim bilimi olmaks\u0131z\u0131n bilimden s\u00f6z edilemezdi. Hem bilimsel bak\u0131\u015f a\u00e7\u0131s\u0131na sahip hem de bilimle hi\u00e7 tan\u0131\u015f\u0131k olmayan<span class=\"excerpt-hellip\"> [\u2026]<\/span><\/p>\n","protected":false},"featured_media":0,"template":"","meta":{"_monsterinsights_skip_tracking":false,"_monsterinsights_sitenote_active":false,"_monsterinsights_sitenote_note":"","_monsterinsights_sitenote_category":0},"product_brand":[],"product_cat":[22249,13527],"product_tag":[],"class_list":{"0":"post-694927","1":"product","2":"type-product","3":"status-publish","5":"product_cat-bilim","6":"product_cat-sureli-yayinlar","7":"pa_cilt-ciltsiz","8":"pa_tur-kitap","9":"pa_yayinevi-yordam-kitap","10":"pa_yazar-ardea-skybreak","12":"first","13":"instock","14":"sale","15":"shipping-taxable","16":"purchasable","17":"product-type-simple"},"_links":{"self":[{"href":"https:\/\/roveyayinevi.com.tr\/index.php\/wp-json\/wp\/v2\/product\/694927","targetHints":{"allow":["GET"]}}],"collection":[{"href":"https:\/\/roveyayinevi.com.tr\/index.php\/wp-json\/wp\/v2\/product"}],"about":[{"href":"https:\/\/roveyayinevi.com.tr\/index.php\/wp-json\/wp\/v2\/types\/product"}],"wp:attachment":[{"href":"https:\/\/roveyayinevi.com.tr\/index.php\/wp-json\/wp\/v2\/media?parent=694927"}],"wp:term":[{"taxonomy":"product_brand","embeddable":true,"href":"https:\/\/roveyayinevi.com.tr\/index.php\/wp-json\/wp\/v2\/product_brand?post=694927"},{"taxonomy":"product_cat","embeddable":true,"href":"https:\/\/roveyayinevi.com.tr\/index.php\/wp-json\/wp\/v2\/product_cat?post=694927"},{"taxonomy":"product_tag","embeddable":true,"href":"https:\/\/roveyayinevi.com.tr\/index.php\/wp-json\/wp\/v2\/product_tag?post=694927"}],"curies":[{"name":"wp","href":"https:\/\/api.w.org\/{rel}","templated":true}]}}