{"id":694926,"date":"2025-08-27T14:24:35","date_gmt":"2025-08-27T11:24:35","guid":{"rendered":"https:\/\/roveyayinevi.com.tr\/index.php\/urun\/insan-gelisimi-aile-ve-kultur-farkli-bakis-acilari\/"},"modified":"2026-04-16T02:04:58","modified_gmt":"2026-04-15T23:04:58","slug":"insan-gelisimi-aile-ve-kultur-farkli-bakis-acilari","status":"publish","type":"product","link":"https:\/\/roveyayinevi.com.tr\/index.php\/urun\/insan-gelisimi-aile-ve-kultur-farkli-bakis-acilari\/","title":{"rendered":"\u0130nsan Geli\u015fimi, Aile ve K\u00fclt\u00fcr: Farkl\u0131 Bak\u0131\u015f A\u00e7\u0131lar\u0131"},"content":{"rendered":"<p>\u00c7i\u011fdem Ka\u011f\u0131t\u00e7\u0131ba\u015f\u0131, geli\u015fim psikolojisi ve k\u00fclt\u00fcrel psikoloji alanlar\u0131nda d\u00fcnyan\u0131n \u00f6nde gelen sayg\u0131n psikologlar\u0131 aras\u0131nda yer al\u0131r. Bu kitap, \u00c7i\u011fdem Ka\u011f\u0131t\u00e7\u0131ba\u015f\u0131\u2019n\u0131n katk\u0131lar\u0131n\u0131 anmak ve kendisini onurland\u0131rmak amac\u0131yla haz\u0131rlanm\u0131\u015ft\u0131r. Kitab\u0131n i\u00e7erdi\u011fi makaleler toplumsal psikoloji, geli\u015fim psikolojisi, k\u00fclt\u00fcrel psikoloji ve m\u00fcdahale politikalar\u0131n\u0131 ele almaktad\u0131r. Bu makalelerde, insan davran\u0131\u015flar\u0131n\u0131n hem evrensel yanlar\u0131 hem de ait olduklar\u0131 k\u00fclt\u00fcre mahsus \u00f6zellikleri se\u00e7kin akademisyenler taraf\u0131ndan tart\u0131\u015f\u0131lmaktad\u0131r. Ailedeki de\u011fi\u015fimler sosyok\u00fclt\u00fcrel ba\u011flamda ara\u015ft\u0131r\u0131lmakta ve de\u011fi\u015fimlerin nedenlerini anlamak i\u00e7in farkl\u0131 nesiller incelenmektedir. Alandaki en yeni kuram ve ara\u015ft\u0131rmalara yer veren bu kitap, geli\u015fim psikolojisi ve k\u00fclt\u00fcrler aras\u0131 psikoloji \u00f6\u011frencileri ve ara\u015ft\u0131rmac\u0131lar\u0131 i\u00e7in de\u011ferli ve \u00f6nemli bir kaynak niteli\u011findedir. Sevda Bekman, Bo\u011fazi\u00e7i \u00dcniversitesi \u0130lk\u00f6gretim B\u00f6l\u00fcm\u00fc \u00f6\u011fretim \u00fcyesidir. Ayhan Aksu-Ko\u00e7, Bo\u011fazi\u00e7i \u00dcniversitesi Psikoloji B\u00f6l\u00fcm\u00fc \u00f6\u011fretim \u00fcyesidir. <\/p>\n","protected":false},"excerpt":{"rendered":"<p>\u00c7i\u011fdem Ka\u011f\u0131t\u00e7\u0131ba\u015f\u0131, geli\u015fim psikolojisi ve k\u00fclt\u00fcrel psikoloji alanlar\u0131nda d\u00fcnyan\u0131n \u00f6nde gelen sayg\u0131n psikologlar\u0131 aras\u0131nda yer al\u0131r. Bu kitap, \u00c7i\u011fdem Ka\u011f\u0131t\u00e7\u0131ba\u015f\u0131\u2019n\u0131n katk\u0131lar\u0131n\u0131 anmak ve kendisini onurland\u0131rmak amac\u0131yla<span class=\"excerpt-hellip\"> [\u2026]<\/span><\/p>\n","protected":false},"featured_media":0,"template":"","meta":{"_monsterinsights_skip_tracking":false,"_monsterinsights_sitenote_active":false,"_monsterinsights_sitenote_note":"","_monsterinsights_sitenote_category":0},"product_brand":[],"product_cat":[12358,12357],"product_tag":[],"class_list":{"0":"post-694926","1":"product","2":"type-product","3":"status-publish","5":"product_cat-genel-psikoloji","6":"product_cat-psikoloji","7":"pa_cilt-ciltsiz","8":"pa_tur-kitap","9":"pa_yayinevi-koc-universitesi-yayinlari","10":"pa_yazar-kollektif","12":"first","13":"instock","14":"sale","15":"shipping-taxable","16":"purchasable","17":"product-type-simple"},"_links":{"self":[{"href":"https:\/\/roveyayinevi.com.tr\/index.php\/wp-json\/wp\/v2\/product\/694926","targetHints":{"allow":["GET"]}}],"collection":[{"href":"https:\/\/roveyayinevi.com.tr\/index.php\/wp-json\/wp\/v2\/product"}],"about":[{"href":"https:\/\/roveyayinevi.com.tr\/index.php\/wp-json\/wp\/v2\/types\/product"}],"wp:attachment":[{"href":"https:\/\/roveyayinevi.com.tr\/index.php\/wp-json\/wp\/v2\/media?parent=694926"}],"wp:term":[{"taxonomy":"product_brand","embeddable":true,"href":"https:\/\/roveyayinevi.com.tr\/index.php\/wp-json\/wp\/v2\/product_brand?post=694926"},{"taxonomy":"product_cat","embeddable":true,"href":"https:\/\/roveyayinevi.com.tr\/index.php\/wp-json\/wp\/v2\/product_cat?post=694926"},{"taxonomy":"product_tag","embeddable":true,"href":"https:\/\/roveyayinevi.com.tr\/index.php\/wp-json\/wp\/v2\/product_tag?post=694926"}],"curies":[{"name":"wp","href":"https:\/\/api.w.org\/{rel}","templated":true}]}}