{"id":694925,"date":"2025-08-27T14:24:34","date_gmt":"2025-08-27T11:24:34","guid":{"rendered":"https:\/\/roveyayinevi.com.tr\/index.php\/urun\/cumhuriyetin-hamallari-isciler\/"},"modified":"2026-04-16T02:04:58","modified_gmt":"2026-04-15T23:04:58","slug":"cumhuriyetin-hamallari-isciler","status":"publish","type":"product","link":"https:\/\/roveyayinevi.com.tr\/index.php\/urun\/cumhuriyetin-hamallari-isciler\/","title":{"rendered":"Cumhuriyet\u2019in Hamallar\u0131: \u0130\u015f\u00e7iler"},"content":{"rendered":"<p>Emek tarihi, ne yaz\u0131k ki yeterli ilgi g\u00f6rmemi\u015f   alanlardan   biri. Oysa d\u00fcn\u00fc bilip, bug\u00fcn\u00fc anlay\u0131p, yar\u0131na \u0131\u015f\u0131k tutmak a\u00e7\u0131s\u0131ndan emek tarihinin s\u0131n\u0131f m\u00fccadelesindeki yeri \u00e7ok \u00f6nemlidir. \u00dcniversitelerde \u00e7ok say\u0131da   tarih   ve   \u00e7al\u0131\u015fma ekonomisi   ve   end\u00fcstri ili\u015fkileri   b\u00f6l\u00fcmleri bulunmas\u0131na ra\u011fmen konuya y\u00f6nelik akademik ilginin de \u00e7ok yetersiz oldu\u011fu g\u00f6r\u00fcl\u00fcyor. Bilim d\u00fcnyas\u0131 i\u00e7in olduk\u00e7a bakir olan bu alana y\u00f6nelik ilginin azl\u0131\u011f\u0131n\u0131 anlamak kolay olmasa gerek. Bu ilgisizli\u011fin do\u011frudan sonu\u00e7lar\u0131 kadar vahim olan dolayl\u0131 sonu\u00e7lar\u0131 da bulunmaktad\u0131r. \u0130lgisizlik \u00e7e\u015fitli kurumlar\u0131n ar\u015fivlerinin korunamamas\u0131na yol a\u00e7arak emek tarihinin \u00f6nemli belgelerinin yok olmas\u0131na neden olmu\u015ftur. <\/p>\n","protected":false},"excerpt":{"rendered":"<p>Emek tarihi, ne yaz\u0131k ki yeterli ilgi g\u00f6rmemi\u015f alanlardan biri. Oysa d\u00fcn\u00fc bilip, bug\u00fcn\u00fc anlay\u0131p, yar\u0131na \u0131\u015f\u0131k tutmak a\u00e7\u0131s\u0131ndan emek tarihinin s\u0131n\u0131f m\u00fccadelesindeki yeri \u00e7ok \u00f6nemlidir.<span class=\"excerpt-hellip\"> [\u2026]<\/span><\/p>\n","protected":false},"featured_media":0,"template":"","meta":{"_monsterinsights_skip_tracking":false,"_monsterinsights_sitenote_active":false,"_monsterinsights_sitenote_note":"","_monsterinsights_sitenote_category":0},"product_brand":[],"product_cat":[13278,12324],"product_tag":[],"class_list":{"0":"post-694925","1":"product","2":"type-product","3":"status-publish","5":"product_cat-sivil-toplum-kuruluslari","6":"product_cat-sosyoloji","7":"pa_cilt-ciltsiz","8":"pa_tur-kitap","9":"pa_yayinevi-yordam-kitap","10":"pa_yazar-yuksel-akkaya","12":"first","13":"instock","14":"sale","15":"shipping-taxable","16":"purchasable","17":"product-type-simple"},"_links":{"self":[{"href":"https:\/\/roveyayinevi.com.tr\/index.php\/wp-json\/wp\/v2\/product\/694925","targetHints":{"allow":["GET"]}}],"collection":[{"href":"https:\/\/roveyayinevi.com.tr\/index.php\/wp-json\/wp\/v2\/product"}],"about":[{"href":"https:\/\/roveyayinevi.com.tr\/index.php\/wp-json\/wp\/v2\/types\/product"}],"wp:attachment":[{"href":"https:\/\/roveyayinevi.com.tr\/index.php\/wp-json\/wp\/v2\/media?parent=694925"}],"wp:term":[{"taxonomy":"product_brand","embeddable":true,"href":"https:\/\/roveyayinevi.com.tr\/index.php\/wp-json\/wp\/v2\/product_brand?post=694925"},{"taxonomy":"product_cat","embeddable":true,"href":"https:\/\/roveyayinevi.com.tr\/index.php\/wp-json\/wp\/v2\/product_cat?post=694925"},{"taxonomy":"product_tag","embeddable":true,"href":"https:\/\/roveyayinevi.com.tr\/index.php\/wp-json\/wp\/v2\/product_tag?post=694925"}],"curies":[{"name":"wp","href":"https:\/\/api.w.org\/{rel}","templated":true}]}}